{"id":96,"date":"2016-10-17T11:08:24","date_gmt":"2016-10-17T09:08:24","guid":{"rendered":"http:\/\/www.ailo-art.com\/?page_id=96"},"modified":"2019-09-17T14:24:29","modified_gmt":"2019-09-17T12:24:29","slug":"sortir-du-cadre-9","status":"publish","type":"page","link":"https:\/\/ailo.fr\/en\/sortir-du-cadre-9\/","title":{"rendered":"Out of the Box"},"content":{"rendered":"<p>[et_pb_section fb_built=\u00a0\u00bb1&Prime; admin_label=\u00a0\u00bbsection\u00a0\u00bb _builder_version=\u00a0\u00bb3.22&Prime; background_color=\u00a0\u00bb#ffffff\u00a0\u00bb bb_built=\u00a0\u00bb1&Prime; _i=\u00a0\u00bb0&Prime; _address=\u00a0\u00bb0&Prime;][et_pb_row _builder_version=\u00a0\u00bb3.25&Prime; _i=\u00a0\u00bb0&Prime; _address=\u00a0\u00bb0.0&Prime;][et_pb_column type=\u00a0\u00bb4_4&Prime; _builder_version=\u00a0\u00bb3.0.47&Prime; custom_padding=\u00a0\u00bb|||\u00a0\u00bb custom_padding__hover=\u00a0\u00bb|||\u00a0\u00bb _i=\u00a0\u00bb0&Prime; _address=\u00a0\u00bb0.0.0&Prime;][et_pb_post_title meta=\u00a0\u00bboff\u00a0\u00bb featured_image=\u00a0\u00bboff\u00a0\u00bb _builder_version=\u00a0\u00bb3.27.4&Prime; title_level=\u00a0\u00bbh3&Prime; title_font=\u00a0\u00bb||on|||on|||\u00a0\u00bb title_text_align=\u00a0\u00bbcenter\u00a0\u00bb text_orientation=\u00a0\u00bbcenter\u00a0\u00bb z_index_tablet=\u00a0\u00bb500&Prime; title_text_shadow_horizontal_length_tablet=\u00a0\u00bb0px\u00a0\u00bb title_text_shadow_vertical_length_tablet=\u00a0\u00bb0px\u00a0\u00bb title_text_shadow_blur_strength_tablet=\u00a0\u00bb1px\u00a0\u00bb meta_text_shadow_horizontal_length_tablet=\u00a0\u00bb0px\u00a0\u00bb meta_text_shadow_vertical_length_tablet=\u00a0\u00bb0px\u00a0\u00bb meta_text_shadow_blur_strength_tablet=\u00a0\u00bb1px\u00a0\u00bb box_shadow_horizontal_tablet=\u00a0\u00bb0px\u00a0\u00bb box_shadow_vertical_tablet=\u00a0\u00bb0px\u00a0\u00bb box_shadow_blur_tablet=\u00a0\u00bb40px\u00a0\u00bb box_shadow_spread_tablet=\u00a0\u00bb0px\u00a0\u00bb text_shadow_horizontal_length_tablet=\u00a0\u00bb0px\u00a0\u00bb text_shadow_vertical_length_tablet=\u00a0\u00bb0px\u00a0\u00bb text_shadow_blur_strength_tablet=\u00a0\u00bb1px\u00a0\u00bb _i=\u00a0\u00bb0&Prime; _address=\u00a0\u00bb0.0.0.0&Prime;][\/et_pb_post_title][et_pb_text _builder_version=\u00a0\u00bb3.27.4&Prime; background_size=\u00a0\u00bbinitial\u00a0\u00bb background_position=\u00a0\u00bbtop_left\u00a0\u00bb background_repeat=\u00a0\u00bbrepeat\u00a0\u00bb text_orientation=\u00a0\u00bbcenter\u00a0\u00bb module_alignment=\u00a0\u00bbcenter\u00a0\u00bb use_border_color=\u00a0\u00bboff\u00a0\u00bb _i=\u00a0\u00bb1&Prime; _address=\u00a0\u00bb0.0.0.1&Prime;]<\/p>\n\n\t\t<style type=\"text\/css\">\n\t\t\t#gallery-1 {\n\t\t\t\tmargin: auto;\n\t\t\t}\n\t\t\t#gallery-1 .gallery-item {\n\t\t\t\tfloat: left;\n\t\t\t\tmargin-top: 10px;\n\t\t\t\ttext-align: center;\n\t\t\t\twidth: 33%;\n\t\t\t}\n\t\t\t#gallery-1 img {\n\t\t\t\tborder: 2px solid #cfcfcf;\n\t\t\t}\n\t\t\t#gallery-1 .gallery-caption {\n\t\t\t\tmargin-left: 0;\n\t\t\t}\n\t\t\t\/* see gallery_shortcode() in wp-includes\/media.php *\/\n\t\t<\/style>\n\t\t<div id='gallery-1' class='gallery galleryid-96 gallery-columns-3 gallery-size-large'><dl class='gallery-item'>\n\t\t\t<dt class='gallery-icon portrait'>\n\t\t\t\t<a href='https:\/\/ailo.fr\/wp-content\/uploads\/2016\/10\/Light-vs-Shadow.jpg'><img loading=\"lazy\" decoding=\"async\" width=\"585\" height=\"877\" src=\"https:\/\/ailo.fr\/wp-content\/uploads\/2016\/10\/Light-vs-Shadow.jpg\" class=\"attachment-large size-large\" alt=\"\" srcset=\"https:\/\/ailo.fr\/wp-content\/uploads\/2016\/10\/Light-vs-Shadow.jpg 585w, https:\/\/ailo.fr\/wp-content\/uploads\/2016\/10\/Light-vs-Shadow-200x300.jpg 200w\" sizes=\"(max-width: 585px) 100vw, 585px\" \/><\/a>\n\t\t\t<\/dt><\/dl><dl class='gallery-item'>\n\t\t\t<dt class='gallery-icon portrait'>\n\t\t\t\t<a href='https:\/\/ailo.fr\/wp-content\/uploads\/2016\/10\/Sortir-du-cadre-1.jpg'><img loading=\"lazy\" decoding=\"async\" width=\"585\" height=\"877\" src=\"https:\/\/ailo.fr\/wp-content\/uploads\/2016\/10\/Sortir-du-cadre-1.jpg\" class=\"attachment-large size-large\" alt=\"\" srcset=\"https:\/\/ailo.fr\/wp-content\/uploads\/2016\/10\/Sortir-du-cadre-1.jpg 585w, https:\/\/ailo.fr\/wp-content\/uploads\/2016\/10\/Sortir-du-cadre-1-200x300.jpg 200w\" sizes=\"(max-width: 585px) 100vw, 585px\" \/><\/a>\n\t\t\t<\/dt><\/dl><dl class='gallery-item'>\n\t\t\t<dt class='gallery-icon landscape'>\n\t\t\t\t<a href='https:\/\/ailo.fr\/wp-content\/uploads\/2016\/10\/Sortir-du-cadre-2.jpg'><img loading=\"lazy\" decoding=\"async\" width=\"877\" height=\"585\" src=\"https:\/\/ailo.fr\/wp-content\/uploads\/2016\/10\/Sortir-du-cadre-2.jpg\" class=\"attachment-large size-large\" alt=\"\" srcset=\"https:\/\/ailo.fr\/wp-content\/uploads\/2016\/10\/Sortir-du-cadre-2.jpg 877w, https:\/\/ailo.fr\/wp-content\/uploads\/2016\/10\/Sortir-du-cadre-2-300x200.jpg 300w, https:\/\/ailo.fr\/wp-content\/uploads\/2016\/10\/Sortir-du-cadre-2-768x512.jpg 768w\" sizes=\"(max-width: 877px) 100vw, 877px\" \/><\/a>\n\t\t\t<\/dt><\/dl><br style=\"clear: both\" \/><dl class='gallery-item'>\n\t\t\t<dt class='gallery-icon portrait'>\n\t\t\t\t<a href='https:\/\/ailo.fr\/wp-content\/uploads\/2016\/10\/Sortir-du-cadre-3.jpg'><img loading=\"lazy\" decoding=\"async\" width=\"585\" height=\"877\" src=\"https:\/\/ailo.fr\/wp-content\/uploads\/2016\/10\/Sortir-du-cadre-3.jpg\" class=\"attachment-large size-large\" alt=\"\" srcset=\"https:\/\/ailo.fr\/wp-content\/uploads\/2016\/10\/Sortir-du-cadre-3.jpg 585w, https:\/\/ailo.fr\/wp-content\/uploads\/2016\/10\/Sortir-du-cadre-3-200x300.jpg 200w\" sizes=\"(max-width: 585px) 100vw, 585px\" \/><\/a>\n\t\t\t<\/dt><\/dl><dl class='gallery-item'>\n\t\t\t<dt class='gallery-icon portrait'>\n\t\t\t\t<a href='https:\/\/ailo.fr\/wp-content\/uploads\/2016\/10\/Sortir-du-cadre-4.jpg'><img loading=\"lazy\" decoding=\"async\" width=\"662\" height=\"877\" src=\"https:\/\/ailo.fr\/wp-content\/uploads\/2016\/10\/Sortir-du-cadre-4.jpg\" class=\"attachment-large size-large\" alt=\"\" srcset=\"https:\/\/ailo.fr\/wp-content\/uploads\/2016\/10\/Sortir-du-cadre-4.jpg 662w, https:\/\/ailo.fr\/wp-content\/uploads\/2016\/10\/Sortir-du-cadre-4-226x300.jpg 226w\" sizes=\"(max-width: 662px) 100vw, 662px\" \/><\/a>\n\t\t\t<\/dt><\/dl><dl class='gallery-item'>\n\t\t\t<dt class='gallery-icon landscape'>\n\t\t\t\t<a href='https:\/\/ailo.fr\/wp-content\/uploads\/2016\/10\/Sortir-du-cadre-5.jpg'><img loading=\"lazy\" decoding=\"async\" width=\"877\" height=\"585\" src=\"https:\/\/ailo.fr\/wp-content\/uploads\/2016\/10\/Sortir-du-cadre-5.jpg\" class=\"attachment-large size-large\" alt=\"\" srcset=\"https:\/\/ailo.fr\/wp-content\/uploads\/2016\/10\/Sortir-du-cadre-5.jpg 877w, https:\/\/ailo.fr\/wp-content\/uploads\/2016\/10\/Sortir-du-cadre-5-300x200.jpg 300w, https:\/\/ailo.fr\/wp-content\/uploads\/2016\/10\/Sortir-du-cadre-5-768x512.jpg 768w\" sizes=\"(max-width: 877px) 100vw, 877px\" \/><\/a>\n\t\t\t<\/dt><\/dl><br style=\"clear: both\" \/><dl class='gallery-item'>\n\t\t\t<dt class='gallery-icon landscape'>\n\t\t\t\t<a href='https:\/\/ailo.fr\/wp-content\/uploads\/2016\/10\/Sortir-du-cadre-6.jpg'><img loading=\"lazy\" decoding=\"async\" width=\"877\" height=\"585\" src=\"https:\/\/ailo.fr\/wp-content\/uploads\/2016\/10\/Sortir-du-cadre-6.jpg\" class=\"attachment-large size-large\" alt=\"\" srcset=\"https:\/\/ailo.fr\/wp-content\/uploads\/2016\/10\/Sortir-du-cadre-6.jpg 877w, https:\/\/ailo.fr\/wp-content\/uploads\/2016\/10\/Sortir-du-cadre-6-300x200.jpg 300w, https:\/\/ailo.fr\/wp-content\/uploads\/2016\/10\/Sortir-du-cadre-6-768x512.jpg 768w\" sizes=\"(max-width: 877px) 100vw, 877px\" \/><\/a>\n\t\t\t<\/dt><\/dl><dl class='gallery-item'>\n\t\t\t<dt class='gallery-icon landscape'>\n\t\t\t\t<a href='https:\/\/ailo.fr\/wp-content\/uploads\/2016\/10\/Sortir-du-cadre-7.jpg'><img loading=\"lazy\" decoding=\"async\" width=\"877\" height=\"585\" src=\"https:\/\/ailo.fr\/wp-content\/uploads\/2016\/10\/Sortir-du-cadre-7.jpg\" class=\"attachment-large size-large\" alt=\"\" srcset=\"https:\/\/ailo.fr\/wp-content\/uploads\/2016\/10\/Sortir-du-cadre-7.jpg 877w, https:\/\/ailo.fr\/wp-content\/uploads\/2016\/10\/Sortir-du-cadre-7-300x200.jpg 300w, https:\/\/ailo.fr\/wp-content\/uploads\/2016\/10\/Sortir-du-cadre-7-768x512.jpg 768w\" sizes=\"(max-width: 877px) 100vw, 877px\" \/><\/a>\n\t\t\t<\/dt><\/dl><dl class='gallery-item'>\n\t\t\t<dt class='gallery-icon landscape'>\n\t\t\t\t<a href='https:\/\/ailo.fr\/wp-content\/uploads\/2016\/10\/Sortir-du-cadre-8.jpg'><img loading=\"lazy\" decoding=\"async\" width=\"877\" height=\"585\" src=\"https:\/\/ailo.fr\/wp-content\/uploads\/2016\/10\/Sortir-du-cadre-8.jpg\" class=\"attachment-large size-large\" alt=\"\" srcset=\"https:\/\/ailo.fr\/wp-content\/uploads\/2016\/10\/Sortir-du-cadre-8.jpg 877w, https:\/\/ailo.fr\/wp-content\/uploads\/2016\/10\/Sortir-du-cadre-8-300x200.jpg 300w, https:\/\/ailo.fr\/wp-content\/uploads\/2016\/10\/Sortir-du-cadre-8-768x512.jpg 768w\" sizes=\"(max-width: 877px) 100vw, 877px\" \/><\/a>\n\t\t\t<\/dt><\/dl><br style=\"clear: both\" \/><dl class='gallery-item'>\n\t\t\t<dt class='gallery-icon landscape'>\n\t\t\t\t<a href='https:\/\/ailo.fr\/wp-content\/uploads\/2018\/02\/Sortir-du-cadre.gif'><img loading=\"lazy\" decoding=\"async\" width=\"377\" height=\"318\" src=\"https:\/\/ailo.fr\/wp-content\/uploads\/2018\/02\/Sortir-du-cadre.gif\" class=\"attachment-large size-large\" alt=\"\" \/><\/a>\n\t\t\t<\/dt><\/dl>\n\t\t\t<br style='clear: both' \/>\n\t\t<\/div>\n\n<p>[\/et_pb_text][\/et_pb_column][\/et_pb_row][\/et_pb_section]<\/p>\n","protected":false},"excerpt":{"rendered":"<style type=\"text\/css\">\n\t\t\t#gallery-2 {\n\t\t\t\tmargin: auto;\n\t\t\t}\n\t\t\t#gallery-2 .gallery-item {\n\t\t\t\tfloat: left;\n\t\t\t\tmargin-top: 10px;\n\t\t\t\ttext-align: center;\n\t\t\t\twidth: 33%;\n\t\t\t}\n\t\t\t#gallery-2 img {\n\t\t\t\tborder: 2px solid #cfcfcf;\n\t\t\t}\n\t\t\t#gallery-2 .gallery-caption {\n\t\t\t\tmargin-left: 0;\n\t\t\t}\n\t\t\t\/* see gallery_shortcode() in wp-includes\/media.php *\/\n\t\t<\/style>\n\t\t<div id='gallery-2' class='gallery galleryid-96 gallery-columns-3 gallery-size-large'><dl class='gallery-item'>\n\t\t\t<dt class='gallery-icon portrait'>\n\t\t\t\t<a href='https:\/\/ailo.fr\/wp-content\/uploads\/2016\/10\/Light-vs-Shadow.jpg'><img width=\"585\" height=\"877\" src=\"https:\/\/ailo.fr\/wp-content\/uploads\/2016\/10\/Light-vs-Shadow.jpg\" class=\"attachment-large size-large\" alt=\"\" decoding=\"async\" loading=\"lazy\" srcset=\"https:\/\/ailo.fr\/wp-content\/uploads\/2016\/10\/Light-vs-Shadow.jpg 585w, https:\/\/ailo.fr\/wp-content\/uploads\/2016\/10\/Light-vs-Shadow-200x300.jpg 200w\" sizes=\"(max-width: 585px) 100vw, 585px\" \/><\/a>\n\t\t\t<\/dt><\/dl><dl class='gallery-item'>\n\t\t\t<dt class='gallery-icon portrait'>\n\t\t\t\t<a href='https:\/\/ailo.fr\/wp-content\/uploads\/2016\/10\/Sortir-du-cadre-1.jpg'><img width=\"585\" height=\"877\" src=\"https:\/\/ailo.fr\/wp-content\/uploads\/2016\/10\/Sortir-du-cadre-1.jpg\" class=\"attachment-large size-large\" alt=\"\" decoding=\"async\" loading=\"lazy\" srcset=\"https:\/\/ailo.fr\/wp-content\/uploads\/2016\/10\/Sortir-du-cadre-1.jpg 585w, https:\/\/ailo.fr\/wp-content\/uploads\/2016\/10\/Sortir-du-cadre-1-200x300.jpg 200w\" sizes=\"(max-width: 585px) 100vw, 585px\" \/><\/a>\n\t\t\t<\/dt><\/dl><dl class='gallery-item'>\n\t\t\t<dt class='gallery-icon landscape'>\n\t\t\t\t<a href='https:\/\/ailo.fr\/wp-content\/uploads\/2016\/10\/Sortir-du-cadre-2.jpg'><img width=\"877\" height=\"585\" src=\"https:\/\/ailo.fr\/wp-content\/uploads\/2016\/10\/Sortir-du-cadre-2.jpg\" class=\"attachment-large size-large\" alt=\"\" decoding=\"async\" loading=\"lazy\" srcset=\"https:\/\/ailo.fr\/wp-content\/uploads\/2016\/10\/Sortir-du-cadre-2.jpg 877w, https:\/\/ailo.fr\/wp-content\/uploads\/2016\/10\/Sortir-du-cadre-2-300x200.jpg 300w, https:\/\/ailo.fr\/wp-content\/uploads\/2016\/10\/Sortir-du-cadre-2-768x512.jpg 768w\" sizes=\"(max-width: 877px) 100vw, 877px\" \/><\/a>\n\t\t\t<\/dt><\/dl><br style=\"clear: both\" \/><dl class='gallery-item'>\n\t\t\t<dt class='gallery-icon portrait'>\n\t\t\t\t<a href='https:\/\/ailo.fr\/wp-content\/uploads\/2016\/10\/Sortir-du-cadre-3.jpg'><img width=\"585\" height=\"877\" src=\"https:\/\/ailo.fr\/wp-content\/uploads\/2016\/10\/Sortir-du-cadre-3.jpg\" class=\"attachment-large size-large\" alt=\"\" decoding=\"async\" loading=\"lazy\" srcset=\"https:\/\/ailo.fr\/wp-content\/uploads\/2016\/10\/Sortir-du-cadre-3.jpg 585w, https:\/\/ailo.fr\/wp-content\/uploads\/2016\/10\/Sortir-du-cadre-3-200x300.jpg 200w\" sizes=\"(max-width: 585px) 100vw, 585px\" \/><\/a>\n\t\t\t<\/dt><\/dl><dl class='gallery-item'>\n\t\t\t<dt class='gallery-icon portrait'>\n\t\t\t\t<a href='https:\/\/ailo.fr\/wp-content\/uploads\/2016\/10\/Sortir-du-cadre-4.jpg'><img width=\"662\" height=\"877\" src=\"https:\/\/ailo.fr\/wp-content\/uploads\/2016\/10\/Sortir-du-cadre-4.jpg\" class=\"attachment-large size-large\" alt=\"\" decoding=\"async\" loading=\"lazy\" srcset=\"https:\/\/ailo.fr\/wp-content\/uploads\/2016\/10\/Sortir-du-cadre-4.jpg 662w, https:\/\/ailo.fr\/wp-content\/uploads\/2016\/10\/Sortir-du-cadre-4-226x300.jpg 226w\" sizes=\"(max-width: 662px) 100vw, 662px\" \/><\/a>\n\t\t\t<\/dt><\/dl><dl class='gallery-item'>\n\t\t\t<dt class='gallery-icon landscape'>\n\t\t\t\t<a href='https:\/\/ailo.fr\/wp-content\/uploads\/2016\/10\/Sortir-du-cadre-5.jpg'><img width=\"877\" height=\"585\" src=\"https:\/\/ailo.fr\/wp-content\/uploads\/2016\/10\/Sortir-du-cadre-5.jpg\" class=\"attachment-large size-large\" alt=\"\" decoding=\"async\" loading=\"lazy\" srcset=\"https:\/\/ailo.fr\/wp-content\/uploads\/2016\/10\/Sortir-du-cadre-5.jpg 877w, https:\/\/ailo.fr\/wp-content\/uploads\/2016\/10\/Sortir-du-cadre-5-300x200.jpg 300w, https:\/\/ailo.fr\/wp-content\/uploads\/2016\/10\/Sortir-du-cadre-5-768x512.jpg 768w\" sizes=\"(max-width: 877px) 100vw, 877px\" \/><\/a>\n\t\t\t<\/dt><\/dl><br style=\"clear: both\" \/><dl class='gallery-item'>\n\t\t\t<dt class='gallery-icon landscape'>\n\t\t\t\t<a href='https:\/\/ailo.fr\/wp-content\/uploads\/2016\/10\/Sortir-du-cadre-6.jpg'><img width=\"877\" height=\"585\" src=\"https:\/\/ailo.fr\/wp-content\/uploads\/2016\/10\/Sortir-du-cadre-6.jpg\" class=\"attachment-large size-large\" alt=\"\" decoding=\"async\" loading=\"lazy\" srcset=\"https:\/\/ailo.fr\/wp-content\/uploads\/2016\/10\/Sortir-du-cadre-6.jpg 877w, https:\/\/ailo.fr\/wp-content\/uploads\/2016\/10\/Sortir-du-cadre-6-300x200.jpg 300w, https:\/\/ailo.fr\/wp-content\/uploads\/2016\/10\/Sortir-du-cadre-6-768x512.jpg 768w\" sizes=\"(max-width: 877px) 100vw, 877px\" \/><\/a>\n\t\t\t<\/dt><\/dl><dl class='gallery-item'>\n\t\t\t<dt class='gallery-icon landscape'>\n\t\t\t\t<a href='https:\/\/ailo.fr\/wp-content\/uploads\/2016\/10\/Sortir-du-cadre-7.jpg'><img width=\"877\" height=\"585\" src=\"https:\/\/ailo.fr\/wp-content\/uploads\/2016\/10\/Sortir-du-cadre-7.jpg\" class=\"attachment-large size-large\" alt=\"\" decoding=\"async\" loading=\"lazy\" srcset=\"https:\/\/ailo.fr\/wp-content\/uploads\/2016\/10\/Sortir-du-cadre-7.jpg 877w, https:\/\/ailo.fr\/wp-content\/uploads\/2016\/10\/Sortir-du-cadre-7-300x200.jpg 300w, https:\/\/ailo.fr\/wp-content\/uploads\/2016\/10\/Sortir-du-cadre-7-768x512.jpg 768w\" sizes=\"(max-width: 877px) 100vw, 877px\" \/><\/a>\n\t\t\t<\/dt><\/dl><dl class='gallery-item'>\n\t\t\t<dt class='gallery-icon landscape'>\n\t\t\t\t<a href='https:\/\/ailo.fr\/wp-content\/uploads\/2016\/10\/Sortir-du-cadre-8.jpg'><img width=\"877\" height=\"585\" src=\"https:\/\/ailo.fr\/wp-content\/uploads\/2016\/10\/Sortir-du-cadre-8.jpg\" class=\"attachment-large size-large\" alt=\"\" decoding=\"async\" loading=\"lazy\" srcset=\"https:\/\/ailo.fr\/wp-content\/uploads\/2016\/10\/Sortir-du-cadre-8.jpg 877w, https:\/\/ailo.fr\/wp-content\/uploads\/2016\/10\/Sortir-du-cadre-8-300x200.jpg 300w, https:\/\/ailo.fr\/wp-content\/uploads\/2016\/10\/Sortir-du-cadre-8-768x512.jpg 768w\" sizes=\"(max-width: 877px) 100vw, 877px\" \/><\/a>\n\t\t\t<\/dt><\/dl><br style=\"clear: both\" \/><dl class='gallery-item'>\n\t\t\t<dt class='gallery-icon landscape'>\n\t\t\t\t<a href='https:\/\/ailo.fr\/wp-content\/uploads\/2018\/02\/Sortir-du-cadre.gif'><img width=\"377\" height=\"318\" src=\"https:\/\/ailo.fr\/wp-content\/uploads\/2018\/02\/Sortir-du-cadre.gif\" class=\"attachment-large size-large\" alt=\"\" decoding=\"async\" loading=\"lazy\" \/><\/a>\n\t\t\t<\/dt><\/dl>\n\t\t\t<br style='clear: both' \/>\n\t\t<\/div>","protected":false},"author":1,"featured_media":0,"parent":0,"menu_order":0,"comment_status":"closed","ping_status":"closed","template":"","meta":{"_et_pb_use_builder":"on","_et_pb_old_content":"","_et_gb_content_width":"","footnotes":""},"class_list":["post-96","page","type-page","status-publish","hentry"],"yoast_head":"<!-- This site is optimized with the Yoast SEO plugin v27.3 - https:\/\/yoast.com\/product\/yoast-seo-wordpress\/ -->\n<title>Sortir du Cadre - A.I.L.O se prononce Hello<\/title>\n<meta name=\"description\" content=\"&quot;Sortir du cadre&quot; exp\u00e9rimentation lumineuse autour d&#039;un \u00e9l\u00e9ment fixe. AILO, Atelier d\u2019Immersion Lumineuse et Obscure, entit\u00e9 artistique qui se d\u00e9die \u00e0 une recherche de dialogue et d\u2019interactions entre diff\u00e9rents mat\u00e9riaux et proc\u00e9d\u00e9s num\u00e9riques et analogiques. Entre Art contemporain et Art num\u00e9rique.\" \/>\n<meta name=\"robots\" content=\"index, follow, max-snippet:-1, max-image-preview:large, max-video-preview:-1\" \/>\n<link rel=\"canonical\" href=\"https:\/\/ailo.fr\/en\/sortir-du-cadre-9\/\" \/>\n<meta property=\"og:locale\" content=\"en_GB\" \/>\n<meta property=\"og:type\" content=\"article\" \/>\n<meta property=\"og:title\" content=\"Sortir du Cadre - A.I.L.O se prononce Hello\" \/>\n<meta property=\"og:description\" content=\"&quot;Sortir du cadre&quot; exp\u00e9rimentation lumineuse autour d&#039;un \u00e9l\u00e9ment fixe. AILO, Atelier d\u2019Immersion Lumineuse et Obscure, entit\u00e9 artistique qui se d\u00e9die \u00e0 une recherche de dialogue et d\u2019interactions entre diff\u00e9rents mat\u00e9riaux et proc\u00e9d\u00e9s num\u00e9riques et analogiques. Entre Art contemporain et Art num\u00e9rique.\" \/>\n<meta property=\"og:url\" content=\"https:\/\/ailo.fr\/en\/sortir-du-cadre-9\/\" \/>\n<meta property=\"og:site_name\" content=\"A.I.L.O se prononce Hello\" \/>\n<meta property=\"article:publisher\" content=\"https:\/\/www.facebook.com\/profile.php?id=100013094883937\" \/>\n<meta property=\"article:modified_time\" content=\"2019-09-17T12:24:29+00:00\" \/>\n<meta name=\"twitter:card\" content=\"summary_large_image\" \/>\n<meta name=\"twitter:label1\" content=\"Estimated reading time\" \/>\n\t<meta name=\"twitter:data1\" content=\"1 minute\" \/>\n<script type=\"application\/ld+json\" class=\"yoast-schema-graph\">{\"@context\":\"https:\\\/\\\/schema.org\",\"@graph\":[{\"@type\":\"WebPage\",\"@id\":\"https:\\\/\\\/ailo.fr\\\/sortir-du-cadre-9\\\/\",\"url\":\"https:\\\/\\\/ailo.fr\\\/sortir-du-cadre-9\\\/\",\"name\":\"Sortir du Cadre - A.I.L.O se prononce Hello\",\"isPartOf\":{\"@id\":\"https:\\\/\\\/ailo.fr\\\/#website\"},\"datePublished\":\"2016-10-17T09:08:24+00:00\",\"dateModified\":\"2019-09-17T12:24:29+00:00\",\"description\":\"\\\"Sortir du cadre\\\" exp\u00e9rimentation lumineuse autour d'un \u00e9l\u00e9ment fixe. AILO, Atelier d\u2019Immersion Lumineuse et Obscure, entit\u00e9 artistique qui se d\u00e9die \u00e0 une recherche de dialogue et d\u2019interactions entre diff\u00e9rents mat\u00e9riaux et proc\u00e9d\u00e9s num\u00e9riques et analogiques. Entre Art contemporain et Art num\u00e9rique.\",\"breadcrumb\":{\"@id\":\"https:\\\/\\\/ailo.fr\\\/sortir-du-cadre-9\\\/#breadcrumb\"},\"inLanguage\":\"en-GB\",\"potentialAction\":[{\"@type\":\"ReadAction\",\"target\":[\"https:\\\/\\\/ailo.fr\\\/sortir-du-cadre-9\\\/\"]}]},{\"@type\":\"BreadcrumbList\",\"@id\":\"https:\\\/\\\/ailo.fr\\\/sortir-du-cadre-9\\\/#breadcrumb\",\"itemListElement\":[{\"@type\":\"ListItem\",\"position\":1,\"name\":\"Accueil\",\"item\":\"https:\\\/\\\/ailo.fr\\\/\"},{\"@type\":\"ListItem\",\"position\":2,\"name\":\"Sortir du Cadre\"}]},{\"@type\":\"WebSite\",\"@id\":\"https:\\\/\\\/ailo.fr\\\/#website\",\"url\":\"https:\\\/\\\/ailo.fr\\\/\",\"name\":\"A.I.L.O se prononce Hello\",\"description\":\"Atelier d&#039;Immersion Lumineuse et Obscure\",\"publisher\":{\"@id\":\"https:\\\/\\\/ailo.fr\\\/#organization\"},\"potentialAction\":[{\"@type\":\"SearchAction\",\"target\":{\"@type\":\"EntryPoint\",\"urlTemplate\":\"https:\\\/\\\/ailo.fr\\\/?s={search_term_string}\"},\"query-input\":{\"@type\":\"PropertyValueSpecification\",\"valueRequired\":true,\"valueName\":\"search_term_string\"}}],\"inLanguage\":\"en-GB\"},{\"@type\":\"Organization\",\"@id\":\"https:\\\/\\\/ailo.fr\\\/#organization\",\"name\":\"AILO\",\"url\":\"https:\\\/\\\/ailo.fr\\\/\",\"logo\":{\"@type\":\"ImageObject\",\"inLanguage\":\"en-GB\",\"@id\":\"https:\\\/\\\/ailo.fr\\\/#\\\/schema\\\/logo\\\/image\\\/\",\"url\":\"https:\\\/\\\/ailo.fr\\\/wp-content\\\/uploads\\\/2016\\\/10\\\/logolight-WEB.gif\",\"contentUrl\":\"https:\\\/\\\/ailo.fr\\\/wp-content\\\/uploads\\\/2016\\\/10\\\/logolight-WEB.gif\",\"width\":177,\"height\":177,\"caption\":\"AILO\"},\"image\":{\"@id\":\"https:\\\/\\\/ailo.fr\\\/#\\\/schema\\\/logo\\\/image\\\/\"},\"sameAs\":[\"https:\\\/\\\/www.facebook.com\\\/profile.php?id=100013094883937\",\"https:\\\/\\\/www.instagram.com\\\/ailoatelier\\\/\"]}]}<\/script>\n<!-- \/ Yoast SEO plugin. -->","yoast_head_json":{"title":"Sortir du Cadre - A.I.L.O se prononce Hello","description":"\"Sortir du cadre\" exp\u00e9rimentation lumineuse autour d'un \u00e9l\u00e9ment fixe. AILO, Atelier d\u2019Immersion Lumineuse et Obscure, entit\u00e9 artistique qui se d\u00e9die \u00e0 une recherche de dialogue et d\u2019interactions entre diff\u00e9rents mat\u00e9riaux et proc\u00e9d\u00e9s num\u00e9riques et analogiques. Entre Art contemporain et Art num\u00e9rique.","robots":{"index":"index","follow":"follow","max-snippet":"max-snippet:-1","max-image-preview":"max-image-preview:large","max-video-preview":"max-video-preview:-1"},"canonical":"https:\/\/ailo.fr\/en\/sortir-du-cadre-9\/","og_locale":"en_GB","og_type":"article","og_title":"Sortir du Cadre - A.I.L.O se prononce Hello","og_description":"\"Sortir du cadre\" exp\u00e9rimentation lumineuse autour d'un \u00e9l\u00e9ment fixe. AILO, Atelier d\u2019Immersion Lumineuse et Obscure, entit\u00e9 artistique qui se d\u00e9die \u00e0 une recherche de dialogue et d\u2019interactions entre diff\u00e9rents mat\u00e9riaux et proc\u00e9d\u00e9s num\u00e9riques et analogiques. Entre Art contemporain et Art num\u00e9rique.","og_url":"https:\/\/ailo.fr\/en\/sortir-du-cadre-9\/","og_site_name":"A.I.L.O se prononce Hello","article_publisher":"https:\/\/www.facebook.com\/profile.php?id=100013094883937","article_modified_time":"2019-09-17T12:24:29+00:00","twitter_card":"summary_large_image","twitter_misc":{"Estimated reading time":"1 minute"},"schema":{"@context":"https:\/\/schema.org","@graph":[{"@type":"WebPage","@id":"https:\/\/ailo.fr\/sortir-du-cadre-9\/","url":"https:\/\/ailo.fr\/sortir-du-cadre-9\/","name":"Sortir du Cadre - A.I.L.O se prononce Hello","isPartOf":{"@id":"https:\/\/ailo.fr\/#website"},"datePublished":"2016-10-17T09:08:24+00:00","dateModified":"2019-09-17T12:24:29+00:00","description":"\"Sortir du cadre\" exp\u00e9rimentation lumineuse autour d'un \u00e9l\u00e9ment fixe. AILO, Atelier d\u2019Immersion Lumineuse et Obscure, entit\u00e9 artistique qui se d\u00e9die \u00e0 une recherche de dialogue et d\u2019interactions entre diff\u00e9rents mat\u00e9riaux et proc\u00e9d\u00e9s num\u00e9riques et analogiques. Entre Art contemporain et Art num\u00e9rique.","breadcrumb":{"@id":"https:\/\/ailo.fr\/sortir-du-cadre-9\/#breadcrumb"},"inLanguage":"en-GB","potentialAction":[{"@type":"ReadAction","target":["https:\/\/ailo.fr\/sortir-du-cadre-9\/"]}]},{"@type":"BreadcrumbList","@id":"https:\/\/ailo.fr\/sortir-du-cadre-9\/#breadcrumb","itemListElement":[{"@type":"ListItem","position":1,"name":"Accueil","item":"https:\/\/ailo.fr\/"},{"@type":"ListItem","position":2,"name":"Sortir du Cadre"}]},{"@type":"WebSite","@id":"https:\/\/ailo.fr\/#website","url":"https:\/\/ailo.fr\/","name":"A.I.L.O it pronounces Hello","description":"Art Immersive Luminous and Obscure","publisher":{"@id":"https:\/\/ailo.fr\/#organization"},"potentialAction":[{"@type":"SearchAction","target":{"@type":"EntryPoint","urlTemplate":"https:\/\/ailo.fr\/?s={search_term_string}"},"query-input":{"@type":"PropertyValueSpecification","valueRequired":true,"valueName":"search_term_string"}}],"inLanguage":"en-GB"},{"@type":"Organization","@id":"https:\/\/ailo.fr\/#organization","name":"AILO","url":"https:\/\/ailo.fr\/","logo":{"@type":"ImageObject","inLanguage":"en-GB","@id":"https:\/\/ailo.fr\/#\/schema\/logo\/image\/","url":"https:\/\/ailo.fr\/wp-content\/uploads\/2016\/10\/logolight-WEB.gif","contentUrl":"https:\/\/ailo.fr\/wp-content\/uploads\/2016\/10\/logolight-WEB.gif","width":177,"height":177,"caption":"AILO"},"image":{"@id":"https:\/\/ailo.fr\/#\/schema\/logo\/image\/"},"sameAs":["https:\/\/www.facebook.com\/profile.php?id=100013094883937","https:\/\/www.instagram.com\/ailoatelier\/"]}]}},"_links":{"self":[{"href":"https:\/\/ailo.fr\/en\/wp-json\/wp\/v2\/pages\/96","targetHints":{"allow":["GET"]}}],"collection":[{"href":"https:\/\/ailo.fr\/en\/wp-json\/wp\/v2\/pages"}],"about":[{"href":"https:\/\/ailo.fr\/en\/wp-json\/wp\/v2\/types\/page"}],"author":[{"embeddable":true,"href":"https:\/\/ailo.fr\/en\/wp-json\/wp\/v2\/users\/1"}],"replies":[{"embeddable":true,"href":"https:\/\/ailo.fr\/en\/wp-json\/wp\/v2\/comments?post=96"}],"version-history":[{"count":0,"href":"https:\/\/ailo.fr\/en\/wp-json\/wp\/v2\/pages\/96\/revisions"}],"wp:attachment":[{"href":"https:\/\/ailo.fr\/en\/wp-json\/wp\/v2\/media?parent=96"}],"curies":[{"name":"wp","href":"https:\/\/api.w.org\/{rel}","templated":true}]}}