{"id":642,"date":"2017-09-17T10:17:12","date_gmt":"2017-09-17T08:17:12","guid":{"rendered":"https:\/\/www.ailo-art.com\/?page_id=642"},"modified":"2026-01-03T16:36:26","modified_gmt":"2026-01-03T15:36:26","slug":"lequipe","status":"publish","type":"page","link":"https:\/\/ailo.fr\/en\/lequipe\/","title":{"rendered":"L&rsquo;Equipe"},"content":{"rendered":"<p>[et_pb_section fb_built=\u00a0\u00bb1&Prime; _builder_version=\u00a0\u00bb4.16&Prime; global_colors_info=\u00a0\u00bb{}\u00a0\u00bb][et_pb_row _builder_version=\u00a0\u00bb4.16&Prime; global_colors_info=\u00a0\u00bb{}\u00a0\u00bb][et_pb_column type=\u00a0\u00bb4_4&Prime; _builder_version=\u00a0\u00bb4.16&Prime; custom_padding=\u00a0\u00bb|||\u00a0\u00bb global_colors_info=\u00a0\u00bb{}\u00a0\u00bb custom_padding__hover=\u00a0\u00bb|||\u00a0\u00bb][et_pb_post_title meta=\u00a0\u00bboff\u00a0\u00bb featured_image=\u00a0\u00bboff\u00a0\u00bb _builder_version=\u00a0\u00bb4.16&Prime; title_level=\u00a0\u00bbh3&Prime; title_font=\u00a0\u00bb|||||on|||\u00a0\u00bb text_orientation=\u00a0\u00bbcenter\u00a0\u00bb z_index_tablet=\u00a0\u00bb500&Prime; title_text_shadow_horizontal_length_tablet=\u00a0\u00bb0px\u00a0\u00bb title_text_shadow_vertical_length_tablet=\u00a0\u00bb0px\u00a0\u00bb title_text_shadow_blur_strength_tablet=\u00a0\u00bb1px\u00a0\u00bb meta_text_shadow_horizontal_length_tablet=\u00a0\u00bb0px\u00a0\u00bb meta_text_shadow_vertical_length_tablet=\u00a0\u00bb0px\u00a0\u00bb meta_text_shadow_blur_strength_tablet=\u00a0\u00bb1px\u00a0\u00bb box_shadow_horizontal_tablet=\u00a0\u00bb0px\u00a0\u00bb box_shadow_vertical_tablet=\u00a0\u00bb0px\u00a0\u00bb box_shadow_blur_tablet=\u00a0\u00bb40px\u00a0\u00bb box_shadow_spread_tablet=\u00a0\u00bb0px\u00a0\u00bb text_shadow_horizontal_length_tablet=\u00a0\u00bb0px\u00a0\u00bb text_shadow_vertical_length_tablet=\u00a0\u00bb0px\u00a0\u00bb text_shadow_blur_strength_tablet=\u00a0\u00bb1px\u00a0\u00bb global_colors_info=\u00a0\u00bb{}\u00a0\u00bb][\/et_pb_post_title][et_pb_text _builder_version=\u00a0\u00bb4.27.5&Prime; hover_enabled=\u00a0\u00bb0&Prime; z_index_tablet=\u00a0\u00bb500&Prime; text_text_shadow_horizontal_length_tablet=\u00a0\u00bb0px\u00a0\u00bb text_text_shadow_vertical_length_tablet=\u00a0\u00bb0px\u00a0\u00bb text_text_shadow_blur_strength_tablet=\u00a0\u00bb1px\u00a0\u00bb link_text_shadow_horizontal_length_tablet=\u00a0\u00bb0px\u00a0\u00bb link_text_shadow_vertical_length_tablet=\u00a0\u00bb0px\u00a0\u00bb link_text_shadow_blur_strength_tablet=\u00a0\u00bb1px\u00a0\u00bb ul_text_shadow_horizontal_length_tablet=\u00a0\u00bb0px\u00a0\u00bb ul_text_shadow_vertical_length_tablet=\u00a0\u00bb0px\u00a0\u00bb ul_text_shadow_blur_strength_tablet=\u00a0\u00bb1px\u00a0\u00bb ol_text_shadow_horizontal_length_tablet=\u00a0\u00bb0px\u00a0\u00bb ol_text_shadow_vertical_length_tablet=\u00a0\u00bb0px\u00a0\u00bb ol_text_shadow_blur_strength_tablet=\u00a0\u00bb1px\u00a0\u00bb quote_text_shadow_horizontal_length_tablet=\u00a0\u00bb0px\u00a0\u00bb quote_text_shadow_vertical_length_tablet=\u00a0\u00bb0px\u00a0\u00bb quote_text_shadow_blur_strength_tablet=\u00a0\u00bb1px\u00a0\u00bb header_text_shadow_horizontal_length_tablet=\u00a0\u00bb0px\u00a0\u00bb header_text_shadow_vertical_length_tablet=\u00a0\u00bb0px\u00a0\u00bb header_text_shadow_blur_strength_tablet=\u00a0\u00bb1px\u00a0\u00bb header_2_text_shadow_horizontal_length_tablet=\u00a0\u00bb0px\u00a0\u00bb header_2_text_shadow_vertical_length_tablet=\u00a0\u00bb0px\u00a0\u00bb header_2_text_shadow_blur_strength_tablet=\u00a0\u00bb1px\u00a0\u00bb header_3_text_shadow_horizontal_length_tablet=\u00a0\u00bb0px\u00a0\u00bb header_3_text_shadow_vertical_length_tablet=\u00a0\u00bb0px\u00a0\u00bb header_3_text_shadow_blur_strength_tablet=\u00a0\u00bb1px\u00a0\u00bb header_4_text_shadow_horizontal_length_tablet=\u00a0\u00bb0px\u00a0\u00bb header_4_text_shadow_vertical_length_tablet=\u00a0\u00bb0px\u00a0\u00bb header_4_text_shadow_blur_strength_tablet=\u00a0\u00bb1px\u00a0\u00bb header_5_text_shadow_horizontal_length_tablet=\u00a0\u00bb0px\u00a0\u00bb header_5_text_shadow_vertical_length_tablet=\u00a0\u00bb0px\u00a0\u00bb header_5_text_shadow_blur_strength_tablet=\u00a0\u00bb1px\u00a0\u00bb header_6_text_shadow_horizontal_length_tablet=\u00a0\u00bb0px\u00a0\u00bb header_6_text_shadow_vertical_length_tablet=\u00a0\u00bb0px\u00a0\u00bb header_6_text_shadow_blur_strength_tablet=\u00a0\u00bb1px\u00a0\u00bb box_shadow_horizontal_tablet=\u00a0\u00bb0px\u00a0\u00bb box_shadow_vertical_tablet=\u00a0\u00bb0px\u00a0\u00bb box_shadow_blur_tablet=\u00a0\u00bb40px\u00a0\u00bb box_shadow_spread_tablet=\u00a0\u00bb0px\u00a0\u00bb global_colors_info=\u00a0\u00bb{}\u00a0\u00bb sticky_enabled=\u00a0\u00bb0&Prime;]<\/p>\n<p style=\"text-align: justify;\">Cr\u00e9atrice de l&rsquo;entit\u00e9 : Anna-Eva Berge, artiste plasticienne depuis 2006. Bas\u00e9e \u00e0 Drulhe (12)<\/p>\n<p style=\"text-align: justify;\">A.I.L.O est un formidable pr\u00e9texte \u00e0 l&rsquo; \u00e9change et la collaboration. Un grand merci eux!<\/p>\n<p style=\"text-align: justify;\">&#8211; <a href=\"https:\/\/fabriceleroux.com\" target=\"_blank\" rel=\"noopener noreferrer\"><span style=\"color: #000000;\">Fabrice Leroux<\/span><\/a>, artiste multim\u00e9dia. Membre tr\u00e8s actif au sein de l&rsquo;entit\u00e9, il offre son savoir-faire sur les technologies num\u00e9riques et r\u00e9alise les cr\u00e9ations sonores. Merci \u00e9galement pour la r\u00e9alisation du site internet, les photos et vid\u00e9os. Bas\u00e9 \u00e0 Drulhe (12).<\/p>\n<p style=\"text-align: justify;\">&#8211; <a href=\"https:\/\/diffusingdigitalart.org\/gregoire-lauvin\/\" target=\"_blank\" rel=\"noopener noreferrer\"><span style=\"color: #000000;\">Gr\u00e9goire Lauvin<\/span><\/a>, artiste op\u00e9rant dans le champ des nouvelles technologies. Pour A.I.L.O Il s&rsquo;occupe de la r\u00e9alisation de m\u00e9canismes motoris\u00e9s et pour la programmation \u00e9lectronique. Bas\u00e9 \u00e0 Aix-En-Provence (13).<\/p>\n<p style=\"text-align: justify;\">\n<p style=\"text-align: justify;\">[\/et_pb_text][\/et_pb_column][\/et_pb_row][\/et_pb_section]<\/p>\n","protected":false},"excerpt":{"rendered":"<p>Cr\u00e9atrice de l&rsquo;entit\u00e9 : Anna-Eva Berge, artiste plasticienne depuis 2006. Bas\u00e9e \u00e0 Drulhe (12) A.I.L.O est un formidable pr\u00e9texte \u00e0 l&rsquo; \u00e9change et la collaboration. Un grand merci eux! &#8211; Fabrice Leroux, artiste multim\u00e9dia. Membre tr\u00e8s actif au sein de l&rsquo;entit\u00e9, il offre son savoir-faire sur les technologies num\u00e9riques et r\u00e9alise les cr\u00e9ations sonores. Merci [&hellip;]<\/p>\n","protected":false},"author":1,"featured_media":0,"parent":0,"menu_order":0,"comment_status":"closed","ping_status":"closed","template":"","meta":{"_et_pb_use_builder":"on","_et_pb_old_content":"<p>A.I.L.O Est un formidable pr\u00e9texte \u00e0 l' \u00e9change et la collaboration. Un grand merci eux!<\/p><p>Cr\u00e9atrice de l'entit\u00e9: Anna-Eva Berge, artiste plasticienne depuis 2006.<\/p><p>-<a href=\"https:\/\/fabriceleroux.com\" target=\"_blank\" rel=\"noopener noreferrer\">Fabrice Leroux<\/a>, artiste. Membre tr\u00e8s actif au sein de l'entit\u00e9, il offre son savoir sur les technologies num\u00e9riques et r\u00e9alise les cr\u00e9ations sonores.<\/p><p>Merci \u00e9galement pour la r\u00e9alisation du site internet, les photos et vid\u00e9os. <a href=\"https:\/\/fabriceleroux.com\" target=\"_blank\" rel=\"noopener noreferrer\">Fabrice Leroux<\/a><\/p><p><a href=\"http:\/\/locusonus.org\/w\/?page=Proj+Lauvin\" target=\"_blank\" rel=\"noopener noreferrer\">-Gr\u00e9goire Lauvin <\/a>pour la r\u00e9alisation de m\u00e9canismes et pour la programmation \u00e9lectronique.<\/p><p>Ils ont aussi collabor\u00e9 sur des projets sp\u00e9ciaux.<\/p><p>-Audrey Barthes et Michel Amaral.<a href=\"http:\/\/www.barthesamaral.com\/\" target=\"_blank\" rel=\"noopener noreferrer\"> Amaral& Barthes<\/a><\/p><p>-Gr\u00e9gory Camphin Ferronnier bas\u00e9 \u00e0 Mas Thibert, qui \u00e0 r\u00e9alis\u00e9 et co-produit les sculptures en acier. <a href=\"https:\/\/www.facebook.com\/GregoryCamphinFerronnerie\/\" target=\"_blank\" rel=\"noopener noreferrer\">Gr\u00e9gory Camphin<\/a><\/p><p>-Merci \u00e0 C\u00e9cile et Thibault fondatrice et responsable chez<a href=\"https:\/\/www.facebook.com\/lacompagnieevents\/\" target=\"_blank\" rel=\"noopener noreferrer\"> IDZIA <\/a>pour leur aide, soutien, et conseils sur l'\u00e9quipement lumi\u00e8re, et l'aspect technique des installations.<\/p>","_et_gb_content_width":"","footnotes":""},"class_list":["post-642","page","type-page","status-publish","hentry"],"yoast_head":"<!-- This site is optimized with the Yoast SEO plugin v27.4 - https:\/\/yoast.com\/product\/yoast-seo-wordpress\/ -->\n<title>L&#039;Equipe - A.I.L.O se prononce Hello<\/title>\n<meta name=\"description\" content=\"A.I.L.O Est un formidable pr\u00e9texte \u00e0 l\u2019 \u00e9change et la collaboration. Cr\u00e9atrice de l\u2019entit\u00e9: Anna-Eva Berge, artiste visuelle. Fabrice Leroux, artiste visuel. Membre tr\u00e8s actif au sein de l\u2019entit\u00e9, il offre son savoir sur les technologies num\u00e9riques et r\u00e9alise les cr\u00e9ations sonores. Gr\u00e9goire Lauvin pour la r\u00e9alisation de m\u00e9canismes motoris\u00e9s et pour la programmation \u00e9lectronique. Ont aussi collabor\u00e9 sur des projets sp\u00e9ciaux: Audrey Barthes et Michel Amaral. Gr\u00e9gory Camphin Ferronnier, C\u00e9cile et Thibault fondatrice et responsable chez IDZIA pour leur aide, soutien, et conseils sur l\u2019\u00e9quipement lumi\u00e8re, et l\u2019aspect technique des installations.\" \/>\n<meta name=\"robots\" content=\"index, follow, max-snippet:-1, max-image-preview:large, max-video-preview:-1\" \/>\n<link rel=\"canonical\" href=\"https:\/\/ailo.fr\/en\/lequipe\/\" \/>\n<meta property=\"og:locale\" content=\"en_GB\" \/>\n<meta property=\"og:type\" content=\"article\" \/>\n<meta property=\"og:title\" content=\"L&#039;Equipe - A.I.L.O se prononce Hello\" \/>\n<meta property=\"og:description\" content=\"A.I.L.O Est un formidable pr\u00e9texte \u00e0 l\u2019 \u00e9change et la collaboration. Cr\u00e9atrice de l\u2019entit\u00e9: Anna-Eva Berge, artiste visuelle. Fabrice Leroux, artiste visuel. Membre tr\u00e8s actif au sein de l\u2019entit\u00e9, il offre son savoir sur les technologies num\u00e9riques et r\u00e9alise les cr\u00e9ations sonores. Gr\u00e9goire Lauvin pour la r\u00e9alisation de m\u00e9canismes motoris\u00e9s et pour la programmation \u00e9lectronique. Ont aussi collabor\u00e9 sur des projets sp\u00e9ciaux: Audrey Barthes et Michel Amaral. Gr\u00e9gory Camphin Ferronnier, C\u00e9cile et Thibault fondatrice et responsable chez IDZIA pour leur aide, soutien, et conseils sur l\u2019\u00e9quipement lumi\u00e8re, et l\u2019aspect technique des installations.\" \/>\n<meta property=\"og:url\" content=\"https:\/\/ailo.fr\/en\/lequipe\/\" \/>\n<meta property=\"og:site_name\" content=\"A.I.L.O se prononce Hello\" \/>\n<meta property=\"article:publisher\" content=\"https:\/\/www.facebook.com\/profile.php?id=100013094883937\" \/>\n<meta property=\"article:modified_time\" content=\"2026-01-03T15:36:26+00:00\" \/>\n<meta name=\"twitter:card\" content=\"summary_large_image\" \/>\n<meta name=\"twitter:label1\" content=\"Estimated reading time\" \/>\n\t<meta name=\"twitter:data1\" content=\"1 minute\" \/>\n<script type=\"application\/ld+json\" class=\"yoast-schema-graph\">{\"@context\":\"https:\\\/\\\/schema.org\",\"@graph\":[{\"@type\":\"WebPage\",\"@id\":\"https:\\\/\\\/ailo.fr\\\/lequipe\\\/\",\"url\":\"https:\\\/\\\/ailo.fr\\\/lequipe\\\/\",\"name\":\"L'Equipe - A.I.L.O se prononce Hello\",\"isPartOf\":{\"@id\":\"https:\\\/\\\/ailo.fr\\\/#website\"},\"datePublished\":\"2017-09-17T08:17:12+00:00\",\"dateModified\":\"2026-01-03T15:36:26+00:00\",\"description\":\"A.I.L.O Est un formidable pr\u00e9texte \u00e0 l\u2019 \u00e9change et la collaboration. Cr\u00e9atrice de l\u2019entit\u00e9: Anna-Eva Berge, artiste visuelle. Fabrice Leroux, artiste visuel. Membre tr\u00e8s actif au sein de l\u2019entit\u00e9, il offre son savoir sur les technologies num\u00e9riques et r\u00e9alise les cr\u00e9ations sonores. Gr\u00e9goire Lauvin pour la r\u00e9alisation de m\u00e9canismes motoris\u00e9s et pour la programmation \u00e9lectronique. Ont aussi collabor\u00e9 sur des projets sp\u00e9ciaux: Audrey Barthes et Michel Amaral. Gr\u00e9gory Camphin Ferronnier, C\u00e9cile et Thibault fondatrice et responsable chez IDZIA pour leur aide, soutien, et conseils sur l\u2019\u00e9quipement lumi\u00e8re, et l\u2019aspect technique des installations.\",\"breadcrumb\":{\"@id\":\"https:\\\/\\\/ailo.fr\\\/lequipe\\\/#breadcrumb\"},\"inLanguage\":\"en-GB\",\"potentialAction\":[{\"@type\":\"ReadAction\",\"target\":[\"https:\\\/\\\/ailo.fr\\\/lequipe\\\/\"]}]},{\"@type\":\"BreadcrumbList\",\"@id\":\"https:\\\/\\\/ailo.fr\\\/lequipe\\\/#breadcrumb\",\"itemListElement\":[{\"@type\":\"ListItem\",\"position\":1,\"name\":\"Accueil\",\"item\":\"https:\\\/\\\/ailo.fr\\\/\"},{\"@type\":\"ListItem\",\"position\":2,\"name\":\"L&rsquo;Equipe\"}]},{\"@type\":\"WebSite\",\"@id\":\"https:\\\/\\\/ailo.fr\\\/#website\",\"url\":\"https:\\\/\\\/ailo.fr\\\/\",\"name\":\"A.I.L.O se prononce Hello\",\"description\":\"Atelier d&#039;Immersion Lumineuse et Obscure\",\"publisher\":{\"@id\":\"https:\\\/\\\/ailo.fr\\\/#organization\"},\"potentialAction\":[{\"@type\":\"SearchAction\",\"target\":{\"@type\":\"EntryPoint\",\"urlTemplate\":\"https:\\\/\\\/ailo.fr\\\/?s={search_term_string}\"},\"query-input\":{\"@type\":\"PropertyValueSpecification\",\"valueRequired\":true,\"valueName\":\"search_term_string\"}}],\"inLanguage\":\"en-GB\"},{\"@type\":\"Organization\",\"@id\":\"https:\\\/\\\/ailo.fr\\\/#organization\",\"name\":\"AILO\",\"url\":\"https:\\\/\\\/ailo.fr\\\/\",\"logo\":{\"@type\":\"ImageObject\",\"inLanguage\":\"en-GB\",\"@id\":\"https:\\\/\\\/ailo.fr\\\/#\\\/schema\\\/logo\\\/image\\\/\",\"url\":\"https:\\\/\\\/ailo.fr\\\/wp-content\\\/uploads\\\/2016\\\/10\\\/logolight-WEB.gif\",\"contentUrl\":\"https:\\\/\\\/ailo.fr\\\/wp-content\\\/uploads\\\/2016\\\/10\\\/logolight-WEB.gif\",\"width\":177,\"height\":177,\"caption\":\"AILO\"},\"image\":{\"@id\":\"https:\\\/\\\/ailo.fr\\\/#\\\/schema\\\/logo\\\/image\\\/\"},\"sameAs\":[\"https:\\\/\\\/www.facebook.com\\\/profile.php?id=100013094883937\",\"https:\\\/\\\/www.instagram.com\\\/ailoatelier\\\/\"]}]}<\/script>\n<!-- \/ Yoast SEO plugin. -->","yoast_head_json":{"title":"L'Equipe - A.I.L.O se prononce Hello","description":"A.I.L.O Est un formidable pr\u00e9texte \u00e0 l\u2019 \u00e9change et la collaboration. Cr\u00e9atrice de l\u2019entit\u00e9: Anna-Eva Berge, artiste visuelle. Fabrice Leroux, artiste visuel. Membre tr\u00e8s actif au sein de l\u2019entit\u00e9, il offre son savoir sur les technologies num\u00e9riques et r\u00e9alise les cr\u00e9ations sonores. Gr\u00e9goire Lauvin pour la r\u00e9alisation de m\u00e9canismes motoris\u00e9s et pour la programmation \u00e9lectronique. Ont aussi collabor\u00e9 sur des projets sp\u00e9ciaux: Audrey Barthes et Michel Amaral. Gr\u00e9gory Camphin Ferronnier, C\u00e9cile et Thibault fondatrice et responsable chez IDZIA pour leur aide, soutien, et conseils sur l\u2019\u00e9quipement lumi\u00e8re, et l\u2019aspect technique des installations.","robots":{"index":"index","follow":"follow","max-snippet":"max-snippet:-1","max-image-preview":"max-image-preview:large","max-video-preview":"max-video-preview:-1"},"canonical":"https:\/\/ailo.fr\/en\/lequipe\/","og_locale":"en_GB","og_type":"article","og_title":"L'Equipe - A.I.L.O se prononce Hello","og_description":"A.I.L.O Est un formidable pr\u00e9texte \u00e0 l\u2019 \u00e9change et la collaboration. Cr\u00e9atrice de l\u2019entit\u00e9: Anna-Eva Berge, artiste visuelle. Fabrice Leroux, artiste visuel. Membre tr\u00e8s actif au sein de l\u2019entit\u00e9, il offre son savoir sur les technologies num\u00e9riques et r\u00e9alise les cr\u00e9ations sonores. Gr\u00e9goire Lauvin pour la r\u00e9alisation de m\u00e9canismes motoris\u00e9s et pour la programmation \u00e9lectronique. Ont aussi collabor\u00e9 sur des projets sp\u00e9ciaux: Audrey Barthes et Michel Amaral. Gr\u00e9gory Camphin Ferronnier, C\u00e9cile et Thibault fondatrice et responsable chez IDZIA pour leur aide, soutien, et conseils sur l\u2019\u00e9quipement lumi\u00e8re, et l\u2019aspect technique des installations.","og_url":"https:\/\/ailo.fr\/en\/lequipe\/","og_site_name":"A.I.L.O se prononce Hello","article_publisher":"https:\/\/www.facebook.com\/profile.php?id=100013094883937","article_modified_time":"2026-01-03T15:36:26+00:00","twitter_card":"summary_large_image","twitter_misc":{"Estimated reading time":"1 minute"},"schema":{"@context":"https:\/\/schema.org","@graph":[{"@type":"WebPage","@id":"https:\/\/ailo.fr\/lequipe\/","url":"https:\/\/ailo.fr\/lequipe\/","name":"L'Equipe - A.I.L.O se prononce Hello","isPartOf":{"@id":"https:\/\/ailo.fr\/#website"},"datePublished":"2017-09-17T08:17:12+00:00","dateModified":"2026-01-03T15:36:26+00:00","description":"A.I.L.O Est un formidable pr\u00e9texte \u00e0 l\u2019 \u00e9change et la collaboration. Cr\u00e9atrice de l\u2019entit\u00e9: Anna-Eva Berge, artiste visuelle. Fabrice Leroux, artiste visuel. Membre tr\u00e8s actif au sein de l\u2019entit\u00e9, il offre son savoir sur les technologies num\u00e9riques et r\u00e9alise les cr\u00e9ations sonores. Gr\u00e9goire Lauvin pour la r\u00e9alisation de m\u00e9canismes motoris\u00e9s et pour la programmation \u00e9lectronique. Ont aussi collabor\u00e9 sur des projets sp\u00e9ciaux: Audrey Barthes et Michel Amaral. Gr\u00e9gory Camphin Ferronnier, C\u00e9cile et Thibault fondatrice et responsable chez IDZIA pour leur aide, soutien, et conseils sur l\u2019\u00e9quipement lumi\u00e8re, et l\u2019aspect technique des installations.","breadcrumb":{"@id":"https:\/\/ailo.fr\/lequipe\/#breadcrumb"},"inLanguage":"en-GB","potentialAction":[{"@type":"ReadAction","target":["https:\/\/ailo.fr\/lequipe\/"]}]},{"@type":"BreadcrumbList","@id":"https:\/\/ailo.fr\/lequipe\/#breadcrumb","itemListElement":[{"@type":"ListItem","position":1,"name":"Accueil","item":"https:\/\/ailo.fr\/"},{"@type":"ListItem","position":2,"name":"L&rsquo;Equipe"}]},{"@type":"WebSite","@id":"https:\/\/ailo.fr\/#website","url":"https:\/\/ailo.fr\/","name":"A.I.L.O it pronounces Hello","description":"Art Immersive Luminous and Obscure","publisher":{"@id":"https:\/\/ailo.fr\/#organization"},"potentialAction":[{"@type":"SearchAction","target":{"@type":"EntryPoint","urlTemplate":"https:\/\/ailo.fr\/?s={search_term_string}"},"query-input":{"@type":"PropertyValueSpecification","valueRequired":true,"valueName":"search_term_string"}}],"inLanguage":"en-GB"},{"@type":"Organization","@id":"https:\/\/ailo.fr\/#organization","name":"AILO","url":"https:\/\/ailo.fr\/","logo":{"@type":"ImageObject","inLanguage":"en-GB","@id":"https:\/\/ailo.fr\/#\/schema\/logo\/image\/","url":"https:\/\/ailo.fr\/wp-content\/uploads\/2016\/10\/logolight-WEB.gif","contentUrl":"https:\/\/ailo.fr\/wp-content\/uploads\/2016\/10\/logolight-WEB.gif","width":177,"height":177,"caption":"AILO"},"image":{"@id":"https:\/\/ailo.fr\/#\/schema\/logo\/image\/"},"sameAs":["https:\/\/www.facebook.com\/profile.php?id=100013094883937","https:\/\/www.instagram.com\/ailoatelier\/"]}]}},"_links":{"self":[{"href":"https:\/\/ailo.fr\/en\/wp-json\/wp\/v2\/pages\/642","targetHints":{"allow":["GET"]}}],"collection":[{"href":"https:\/\/ailo.fr\/en\/wp-json\/wp\/v2\/pages"}],"about":[{"href":"https:\/\/ailo.fr\/en\/wp-json\/wp\/v2\/types\/page"}],"author":[{"embeddable":true,"href":"https:\/\/ailo.fr\/en\/wp-json\/wp\/v2\/users\/1"}],"replies":[{"embeddable":true,"href":"https:\/\/ailo.fr\/en\/wp-json\/wp\/v2\/comments?post=642"}],"version-history":[{"count":1,"href":"https:\/\/ailo.fr\/en\/wp-json\/wp\/v2\/pages\/642\/revisions"}],"predecessor-version":[{"id":3264,"href":"https:\/\/ailo.fr\/en\/wp-json\/wp\/v2\/pages\/642\/revisions\/3264"}],"wp:attachment":[{"href":"https:\/\/ailo.fr\/en\/wp-json\/wp\/v2\/media?parent=642"}],"curies":[{"name":"wp","href":"https:\/\/api.w.org\/{rel}","templated":true}]}}