{"id":348,"date":"2017-02-13T21:44:28","date_gmt":"2017-02-13T20:44:28","guid":{"rendered":"http:\/\/www.ailo-art.com\/?page_id=348"},"modified":"2020-10-23T15:29:13","modified_gmt":"2020-10-23T13:29:13","slug":"prix-icart-artistik-rezo","status":"publish","type":"page","link":"https:\/\/ailo.fr\/en\/prix-icart-artistik-rezo\/","title":{"rendered":"Icart Award \/ Artistik Rezo 2017"},"content":{"rendered":"<p>[et_pb_section fb_built=\u00a0\u00bb1&Prime; admin_label=\u00a0\u00bbsection\u00a0\u00bb _builder_version=\u00a0\u00bb3.22&Prime;][et_pb_row admin_label=\u00a0\u00bbrow\u00a0\u00bb _builder_version=\u00a0\u00bb3.25&Prime;][et_pb_column type=\u00a0\u00bb4_4&Prime; _builder_version=\u00a0\u00bb3.0.47&Prime; custom_padding=\u00a0\u00bb|||\u00a0\u00bb custom_padding__hover=\u00a0\u00bb|||\u00a0\u00bb][et_pb_text admin_label=\u00a0\u00bbAffiche\u00a0\u00bb _builder_version=\u00a0\u00bb3.27.4&Prime; background_size=\u00a0\u00bbinitial\u00a0\u00bb background_position=\u00a0\u00bbtop_left\u00a0\u00bb background_repeat=\u00a0\u00bbrepeat\u00a0\u00bb background_layout=\u00a0\u00bbdark\u00a0\u00bb use_border_color=\u00a0\u00bboff\u00a0\u00bb]<\/p>\n<p style=\"text-align: center;\"><img loading=\"lazy\" decoding=\"async\" class=\"aligncenter wp-image-1045 size-full\" src=\"https:\/\/ailo.fr\/wp-content\/uploads\/2018\/02\/Prix-Icart-Artistik-Rezo.jpg\" alt=\"\" width=\"480\" height=\"678\" srcset=\"https:\/\/ailo.fr\/wp-content\/uploads\/2018\/02\/Prix-Icart-Artistik-Rezo.jpg 480w, https:\/\/ailo.fr\/wp-content\/uploads\/2018\/02\/Prix-Icart-Artistik-Rezo-212x300.jpg 212w\" sizes=\"(max-width: 480px) 100vw, 480px\" \/><\/p>\n<p>[\/et_pb_text][et_pb_text _builder_version=\u00a0\u00bb3.27.4&Prime; background_size=\u00a0\u00bbinitial\u00a0\u00bb background_position=\u00a0\u00bbtop_left\u00a0\u00bb background_repeat=\u00a0\u00bbrepeat\u00a0\u00bb text_orientation=\u00a0\u00bbjustified\u00a0\u00bb use_border_color=\u00a0\u00bboff\u00a0\u00bb]<\/p>\n<p style=\"text-align: justify;\">Installation immersive, dialogue des mati\u00e8res. La sculpture, mati\u00e8re palpable, est transcend\u00e9e par l\u2019apparition g\u00e9om\u00e9trique des r\u00e9flexions lumineuses qui dans une lente chor\u00e9graphie s\u2019organisent en un cube parfait au sol pour ensuite envelopper l\u2019espace autour. La lumi\u00e8re, mati\u00e8re impalpable, parait ici comme sculpt\u00e9e. Jeux d\u2019opposition et de contraste avec la vision qu\u2019offre l\u2019int\u00e9rieur de la sculpture. Une tour de miroirs o\u00f9 les volumes se refl\u00e8tent dans un infini d\u00e9dale de compositions g\u00e9om\u00e9triques. La lumi\u00e8re en mouvement donne vie \u00e0 la sculpture par une lente progression qui invite le spectateur \u00e0 prendre le temps, pour se mettre \u00e0 son rythme.<\/p>\n<p>[\/et_pb_text][\/et_pb_column][\/et_pb_row][et_pb_row admin_label=\u00a0\u00bbrow\u00a0\u00bb _builder_version=\u00a0\u00bb3.25&Prime;][et_pb_column type=\u00a0\u00bb4_4&Prime; _builder_version=\u00a0\u00bb3.0.47&Prime; custom_padding=\u00a0\u00bb|||\u00a0\u00bb custom_padding__hover=\u00a0\u00bb|||\u00a0\u00bb][et_pb_text _builder_version=\u00a0\u00bb3.27.4&Prime; background_size=\u00a0\u00bbinitial\u00a0\u00bb background_position=\u00a0\u00bbtop_left\u00a0\u00bb background_repeat=\u00a0\u00bbrepeat\u00a0\u00bb text_orientation=\u00a0\u00bbcenter\u00a0\u00bb module_alignment=\u00a0\u00bbcenter\u00a0\u00bb use_border_color=\u00a0\u00bboff\u00a0\u00bb border_color=\u00a0\u00bb#ffffff\u00a0\u00bb border_style=\u00a0\u00bbsolid\u00a0\u00bb]<\/p>\n<p><iframe loading=\"lazy\" src=\"https:\/\/player.vimeo.com\/video\/201717204?loop=1&#038;color=ffffff&#038;title=0&#038;byline=0&#038;portrait=0\" width=\"640\" height=\"360\" frameborder=\"0\" allowfullscreen=\"allowfullscreen\"><\/iframe><\/p>\n<p>[\/et_pb_text][et_pb_text admin_label=\u00a0\u00bbImages\u00a0\u00bb _builder_version=\u00a0\u00bb4.6.6&Prime; background_size=\u00a0\u00bbinitial\u00a0\u00bb background_position=\u00a0\u00bbtop_left\u00a0\u00bb background_repeat=\u00a0\u00bbrepeat\u00a0\u00bb text_orientation=\u00a0\u00bbcenter\u00a0\u00bb module_alignment=\u00a0\u00bbcenter\u00a0\u00bb hover_enabled=\u00a0\u00bb0&Prime; use_border_color=\u00a0\u00bboff\u00a0\u00bb sticky_enabled=\u00a0\u00bb0&Prime;]<\/p>\n<ul class=\"et_post_gallery clearfix\">\n\t\t\t\t\t<li class=\"et_gallery_item et_pb_gallery_image\">\n\t\t\t\t\t\t<a href=\"https:\/\/ailo.fr\/wp-content\/uploads\/2018\/02\/light-construction-4.jpg\" title=\"light construction-4\">\n\t\t\t\t\t\t\t<span class=\"et_portfolio_image\">\n\t\t\t\t\t\t\t\t<img loading=\"lazy\" decoding=\"async\" width=\"400\" height=\"284\" src=\"https:\/\/ailo.fr\/wp-content\/uploads\/2018\/02\/light-construction-4-400x284.jpg\" class=\"attachment-et-pb-portfolio-image size-et-pb-portfolio-image\" alt=\"\" \/>\n\t\t\t\t\t\t\t\t<span class=\"et_overlay\"><\/span>\n\t\t\t\t\t\t\t<\/span>\n\t\t\t\t\t\t<\/a>\n\t\t\t\t\t\t\n\t\t\t\t\t<\/li><li class=\"et_gallery_item et_pb_gallery_image\">\n\t\t\t\t\t\t<a href=\"https:\/\/ailo.fr\/wp-content\/uploads\/2018\/02\/light-construction-5.jpg\" title=\"light construction-5\">\n\t\t\t\t\t\t\t<span class=\"et_portfolio_image\">\n\t\t\t\t\t\t\t\t<img loading=\"lazy\" decoding=\"async\" width=\"400\" height=\"284\" src=\"https:\/\/ailo.fr\/wp-content\/uploads\/2018\/02\/light-construction-5-400x284.jpg\" class=\"attachment-et-pb-portfolio-image size-et-pb-portfolio-image\" alt=\"\" \/>\n\t\t\t\t\t\t\t\t<span class=\"et_overlay\"><\/span>\n\t\t\t\t\t\t\t<\/span>\n\t\t\t\t\t\t<\/a>\n\t\t\t\t\t\t\n\t\t\t\t\t<\/li><li class=\"et_gallery_item et_pb_gallery_image\">\n\t\t\t\t\t\t<a href=\"https:\/\/ailo.fr\/wp-content\/uploads\/2018\/02\/light-construction-7.jpg\" title=\"light construction-7\">\n\t\t\t\t\t\t\t<span class=\"et_portfolio_image\">\n\t\t\t\t\t\t\t\t<img loading=\"lazy\" decoding=\"async\" width=\"400\" height=\"284\" src=\"https:\/\/ailo.fr\/wp-content\/uploads\/2018\/02\/light-construction-7-400x284.jpg\" class=\"attachment-et-pb-portfolio-image size-et-pb-portfolio-image\" alt=\"\" \/>\n\t\t\t\t\t\t\t\t<span class=\"et_overlay\"><\/span>\n\t\t\t\t\t\t\t<\/span>\n\t\t\t\t\t\t<\/a>\n\t\t\t\t\t\t\n\t\t\t\t\t<\/li><li class=\"et_gallery_item et_pb_gallery_image\">\n\t\t\t\t\t\t<a href=\"https:\/\/ailo.fr\/wp-content\/uploads\/2018\/02\/light-construction-10.jpg\" title=\"light construction-10\">\n\t\t\t\t\t\t\t<span class=\"et_portfolio_image\">\n\t\t\t\t\t\t\t\t<img loading=\"lazy\" decoding=\"async\" width=\"400\" height=\"284\" src=\"https:\/\/ailo.fr\/wp-content\/uploads\/2018\/02\/light-construction-10-400x284.jpg\" class=\"attachment-et-pb-portfolio-image size-et-pb-portfolio-image\" alt=\"\" \/>\n\t\t\t\t\t\t\t\t<span class=\"et_overlay\"><\/span>\n\t\t\t\t\t\t\t<\/span>\n\t\t\t\t\t\t<\/a>\n\t\t\t\t\t\t\n\t\t\t\t\t<\/li><li class=\"et_gallery_item et_pb_gallery_image\">\n\t\t\t\t\t\t<a href=\"https:\/\/ailo.fr\/wp-content\/uploads\/2018\/02\/light-construction-12.jpg\" title=\"light construction-12\">\n\t\t\t\t\t\t\t<span class=\"et_portfolio_image\">\n\t\t\t\t\t\t\t\t<img loading=\"lazy\" decoding=\"async\" width=\"400\" height=\"284\" src=\"https:\/\/ailo.fr\/wp-content\/uploads\/2018\/02\/light-construction-12-400x284.jpg\" class=\"attachment-et-pb-portfolio-image size-et-pb-portfolio-image\" alt=\"\" \/>\n\t\t\t\t\t\t\t\t<span class=\"et_overlay\"><\/span>\n\t\t\t\t\t\t\t<\/span>\n\t\t\t\t\t\t<\/a>\n\t\t\t\t\t\t\n\t\t\t\t\t<\/li><li class=\"et_gallery_item et_pb_gallery_image\">\n\t\t\t\t\t\t<a href=\"https:\/\/ailo.fr\/wp-content\/uploads\/2018\/02\/light-construction-29.jpg\" title=\"light construction-29\">\n\t\t\t\t\t\t\t<span class=\"et_portfolio_image\">\n\t\t\t\t\t\t\t\t<img loading=\"lazy\" decoding=\"async\" width=\"400\" height=\"284\" src=\"https:\/\/ailo.fr\/wp-content\/uploads\/2018\/02\/light-construction-29-400x284.jpg\" class=\"attachment-et-pb-portfolio-image size-et-pb-portfolio-image\" alt=\"\" \/>\n\t\t\t\t\t\t\t\t<span class=\"et_overlay\"><\/span>\n\t\t\t\t\t\t\t<\/span>\n\t\t\t\t\t\t<\/a>\n\t\t\t\t\t\t\n\t\t\t\t\t<\/li><li class=\"et_gallery_item et_pb_gallery_image\">\n\t\t\t\t\t\t<a href=\"https:\/\/ailo.fr\/wp-content\/uploads\/2018\/02\/light-construction-34.jpg\" title=\"light construction-34\">\n\t\t\t\t\t\t\t<span class=\"et_portfolio_image\">\n\t\t\t\t\t\t\t\t<img loading=\"lazy\" decoding=\"async\" width=\"400\" height=\"284\" src=\"https:\/\/ailo.fr\/wp-content\/uploads\/2018\/02\/light-construction-34-400x284.jpg\" class=\"attachment-et-pb-portfolio-image size-et-pb-portfolio-image\" alt=\"\" \/>\n\t\t\t\t\t\t\t\t<span class=\"et_overlay\"><\/span>\n\t\t\t\t\t\t\t<\/span>\n\t\t\t\t\t\t<\/a>\n\t\t\t\t\t\t\n\t\t\t\t\t<\/li><li class=\"et_gallery_item et_pb_gallery_image\">\n\t\t\t\t\t\t<a href=\"https:\/\/ailo.fr\/wp-content\/uploads\/2018\/02\/light-construction-18.jpg\" title=\"light construction-18\">\n\t\t\t\t\t\t\t<span class=\"et_portfolio_image\">\n\t\t\t\t\t\t\t\t<img loading=\"lazy\" decoding=\"async\" width=\"400\" height=\"284\" src=\"https:\/\/ailo.fr\/wp-content\/uploads\/2018\/02\/light-construction-18-400x284.jpg\" class=\"attachment-et-pb-portfolio-image size-et-pb-portfolio-image\" alt=\"\" \/>\n\t\t\t\t\t\t\t\t<span class=\"et_overlay\"><\/span>\n\t\t\t\t\t\t\t<\/span>\n\t\t\t\t\t\t<\/a>\n\t\t\t\t\t\t\n\t\t\t\t\t<\/li><li class=\"et_gallery_item et_pb_gallery_image\">\n\t\t\t\t\t\t<a href=\"https:\/\/ailo.fr\/wp-content\/uploads\/2018\/02\/light-construction-35.jpg\" title=\"light construction-35\">\n\t\t\t\t\t\t\t<span class=\"et_portfolio_image\">\n\t\t\t\t\t\t\t\t<img loading=\"lazy\" decoding=\"async\" width=\"400\" height=\"284\" src=\"https:\/\/ailo.fr\/wp-content\/uploads\/2018\/02\/light-construction-35-400x284.jpg\" class=\"attachment-et-pb-portfolio-image size-et-pb-portfolio-image\" alt=\"\" \/>\n\t\t\t\t\t\t\t\t<span class=\"et_overlay\"><\/span>\n\t\t\t\t\t\t\t<\/span>\n\t\t\t\t\t\t<\/a>\n\t\t\t\t\t\t\n\t\t\t\t\t<\/li>\n\t\t\t\t<\/ul>\n<\/p>\n<p>[\/et_pb_text][\/et_pb_column][\/et_pb_row][\/et_pb_section]<\/p>\n","protected":false},"excerpt":{"rendered":"<p>Installation immersive, dialogue des mati\u00e8res. La sculpture, mati\u00e8re palpable, est transcend\u00e9e par l\u2019apparition g\u00e9om\u00e9trique des r\u00e9flexions lumineuses qui dans une lente chor\u00e9graphie s\u2019organisent en un cube parfait au sol pour ensuite envelopper l\u2019espace autour. La lumi\u00e8re, mati\u00e8re impalpable, parait ici comme sculpt\u00e9e. Jeux d\u2019opposition et de contraste avec la vision qu\u2019offre l\u2019int\u00e9rieur de la sculpture. [&hellip;]<\/p>\n","protected":false},"author":1,"featured_media":0,"parent":0,"menu_order":0,"comment_status":"closed","ping_status":"closed","template":"","meta":{"_et_pb_use_builder":"on","_et_pb_old_content":"","_et_gb_content_width":"","footnotes":""},"class_list":["post-348","page","type-page","status-publish","hentry"],"yoast_head":"<!-- This site is optimized with the Yoast SEO plugin v27.4 - https:\/\/yoast.com\/product\/yoast-seo-wordpress\/ -->\n<title>Prix Icart \/ Artistik Rezo 2017 - A.I.L.O se prononce Hello<\/title>\n<meta name=\"description\" content=\"Prix Icart-Artistik Rezo, prix de la jeune cr\u00e9ation contemproraine. Exposition collective au centre Artasia en janvier 2017 \u00e0 Paris. S\u00e9lection de l&#039;oeuvre &#039;Light Construction&quot; par Ailo. Installation immersive, dialogue des mati\u00e8res, environnement sonore. AILO, Atelier d\u2019Immersion Lumineuse et Obscure, entit\u00e9 artistique qui se d\u00e9die \u00e0 une recherche de dialogue et d\u2019interactions entre diff\u00e9rents mat\u00e9riaux et proc\u00e9d\u00e9s num\u00e9riques et analogiques. Entre Art contemporain et Art num\u00e9rique.\" \/>\n<meta name=\"robots\" content=\"index, follow, max-snippet:-1, max-image-preview:large, max-video-preview:-1\" \/>\n<link rel=\"canonical\" href=\"https:\/\/ailo.fr\/en\/prix-icart-artistik-rezo\/\" \/>\n<meta property=\"og:locale\" content=\"en_GB\" \/>\n<meta property=\"og:type\" content=\"article\" \/>\n<meta property=\"og:title\" content=\"Prix Icart \/ Artistik Rezo 2017 - A.I.L.O se prononce Hello\" \/>\n<meta property=\"og:description\" content=\"Prix Icart-Artistik Rezo, prix de la jeune cr\u00e9ation contemproraine. Exposition collective au centre Artasia en janvier 2017 \u00e0 Paris. S\u00e9lection de l&#039;oeuvre &#039;Light Construction&quot; par Ailo. Installation immersive, dialogue des mati\u00e8res, environnement sonore. AILO, Atelier d\u2019Immersion Lumineuse et Obscure, entit\u00e9 artistique qui se d\u00e9die \u00e0 une recherche de dialogue et d\u2019interactions entre diff\u00e9rents mat\u00e9riaux et proc\u00e9d\u00e9s num\u00e9riques et analogiques. Entre Art contemporain et Art num\u00e9rique.\" \/>\n<meta property=\"og:url\" content=\"https:\/\/ailo.fr\/en\/prix-icart-artistik-rezo\/\" \/>\n<meta property=\"og:site_name\" content=\"A.I.L.O se prononce Hello\" \/>\n<meta property=\"article:publisher\" content=\"https:\/\/www.facebook.com\/profile.php?id=100013094883937\" \/>\n<meta property=\"article:modified_time\" content=\"2020-10-23T13:29:13+00:00\" \/>\n<meta property=\"og:image\" content=\"https:\/\/ailo.fr\/wp-content\/uploads\/2018\/02\/Prix-Icart-Artistik-Rezo.jpg\" \/>\n<meta name=\"twitter:card\" content=\"summary_large_image\" \/>\n<meta name=\"twitter:label1\" content=\"Estimated reading time\" \/>\n\t<meta name=\"twitter:data1\" content=\"2 minutes\" \/>\n<script type=\"application\/ld+json\" class=\"yoast-schema-graph\">{\"@context\":\"https:\\\/\\\/schema.org\",\"@graph\":[{\"@type\":\"WebPage\",\"@id\":\"https:\\\/\\\/ailo.fr\\\/prix-icart-artistik-rezo\\\/\",\"url\":\"https:\\\/\\\/ailo.fr\\\/prix-icart-artistik-rezo\\\/\",\"name\":\"Prix Icart \\\/ Artistik Rezo 2017 - A.I.L.O se prononce Hello\",\"isPartOf\":{\"@id\":\"https:\\\/\\\/ailo.fr\\\/#website\"},\"primaryImageOfPage\":{\"@id\":\"https:\\\/\\\/ailo.fr\\\/prix-icart-artistik-rezo\\\/#primaryimage\"},\"image\":{\"@id\":\"https:\\\/\\\/ailo.fr\\\/prix-icart-artistik-rezo\\\/#primaryimage\"},\"thumbnailUrl\":\"https:\\\/\\\/ailo.fr\\\/wp-content\\\/uploads\\\/2018\\\/02\\\/Prix-Icart-Artistik-Rezo.jpg\",\"datePublished\":\"2017-02-13T20:44:28+00:00\",\"dateModified\":\"2020-10-23T13:29:13+00:00\",\"description\":\"Prix Icart-Artistik Rezo, prix de la jeune cr\u00e9ation contemproraine. Exposition collective au centre Artasia en janvier 2017 \u00e0 Paris. S\u00e9lection de l'oeuvre 'Light Construction\\\" par Ailo. Installation immersive, dialogue des mati\u00e8res, environnement sonore. AILO, Atelier d\u2019Immersion Lumineuse et Obscure, entit\u00e9 artistique qui se d\u00e9die \u00e0 une recherche de dialogue et d\u2019interactions entre diff\u00e9rents mat\u00e9riaux et proc\u00e9d\u00e9s num\u00e9riques et analogiques. Entre Art contemporain et Art num\u00e9rique.\",\"breadcrumb\":{\"@id\":\"https:\\\/\\\/ailo.fr\\\/prix-icart-artistik-rezo\\\/#breadcrumb\"},\"inLanguage\":\"en-GB\",\"potentialAction\":[{\"@type\":\"ReadAction\",\"target\":[\"https:\\\/\\\/ailo.fr\\\/prix-icart-artistik-rezo\\\/\"]}]},{\"@type\":\"ImageObject\",\"inLanguage\":\"en-GB\",\"@id\":\"https:\\\/\\\/ailo.fr\\\/prix-icart-artistik-rezo\\\/#primaryimage\",\"url\":\"https:\\\/\\\/ailo.fr\\\/wp-content\\\/uploads\\\/2018\\\/02\\\/Prix-Icart-Artistik-Rezo.jpg\",\"contentUrl\":\"https:\\\/\\\/ailo.fr\\\/wp-content\\\/uploads\\\/2018\\\/02\\\/Prix-Icart-Artistik-Rezo.jpg\"},{\"@type\":\"BreadcrumbList\",\"@id\":\"https:\\\/\\\/ailo.fr\\\/prix-icart-artistik-rezo\\\/#breadcrumb\",\"itemListElement\":[{\"@type\":\"ListItem\",\"position\":1,\"name\":\"Accueil\",\"item\":\"https:\\\/\\\/ailo.fr\\\/\"},{\"@type\":\"ListItem\",\"position\":2,\"name\":\"Prix Icart \\\/ Artistik Rezo 2017\"}]},{\"@type\":\"WebSite\",\"@id\":\"https:\\\/\\\/ailo.fr\\\/#website\",\"url\":\"https:\\\/\\\/ailo.fr\\\/\",\"name\":\"A.I.L.O se prononce Hello\",\"description\":\"Atelier d&#039;Immersion Lumineuse et Obscure\",\"publisher\":{\"@id\":\"https:\\\/\\\/ailo.fr\\\/#organization\"},\"potentialAction\":[{\"@type\":\"SearchAction\",\"target\":{\"@type\":\"EntryPoint\",\"urlTemplate\":\"https:\\\/\\\/ailo.fr\\\/?s={search_term_string}\"},\"query-input\":{\"@type\":\"PropertyValueSpecification\",\"valueRequired\":true,\"valueName\":\"search_term_string\"}}],\"inLanguage\":\"en-GB\"},{\"@type\":\"Organization\",\"@id\":\"https:\\\/\\\/ailo.fr\\\/#organization\",\"name\":\"AILO\",\"url\":\"https:\\\/\\\/ailo.fr\\\/\",\"logo\":{\"@type\":\"ImageObject\",\"inLanguage\":\"en-GB\",\"@id\":\"https:\\\/\\\/ailo.fr\\\/#\\\/schema\\\/logo\\\/image\\\/\",\"url\":\"https:\\\/\\\/ailo.fr\\\/wp-content\\\/uploads\\\/2016\\\/10\\\/logolight-WEB.gif\",\"contentUrl\":\"https:\\\/\\\/ailo.fr\\\/wp-content\\\/uploads\\\/2016\\\/10\\\/logolight-WEB.gif\",\"width\":177,\"height\":177,\"caption\":\"AILO\"},\"image\":{\"@id\":\"https:\\\/\\\/ailo.fr\\\/#\\\/schema\\\/logo\\\/image\\\/\"},\"sameAs\":[\"https:\\\/\\\/www.facebook.com\\\/profile.php?id=100013094883937\",\"https:\\\/\\\/www.instagram.com\\\/ailoatelier\\\/\"]}]}<\/script>\n<!-- \/ Yoast SEO plugin. -->","yoast_head_json":{"title":"Prix Icart \/ Artistik Rezo 2017 - A.I.L.O se prononce Hello","description":"Prix Icart-Artistik Rezo, prix de la jeune cr\u00e9ation contemproraine. Exposition collective au centre Artasia en janvier 2017 \u00e0 Paris. S\u00e9lection de l'oeuvre 'Light Construction\" par Ailo. Installation immersive, dialogue des mati\u00e8res, environnement sonore. AILO, Atelier d\u2019Immersion Lumineuse et Obscure, entit\u00e9 artistique qui se d\u00e9die \u00e0 une recherche de dialogue et d\u2019interactions entre diff\u00e9rents mat\u00e9riaux et proc\u00e9d\u00e9s num\u00e9riques et analogiques. Entre Art contemporain et Art num\u00e9rique.","robots":{"index":"index","follow":"follow","max-snippet":"max-snippet:-1","max-image-preview":"max-image-preview:large","max-video-preview":"max-video-preview:-1"},"canonical":"https:\/\/ailo.fr\/en\/prix-icart-artistik-rezo\/","og_locale":"en_GB","og_type":"article","og_title":"Prix Icart \/ Artistik Rezo 2017 - A.I.L.O se prononce Hello","og_description":"Prix Icart-Artistik Rezo, prix de la jeune cr\u00e9ation contemproraine. Exposition collective au centre Artasia en janvier 2017 \u00e0 Paris. S\u00e9lection de l'oeuvre 'Light Construction\" par Ailo. Installation immersive, dialogue des mati\u00e8res, environnement sonore. AILO, Atelier d\u2019Immersion Lumineuse et Obscure, entit\u00e9 artistique qui se d\u00e9die \u00e0 une recherche de dialogue et d\u2019interactions entre diff\u00e9rents mat\u00e9riaux et proc\u00e9d\u00e9s num\u00e9riques et analogiques. Entre Art contemporain et Art num\u00e9rique.","og_url":"https:\/\/ailo.fr\/en\/prix-icart-artistik-rezo\/","og_site_name":"A.I.L.O se prononce Hello","article_publisher":"https:\/\/www.facebook.com\/profile.php?id=100013094883937","article_modified_time":"2020-10-23T13:29:13+00:00","og_image":[{"url":"https:\/\/ailo.fr\/wp-content\/uploads\/2018\/02\/Prix-Icart-Artistik-Rezo.jpg","type":"","width":"","height":""}],"twitter_card":"summary_large_image","twitter_misc":{"Estimated reading time":"2 minutes"},"schema":{"@context":"https:\/\/schema.org","@graph":[{"@type":"WebPage","@id":"https:\/\/ailo.fr\/prix-icart-artistik-rezo\/","url":"https:\/\/ailo.fr\/prix-icart-artistik-rezo\/","name":"Prix Icart \/ Artistik Rezo 2017 - A.I.L.O se prononce Hello","isPartOf":{"@id":"https:\/\/ailo.fr\/#website"},"primaryImageOfPage":{"@id":"https:\/\/ailo.fr\/prix-icart-artistik-rezo\/#primaryimage"},"image":{"@id":"https:\/\/ailo.fr\/prix-icart-artistik-rezo\/#primaryimage"},"thumbnailUrl":"https:\/\/ailo.fr\/wp-content\/uploads\/2018\/02\/Prix-Icart-Artistik-Rezo.jpg","datePublished":"2017-02-13T20:44:28+00:00","dateModified":"2020-10-23T13:29:13+00:00","description":"Prix Icart-Artistik Rezo, prix de la jeune cr\u00e9ation contemproraine. Exposition collective au centre Artasia en janvier 2017 \u00e0 Paris. S\u00e9lection de l'oeuvre 'Light Construction\" par Ailo. Installation immersive, dialogue des mati\u00e8res, environnement sonore. AILO, Atelier d\u2019Immersion Lumineuse et Obscure, entit\u00e9 artistique qui se d\u00e9die \u00e0 une recherche de dialogue et d\u2019interactions entre diff\u00e9rents mat\u00e9riaux et proc\u00e9d\u00e9s num\u00e9riques et analogiques. Entre Art contemporain et Art num\u00e9rique.","breadcrumb":{"@id":"https:\/\/ailo.fr\/prix-icart-artistik-rezo\/#breadcrumb"},"inLanguage":"en-GB","potentialAction":[{"@type":"ReadAction","target":["https:\/\/ailo.fr\/prix-icart-artistik-rezo\/"]}]},{"@type":"ImageObject","inLanguage":"en-GB","@id":"https:\/\/ailo.fr\/prix-icart-artistik-rezo\/#primaryimage","url":"https:\/\/ailo.fr\/wp-content\/uploads\/2018\/02\/Prix-Icart-Artistik-Rezo.jpg","contentUrl":"https:\/\/ailo.fr\/wp-content\/uploads\/2018\/02\/Prix-Icart-Artistik-Rezo.jpg"},{"@type":"BreadcrumbList","@id":"https:\/\/ailo.fr\/prix-icart-artistik-rezo\/#breadcrumb","itemListElement":[{"@type":"ListItem","position":1,"name":"Accueil","item":"https:\/\/ailo.fr\/"},{"@type":"ListItem","position":2,"name":"Prix Icart \/ Artistik Rezo 2017"}]},{"@type":"WebSite","@id":"https:\/\/ailo.fr\/#website","url":"https:\/\/ailo.fr\/","name":"A.I.L.O it pronounces Hello","description":"Art Immersive Luminous and Obscure","publisher":{"@id":"https:\/\/ailo.fr\/#organization"},"potentialAction":[{"@type":"SearchAction","target":{"@type":"EntryPoint","urlTemplate":"https:\/\/ailo.fr\/?s={search_term_string}"},"query-input":{"@type":"PropertyValueSpecification","valueRequired":true,"valueName":"search_term_string"}}],"inLanguage":"en-GB"},{"@type":"Organization","@id":"https:\/\/ailo.fr\/#organization","name":"AILO","url":"https:\/\/ailo.fr\/","logo":{"@type":"ImageObject","inLanguage":"en-GB","@id":"https:\/\/ailo.fr\/#\/schema\/logo\/image\/","url":"https:\/\/ailo.fr\/wp-content\/uploads\/2016\/10\/logolight-WEB.gif","contentUrl":"https:\/\/ailo.fr\/wp-content\/uploads\/2016\/10\/logolight-WEB.gif","width":177,"height":177,"caption":"AILO"},"image":{"@id":"https:\/\/ailo.fr\/#\/schema\/logo\/image\/"},"sameAs":["https:\/\/www.facebook.com\/profile.php?id=100013094883937","https:\/\/www.instagram.com\/ailoatelier\/"]}]}},"_links":{"self":[{"href":"https:\/\/ailo.fr\/en\/wp-json\/wp\/v2\/pages\/348","targetHints":{"allow":["GET"]}}],"collection":[{"href":"https:\/\/ailo.fr\/en\/wp-json\/wp\/v2\/pages"}],"about":[{"href":"https:\/\/ailo.fr\/en\/wp-json\/wp\/v2\/types\/page"}],"author":[{"embeddable":true,"href":"https:\/\/ailo.fr\/en\/wp-json\/wp\/v2\/users\/1"}],"replies":[{"embeddable":true,"href":"https:\/\/ailo.fr\/en\/wp-json\/wp\/v2\/comments?post=348"}],"version-history":[{"count":0,"href":"https:\/\/ailo.fr\/en\/wp-json\/wp\/v2\/pages\/348\/revisions"}],"wp:attachment":[{"href":"https:\/\/ailo.fr\/en\/wp-json\/wp\/v2\/media?parent=348"}],"curies":[{"name":"wp","href":"https:\/\/api.w.org\/{rel}","templated":true}]}}