{"id":3288,"date":"2026-01-04T19:18:27","date_gmt":"2026-01-04T18:18:27","guid":{"rendered":"https:\/\/ailo.fr\/?page_id=3288"},"modified":"2026-01-04T19:22:52","modified_gmt":"2026-01-04T18:22:52","slug":"lumieresonore","status":"publish","type":"page","link":"https:\/\/ailo.fr\/en\/lumieresonore\/","title":{"rendered":"Lumi\u00e8re sonore"},"content":{"rendered":"<p>[et_pb_section fb_built=\u00a0\u00bb1&Prime; admin_label=\u00a0\u00bbsection\u00a0\u00bb _builder_version=\u00a0\u00bb4.16&Prime; global_colors_info=\u00a0\u00bb{}\u00a0\u00bb][et_pb_row admin_label=\u00a0\u00bbrow\u00a0\u00bb _builder_version=\u00a0\u00bb4.16&Prime; background_size=\u00a0\u00bbinitial\u00a0\u00bb background_position=\u00a0\u00bbtop_left\u00a0\u00bb background_repeat=\u00a0\u00bbrepeat\u00a0\u00bb global_colors_info=\u00a0\u00bb{}\u00a0\u00bb][et_pb_column type=\u00a0\u00bb4_4&Prime; _builder_version=\u00a0\u00bb4.16&Prime; custom_padding=\u00a0\u00bb|||\u00a0\u00bb global_colors_info=\u00a0\u00bb{}\u00a0\u00bb custom_padding__hover=\u00a0\u00bb|||\u00a0\u00bb][et_pb_text _builder_version=\u00a0\u00bb4.27.5&Prime; _module_preset=\u00a0\u00bbdefault\u00a0\u00bb hover_enabled=\u00a0\u00bb0&Prime; global_colors_info=\u00a0\u00bb{}\u00a0\u00bb sticky_enabled=\u00a0\u00bb0&Prime;]<\/p>\n<p><iframe loading=\"lazy\" title=\"&quot;Lumi\u00e8res sonores&quot;, performance.\" src=\"https:\/\/player.vimeo.com\/video\/833262743?dnt=1&amp;app_id=122963\" width=\"1080\" height=\"608\" frameborder=\"0\" allow=\"autoplay; fullscreen; picture-in-picture; clipboard-write; encrypted-media; web-share\" referrerpolicy=\"strict-origin-when-cross-origin\"><\/iframe><\/p>\n<p>[\/et_pb_text][et_pb_text _builder_version=\u00a0\u00bb4.27.5&Prime; _module_preset=\u00a0\u00bbdefault\u00a0\u00bb hover_enabled=\u00a0\u00bb0&Prime; global_colors_info=\u00a0\u00bb{}\u00a0\u00bb sticky_enabled=\u00a0\u00bb0&Prime;]<\/p>\n<ul class=\"et_post_gallery clearfix\">\n\t\t\t\t\t<li class=\"et_gallery_item et_pb_gallery_image\">\n\t\t\t\t\t\t<a href=\"https:\/\/ailo.fr\/wp-content\/uploads\/2026\/01\/Lumiere-sonore-by-studio-A.I.L.O.-\u00a9-Kanizaj-Marija-for-Klanglicht-2024-8992.jpg\" title=\"\">\n\t\t\t\t\t\t\t<span class=\"et_portfolio_image\">\n\t\t\t\t\t\t\t\t<img loading=\"lazy\" decoding=\"async\" width=\"400\" height=\"284\" src=\"https:\/\/ailo.fr\/wp-content\/uploads\/2026\/01\/Lumiere-sonore-by-studio-A.I.L.O.-\u00a9-Kanizaj-Marija-for-Klanglicht-2024-8992-400x284.jpg\" class=\"attachment-et-pb-portfolio-image size-et-pb-portfolio-image\" alt=\"\" \/>\n\t\t\t\t\t\t\t\t<span class=\"et_overlay\"><\/span>\n\t\t\t\t\t\t\t<\/span>\n\t\t\t\t\t\t<\/a>\n\t\t\t\t\t\t\n\t\t\t\t\t<\/li><li class=\"et_gallery_item et_pb_gallery_image\">\n\t\t\t\t\t\t<a href=\"https:\/\/ailo.fr\/wp-content\/uploads\/2026\/01\/Lumiere-sonore-by-studio-A.I.L.O.-\u00a9-Kanizaj-Marija-for-Klanglicht-2024-8989.jpg\" title=\"\">\n\t\t\t\t\t\t\t<span class=\"et_portfolio_image\">\n\t\t\t\t\t\t\t\t<img loading=\"lazy\" decoding=\"async\" width=\"400\" height=\"284\" src=\"https:\/\/ailo.fr\/wp-content\/uploads\/2026\/01\/Lumiere-sonore-by-studio-A.I.L.O.-\u00a9-Kanizaj-Marija-for-Klanglicht-2024-8989-400x284.jpg\" class=\"attachment-et-pb-portfolio-image size-et-pb-portfolio-image\" alt=\"\" srcset=\"https:\/\/ailo.fr\/wp-content\/uploads\/2026\/01\/Lumiere-sonore-by-studio-A.I.L.O.-\u00a9-Kanizaj-Marija-for-Klanglicht-2024-8989-400x284.jpg 400w, https:\/\/ailo.fr\/wp-content\/uploads\/2026\/01\/Lumiere-sonore-by-studio-A.I.L.O.-\u00a9-Kanizaj-Marija-for-Klanglicht-2024-8989-18x12.jpg 18w\" sizes=\"(max-width: 400px) 100vw, 400px\" \/>\n\t\t\t\t\t\t\t\t<span class=\"et_overlay\"><\/span>\n\t\t\t\t\t\t\t<\/span>\n\t\t\t\t\t\t<\/a>\n\t\t\t\t\t\t\n\t\t\t\t\t<\/li><li class=\"et_gallery_item et_pb_gallery_image\">\n\t\t\t\t\t\t<a href=\"https:\/\/ailo.fr\/wp-content\/uploads\/2026\/01\/Lumiere-sonore-by-studio-A.I.L.O.-\u00a9-Kanizaj-Marija-for-Klanglicht-2024-8988.jpg\" title=\"\">\n\t\t\t\t\t\t\t<span class=\"et_portfolio_image\">\n\t\t\t\t\t\t\t\t<img loading=\"lazy\" decoding=\"async\" width=\"400\" height=\"284\" src=\"https:\/\/ailo.fr\/wp-content\/uploads\/2026\/01\/Lumiere-sonore-by-studio-A.I.L.O.-\u00a9-Kanizaj-Marija-for-Klanglicht-2024-8988-400x284.jpg\" class=\"attachment-et-pb-portfolio-image size-et-pb-portfolio-image\" alt=\"\" srcset=\"https:\/\/ailo.fr\/wp-content\/uploads\/2026\/01\/Lumiere-sonore-by-studio-A.I.L.O.-\u00a9-Kanizaj-Marija-for-Klanglicht-2024-8988-400x284.jpg 400w, https:\/\/ailo.fr\/wp-content\/uploads\/2026\/01\/Lumiere-sonore-by-studio-A.I.L.O.-\u00a9-Kanizaj-Marija-for-Klanglicht-2024-8988-18x12.jpg 18w\" sizes=\"(max-width: 400px) 100vw, 400px\" \/>\n\t\t\t\t\t\t\t\t<span class=\"et_overlay\"><\/span>\n\t\t\t\t\t\t\t<\/span>\n\t\t\t\t\t\t<\/a>\n\t\t\t\t\t\t\n\t\t\t\t\t<\/li><li class=\"et_gallery_item et_pb_gallery_image\">\n\t\t\t\t\t\t<a href=\"https:\/\/ailo.fr\/wp-content\/uploads\/2026\/01\/Lumiere-sonore-by-studio-A.I.L.O.-\u00a9-Kanizaj-Marija-for-Klanglicht-2024-9001.jpg\" title=\"\">\n\t\t\t\t\t\t\t<span class=\"et_portfolio_image\">\n\t\t\t\t\t\t\t\t<img loading=\"lazy\" decoding=\"async\" width=\"400\" height=\"284\" src=\"https:\/\/ailo.fr\/wp-content\/uploads\/2026\/01\/Lumiere-sonore-by-studio-A.I.L.O.-\u00a9-Kanizaj-Marija-for-Klanglicht-2024-9001-400x284.jpg\" class=\"attachment-et-pb-portfolio-image size-et-pb-portfolio-image\" alt=\"\" srcset=\"https:\/\/ailo.fr\/wp-content\/uploads\/2026\/01\/Lumiere-sonore-by-studio-A.I.L.O.-\u00a9-Kanizaj-Marija-for-Klanglicht-2024-9001-400x284.jpg 400w, https:\/\/ailo.fr\/wp-content\/uploads\/2026\/01\/Lumiere-sonore-by-studio-A.I.L.O.-\u00a9-Kanizaj-Marija-for-Klanglicht-2024-9001-18x12.jpg 18w\" sizes=\"(max-width: 400px) 100vw, 400px\" \/>\n\t\t\t\t\t\t\t\t<span class=\"et_overlay\"><\/span>\n\t\t\t\t\t\t\t<\/span>\n\t\t\t\t\t\t<\/a>\n\t\t\t\t\t\t\n\t\t\t\t\t<\/li><li class=\"et_gallery_item et_pb_gallery_image\">\n\t\t\t\t\t\t<a href=\"https:\/\/ailo.fr\/wp-content\/uploads\/2026\/01\/Lumiere-sonore-by-studio-A.I.L.O.-\u00a9-Kanizaj-Marija-for-Klanglicht-2024-9005.jpg\" title=\"\">\n\t\t\t\t\t\t\t<span class=\"et_portfolio_image\">\n\t\t\t\t\t\t\t\t<img loading=\"lazy\" decoding=\"async\" width=\"400\" height=\"284\" src=\"https:\/\/ailo.fr\/wp-content\/uploads\/2026\/01\/Lumiere-sonore-by-studio-A.I.L.O.-\u00a9-Kanizaj-Marija-for-Klanglicht-2024-9005-400x284.jpg\" class=\"attachment-et-pb-portfolio-image size-et-pb-portfolio-image\" alt=\"\" srcset=\"https:\/\/ailo.fr\/wp-content\/uploads\/2026\/01\/Lumiere-sonore-by-studio-A.I.L.O.-\u00a9-Kanizaj-Marija-for-Klanglicht-2024-9005-400x284.jpg 400w, https:\/\/ailo.fr\/wp-content\/uploads\/2026\/01\/Lumiere-sonore-by-studio-A.I.L.O.-\u00a9-Kanizaj-Marija-for-Klanglicht-2024-9005-18x12.jpg 18w\" sizes=\"(max-width: 400px) 100vw, 400px\" \/>\n\t\t\t\t\t\t\t\t<span class=\"et_overlay\"><\/span>\n\t\t\t\t\t\t\t<\/span>\n\t\t\t\t\t\t<\/a>\n\t\t\t\t\t\t\n\t\t\t\t\t<\/li><li class=\"et_gallery_item et_pb_gallery_image\">\n\t\t\t\t\t\t<a href=\"https:\/\/ailo.fr\/wp-content\/uploads\/2026\/01\/Lumiere-sonore-by-studio-A.I.L.O.-\u00a9-Kanizaj-Marija-for-Klanglicht-2024-9009.jpg\" title=\"\">\n\t\t\t\t\t\t\t<span class=\"et_portfolio_image\">\n\t\t\t\t\t\t\t\t<img loading=\"lazy\" decoding=\"async\" width=\"400\" height=\"284\" src=\"https:\/\/ailo.fr\/wp-content\/uploads\/2026\/01\/Lumiere-sonore-by-studio-A.I.L.O.-\u00a9-Kanizaj-Marija-for-Klanglicht-2024-9009-400x284.jpg\" class=\"attachment-et-pb-portfolio-image size-et-pb-portfolio-image\" alt=\"\" srcset=\"https:\/\/ailo.fr\/wp-content\/uploads\/2026\/01\/Lumiere-sonore-by-studio-A.I.L.O.-\u00a9-Kanizaj-Marija-for-Klanglicht-2024-9009-400x284.jpg 400w, https:\/\/ailo.fr\/wp-content\/uploads\/2026\/01\/Lumiere-sonore-by-studio-A.I.L.O.-\u00a9-Kanizaj-Marija-for-Klanglicht-2024-9009-18x12.jpg 18w\" sizes=\"(max-width: 400px) 100vw, 400px\" \/>\n\t\t\t\t\t\t\t\t<span class=\"et_overlay\"><\/span>\n\t\t\t\t\t\t\t<\/span>\n\t\t\t\t\t\t<\/a>\n\t\t\t\t\t\t\n\t\t\t\t\t<\/li>\n\t\t\t\t<\/ul>\n<p><em>Lumi\u00e8re sonore<\/em> \u00e0 l&rsquo;Op\u00e9ra de Graz, Autriche pour Klanglicht Festival 2024. \u00a9photos: Kanizaj Mariza<\/p>\n<blockquote class=\"wp-embedded-content\" data-secret=\"JhuEVCVkhb\"><p><a href=\"https:\/\/klanglicht.buehnen-graz.com\/en\/installation\/lumiere-sonore\/\">LUMI\u00c8RE SONORE<\/a><\/p><\/blockquote>\n<p><iframe loading=\"lazy\" class=\"wp-embedded-content\" sandbox=\"allow-scripts\" security=\"restricted\" style=\"position: absolute; visibility: hidden;\" title=\"&#8220;LUMI\u00c8RE SONORE&#8221; &#8212; Klanglicht\" src=\"https:\/\/klanglicht.buehnen-graz.com\/en\/installation\/lumiere-sonore\/embed\/#?secret=6mH4CcNB0M#?secret=JhuEVCVkhb\" data-secret=\"JhuEVCVkhb\" width=\"600\" height=\"338\" frameborder=\"0\" marginwidth=\"0\" marginheight=\"0\" scrolling=\"no\"><\/iframe><\/p>\n<p>[\/et_pb_text][\/et_pb_column][\/et_pb_row][\/et_pb_section]<\/p>\n","protected":false},"excerpt":{"rendered":"<p>https:\/\/vimeo.com\/833262743?fl=pl&amp;fe=sh<ul class=\"et_post_gallery clearfix\">\n\t\t\t\t\t<li class=\"et_gallery_item et_pb_gallery_image\">\n\t\t\t\t\t\t<a href=\"https:\/\/ailo.fr\/wp-content\/uploads\/2026\/01\/Lumiere-sonore-by-studio-A.I.L.O.-\u00a9-Kanizaj-Marija-for-Klanglicht-2024-8992.jpg\" title=\"\">\n\t\t\t\t\t\t\t<span class=\"et_portfolio_image\">\n\t\t\t\t\t\t\t\t<img width=\"400\" height=\"284\" src=\"https:\/\/ailo.fr\/wp-content\/uploads\/2026\/01\/Lumiere-sonore-by-studio-A.I.L.O.-\u00a9-Kanizaj-Marija-for-Klanglicht-2024-8992-400x284.jpg\" class=\"attachment-et-pb-portfolio-image size-et-pb-portfolio-image\" alt=\"\" decoding=\"async\" loading=\"lazy\" \/>\n\t\t\t\t\t\t\t\t<span class=\"et_overlay\"><\/span>\n\t\t\t\t\t\t\t<\/span>\n\t\t\t\t\t\t<\/a>\n\t\t\t\t\t\t\n\t\t\t\t\t<\/li><li class=\"et_gallery_item et_pb_gallery_image\">\n\t\t\t\t\t\t<a href=\"https:\/\/ailo.fr\/wp-content\/uploads\/2026\/01\/Lumiere-sonore-by-studio-A.I.L.O.-\u00a9-Kanizaj-Marija-for-Klanglicht-2024-8989.jpg\" title=\"\">\n\t\t\t\t\t\t\t<span class=\"et_portfolio_image\">\n\t\t\t\t\t\t\t\t<img width=\"400\" height=\"284\" src=\"https:\/\/ailo.fr\/wp-content\/uploads\/2026\/01\/Lumiere-sonore-by-studio-A.I.L.O.-\u00a9-Kanizaj-Marija-for-Klanglicht-2024-8989-400x284.jpg\" class=\"attachment-et-pb-portfolio-image size-et-pb-portfolio-image\" alt=\"\" decoding=\"async\" loading=\"lazy\" srcset=\"https:\/\/ailo.fr\/wp-content\/uploads\/2026\/01\/Lumiere-sonore-by-studio-A.I.L.O.-\u00a9-Kanizaj-Marija-for-Klanglicht-2024-8989-400x284.jpg 400w, https:\/\/ailo.fr\/wp-content\/uploads\/2026\/01\/Lumiere-sonore-by-studio-A.I.L.O.-\u00a9-Kanizaj-Marija-for-Klanglicht-2024-8989-18x12.jpg 18w\" sizes=\"(max-width: 400px) 100vw, 400px\" \/>\n\t\t\t\t\t\t\t\t<span class=\"et_overlay\"><\/span>\n\t\t\t\t\t\t\t<\/span>\n\t\t\t\t\t\t<\/a>\n\t\t\t\t\t\t\n\t\t\t\t\t<\/li><li class=\"et_gallery_item et_pb_gallery_image\">\n\t\t\t\t\t\t<a href=\"https:\/\/ailo.fr\/wp-content\/uploads\/2026\/01\/Lumiere-sonore-by-studio-A.I.L.O.-\u00a9-Kanizaj-Marija-for-Klanglicht-2024-8988.jpg\" title=\"\">\n\t\t\t\t\t\t\t<span class=\"et_portfolio_image\">\n\t\t\t\t\t\t\t\t<img width=\"400\" height=\"284\" src=\"https:\/\/ailo.fr\/wp-content\/uploads\/2026\/01\/Lumiere-sonore-by-studio-A.I.L.O.-\u00a9-Kanizaj-Marija-for-Klanglicht-2024-8988-400x284.jpg\" class=\"attachment-et-pb-portfolio-image size-et-pb-portfolio-image\" alt=\"\" decoding=\"async\" loading=\"lazy\" srcset=\"https:\/\/ailo.fr\/wp-content\/uploads\/2026\/01\/Lumiere-sonore-by-studio-A.I.L.O.-\u00a9-Kanizaj-Marija-for-Klanglicht-2024-8988-400x284.jpg 400w, https:\/\/ailo.fr\/wp-content\/uploads\/2026\/01\/Lumiere-sonore-by-studio-A.I.L.O.-\u00a9-Kanizaj-Marija-for-Klanglicht-2024-8988-18x12.jpg 18w\" sizes=\"(max-width: 400px) 100vw, 400px\" \/>\n\t\t\t\t\t\t\t\t<span class=\"et_overlay\"><\/span>\n\t\t\t\t\t\t\t<\/span>\n\t\t\t\t\t\t<\/a>\n\t\t\t\t\t\t\n\t\t\t\t\t<\/li><li class=\"et_gallery_item et_pb_gallery_image\">\n\t\t\t\t\t\t<a href=\"https:\/\/ailo.fr\/wp-content\/uploads\/2026\/01\/Lumiere-sonore-by-studio-A.I.L.O.-\u00a9-Kanizaj-Marija-for-Klanglicht-2024-9001.jpg\" title=\"\">\n\t\t\t\t\t\t\t<span class=\"et_portfolio_image\">\n\t\t\t\t\t\t\t\t<img width=\"400\" height=\"284\" src=\"https:\/\/ailo.fr\/wp-content\/uploads\/2026\/01\/Lumiere-sonore-by-studio-A.I.L.O.-\u00a9-Kanizaj-Marija-for-Klanglicht-2024-9001-400x284.jpg\" class=\"attachment-et-pb-portfolio-image size-et-pb-portfolio-image\" alt=\"\" decoding=\"async\" loading=\"lazy\" srcset=\"https:\/\/ailo.fr\/wp-content\/uploads\/2026\/01\/Lumiere-sonore-by-studio-A.I.L.O.-\u00a9-Kanizaj-Marija-for-Klanglicht-2024-9001-400x284.jpg 400w, https:\/\/ailo.fr\/wp-content\/uploads\/2026\/01\/Lumiere-sonore-by-studio-A.I.L.O.-\u00a9-Kanizaj-Marija-for-Klanglicht-2024-9001-18x12.jpg 18w\" sizes=\"(max-width: 400px) 100vw, 400px\" \/>\n\t\t\t\t\t\t\t\t<span class=\"et_overlay\"><\/span>\n\t\t\t\t\t\t\t<\/span>\n\t\t\t\t\t\t<\/a>\n\t\t\t\t\t\t\n\t\t\t\t\t<\/li><li class=\"et_gallery_item et_pb_gallery_image\">\n\t\t\t\t\t\t<a href=\"https:\/\/ailo.fr\/wp-content\/uploads\/2026\/01\/Lumiere-sonore-by-studio-A.I.L.O.-\u00a9-Kanizaj-Marija-for-Klanglicht-2024-9005.jpg\" title=\"\">\n\t\t\t\t\t\t\t<span class=\"et_portfolio_image\">\n\t\t\t\t\t\t\t\t<img width=\"400\" height=\"284\" src=\"https:\/\/ailo.fr\/wp-content\/uploads\/2026\/01\/Lumiere-sonore-by-studio-A.I.L.O.-\u00a9-Kanizaj-Marija-for-Klanglicht-2024-9005-400x284.jpg\" class=\"attachment-et-pb-portfolio-image size-et-pb-portfolio-image\" alt=\"\" decoding=\"async\" loading=\"lazy\" srcset=\"https:\/\/ailo.fr\/wp-content\/uploads\/2026\/01\/Lumiere-sonore-by-studio-A.I.L.O.-\u00a9-Kanizaj-Marija-for-Klanglicht-2024-9005-400x284.jpg 400w, https:\/\/ailo.fr\/wp-content\/uploads\/2026\/01\/Lumiere-sonore-by-studio-A.I.L.O.-\u00a9-Kanizaj-Marija-for-Klanglicht-2024-9005-18x12.jpg 18w\" sizes=\"(max-width: 400px) 100vw, 400px\" \/>\n\t\t\t\t\t\t\t\t<span class=\"et_overlay\"><\/span>\n\t\t\t\t\t\t\t<\/span>\n\t\t\t\t\t\t<\/a>\n\t\t\t\t\t\t\n\t\t\t\t\t<\/li><li class=\"et_gallery_item et_pb_gallery_image\">\n\t\t\t\t\t\t<a href=\"https:\/\/ailo.fr\/wp-content\/uploads\/2026\/01\/Lumiere-sonore-by-studio-A.I.L.O.-\u00a9-Kanizaj-Marija-for-Klanglicht-2024-9009.jpg\" title=\"\">\n\t\t\t\t\t\t\t<span class=\"et_portfolio_image\">\n\t\t\t\t\t\t\t\t<img width=\"400\" height=\"284\" src=\"https:\/\/ailo.fr\/wp-content\/uploads\/2026\/01\/Lumiere-sonore-by-studio-A.I.L.O.-\u00a9-Kanizaj-Marija-for-Klanglicht-2024-9009-400x284.jpg\" class=\"attachment-et-pb-portfolio-image size-et-pb-portfolio-image\" alt=\"\" decoding=\"async\" loading=\"lazy\" srcset=\"https:\/\/ailo.fr\/wp-content\/uploads\/2026\/01\/Lumiere-sonore-by-studio-A.I.L.O.-\u00a9-Kanizaj-Marija-for-Klanglicht-2024-9009-400x284.jpg 400w, https:\/\/ailo.fr\/wp-content\/uploads\/2026\/01\/Lumiere-sonore-by-studio-A.I.L.O.-\u00a9-Kanizaj-Marija-for-Klanglicht-2024-9009-18x12.jpg 18w\" sizes=\"(max-width: 400px) 100vw, 400px\" \/>\n\t\t\t\t\t\t\t\t<span class=\"et_overlay\"><\/span>\n\t\t\t\t\t\t\t<\/span>\n\t\t\t\t\t\t<\/a>\n\t\t\t\t\t\t\n\t\t\t\t\t<\/li>\n\t\t\t\t<\/ul> Lumi\u00e8re sonore \u00e0 l&rsquo;Op\u00e9ra de Graz, Autriche pour Klanglicht Festival 2024. \u00a9photos: Kanizaj Mariza https:\/\/klanglicht.buehnen-graz.com\/en\/installation\/lumiere-sonore\/<\/p>","protected":false},"author":1,"featured_media":0,"parent":0,"menu_order":0,"comment_status":"closed","ping_status":"closed","template":"","meta":{"_et_pb_use_builder":"on","_et_pb_old_content":"","_et_gb_content_width":"","footnotes":""},"class_list":["post-3288","page","type-page","status-publish","hentry"],"yoast_head":"<!-- This site is optimized with the Yoast SEO plugin v27.4 - https:\/\/yoast.com\/product\/yoast-seo-wordpress\/ -->\n<title>Lumi\u00e8re sonore - A.I.L.O se prononce Hello<\/title>\n<meta name=\"description\" content=\"AILO, Atelier d\u2019Immersion Lumineuse et Obscure, entit\u00e9 artistique qui se d\u00e9die \u00e0 une recherche de dialogue et d\u2019interactions entre diff\u00e9rents mat\u00e9riaux et proc\u00e9d\u00e9s num\u00e9riques et analogiques. Entre Arts contemporain et Arts num\u00e9riques.\" \/>\n<meta name=\"robots\" content=\"index, follow, max-snippet:-1, max-image-preview:large, max-video-preview:-1\" \/>\n<link rel=\"canonical\" href=\"https:\/\/ailo.fr\/en\/lumieresonore\/\" \/>\n<meta property=\"og:locale\" content=\"en_GB\" \/>\n<meta property=\"og:type\" content=\"article\" \/>\n<meta property=\"og:title\" content=\"Lumi\u00e8re sonore - A.I.L.O se prononce Hello\" \/>\n<meta property=\"og:description\" content=\"AILO, Atelier d\u2019Immersion Lumineuse et Obscure, entit\u00e9 artistique qui se d\u00e9die \u00e0 une recherche de dialogue et d\u2019interactions entre diff\u00e9rents mat\u00e9riaux et proc\u00e9d\u00e9s num\u00e9riques et analogiques. Entre Arts contemporain et Arts num\u00e9riques.\" \/>\n<meta property=\"og:url\" content=\"https:\/\/ailo.fr\/en\/lumieresonore\/\" \/>\n<meta property=\"og:site_name\" content=\"A.I.L.O se prononce Hello\" \/>\n<meta property=\"article:publisher\" content=\"https:\/\/www.facebook.com\/profile.php?id=100013094883937\" \/>\n<meta property=\"article:modified_time\" content=\"2026-01-04T18:22:52+00:00\" \/>\n<meta name=\"twitter:card\" content=\"summary_large_image\" \/>\n<meta name=\"twitter:label1\" content=\"Estimated reading time\" \/>\n\t<meta name=\"twitter:data1\" content=\"1 minute\" \/>\n<script type=\"application\/ld+json\" class=\"yoast-schema-graph\">{\"@context\":\"https:\\\/\\\/schema.org\",\"@graph\":[{\"@type\":\"WebPage\",\"@id\":\"https:\\\/\\\/ailo.fr\\\/lumieresonore\\\/\",\"url\":\"https:\\\/\\\/ailo.fr\\\/lumieresonore\\\/\",\"name\":\"Lumi\u00e8re sonore - A.I.L.O se prononce Hello\",\"isPartOf\":{\"@id\":\"https:\\\/\\\/ailo.fr\\\/#website\"},\"datePublished\":\"2026-01-04T18:18:27+00:00\",\"dateModified\":\"2026-01-04T18:22:52+00:00\",\"description\":\"AILO, Atelier d\u2019Immersion Lumineuse et Obscure, entit\u00e9 artistique qui se d\u00e9die \u00e0 une recherche de dialogue et d\u2019interactions entre diff\u00e9rents mat\u00e9riaux et proc\u00e9d\u00e9s num\u00e9riques et analogiques. Entre Arts contemporain et Arts num\u00e9riques.\",\"breadcrumb\":{\"@id\":\"https:\\\/\\\/ailo.fr\\\/lumieresonore\\\/#breadcrumb\"},\"inLanguage\":\"en-GB\",\"potentialAction\":[{\"@type\":\"ReadAction\",\"target\":[\"https:\\\/\\\/ailo.fr\\\/lumieresonore\\\/\"]}]},{\"@type\":\"BreadcrumbList\",\"@id\":\"https:\\\/\\\/ailo.fr\\\/lumieresonore\\\/#breadcrumb\",\"itemListElement\":[{\"@type\":\"ListItem\",\"position\":1,\"name\":\"Accueil\",\"item\":\"https:\\\/\\\/ailo.fr\\\/\"},{\"@type\":\"ListItem\",\"position\":2,\"name\":\"Lumi\u00e8re sonore\"}]},{\"@type\":\"WebSite\",\"@id\":\"https:\\\/\\\/ailo.fr\\\/#website\",\"url\":\"https:\\\/\\\/ailo.fr\\\/\",\"name\":\"A.I.L.O se prononce Hello\",\"description\":\"Atelier d&#039;Immersion Lumineuse et Obscure\",\"publisher\":{\"@id\":\"https:\\\/\\\/ailo.fr\\\/#organization\"},\"potentialAction\":[{\"@type\":\"SearchAction\",\"target\":{\"@type\":\"EntryPoint\",\"urlTemplate\":\"https:\\\/\\\/ailo.fr\\\/?s={search_term_string}\"},\"query-input\":{\"@type\":\"PropertyValueSpecification\",\"valueRequired\":true,\"valueName\":\"search_term_string\"}}],\"inLanguage\":\"en-GB\"},{\"@type\":\"Organization\",\"@id\":\"https:\\\/\\\/ailo.fr\\\/#organization\",\"name\":\"AILO\",\"url\":\"https:\\\/\\\/ailo.fr\\\/\",\"logo\":{\"@type\":\"ImageObject\",\"inLanguage\":\"en-GB\",\"@id\":\"https:\\\/\\\/ailo.fr\\\/#\\\/schema\\\/logo\\\/image\\\/\",\"url\":\"https:\\\/\\\/ailo.fr\\\/wp-content\\\/uploads\\\/2016\\\/10\\\/logolight-WEB.gif\",\"contentUrl\":\"https:\\\/\\\/ailo.fr\\\/wp-content\\\/uploads\\\/2016\\\/10\\\/logolight-WEB.gif\",\"width\":177,\"height\":177,\"caption\":\"AILO\"},\"image\":{\"@id\":\"https:\\\/\\\/ailo.fr\\\/#\\\/schema\\\/logo\\\/image\\\/\"},\"sameAs\":[\"https:\\\/\\\/www.facebook.com\\\/profile.php?id=100013094883937\",\"https:\\\/\\\/www.instagram.com\\\/ailoatelier\\\/\"]}]}<\/script>\n<!-- \/ Yoast SEO plugin. -->","yoast_head_json":{"title":"Lumi\u00e8re sonore - A.I.L.O se prononce Hello","description":"AILO, Atelier d\u2019Immersion Lumineuse et Obscure, entit\u00e9 artistique qui se d\u00e9die \u00e0 une recherche de dialogue et d\u2019interactions entre diff\u00e9rents mat\u00e9riaux et proc\u00e9d\u00e9s num\u00e9riques et analogiques. Entre Arts contemporain et Arts num\u00e9riques.","robots":{"index":"index","follow":"follow","max-snippet":"max-snippet:-1","max-image-preview":"max-image-preview:large","max-video-preview":"max-video-preview:-1"},"canonical":"https:\/\/ailo.fr\/en\/lumieresonore\/","og_locale":"en_GB","og_type":"article","og_title":"Lumi\u00e8re sonore - A.I.L.O se prononce Hello","og_description":"AILO, Atelier d\u2019Immersion Lumineuse et Obscure, entit\u00e9 artistique qui se d\u00e9die \u00e0 une recherche de dialogue et d\u2019interactions entre diff\u00e9rents mat\u00e9riaux et proc\u00e9d\u00e9s num\u00e9riques et analogiques. Entre Arts contemporain et Arts num\u00e9riques.","og_url":"https:\/\/ailo.fr\/en\/lumieresonore\/","og_site_name":"A.I.L.O se prononce Hello","article_publisher":"https:\/\/www.facebook.com\/profile.php?id=100013094883937","article_modified_time":"2026-01-04T18:22:52+00:00","twitter_card":"summary_large_image","twitter_misc":{"Estimated reading time":"1 minute"},"schema":{"@context":"https:\/\/schema.org","@graph":[{"@type":"WebPage","@id":"https:\/\/ailo.fr\/lumieresonore\/","url":"https:\/\/ailo.fr\/lumieresonore\/","name":"Lumi\u00e8re sonore - A.I.L.O se prononce Hello","isPartOf":{"@id":"https:\/\/ailo.fr\/#website"},"datePublished":"2026-01-04T18:18:27+00:00","dateModified":"2026-01-04T18:22:52+00:00","description":"AILO, Atelier d\u2019Immersion Lumineuse et Obscure, entit\u00e9 artistique qui se d\u00e9die \u00e0 une recherche de dialogue et d\u2019interactions entre diff\u00e9rents mat\u00e9riaux et proc\u00e9d\u00e9s num\u00e9riques et analogiques. Entre Arts contemporain et Arts num\u00e9riques.","breadcrumb":{"@id":"https:\/\/ailo.fr\/lumieresonore\/#breadcrumb"},"inLanguage":"en-GB","potentialAction":[{"@type":"ReadAction","target":["https:\/\/ailo.fr\/lumieresonore\/"]}]},{"@type":"BreadcrumbList","@id":"https:\/\/ailo.fr\/lumieresonore\/#breadcrumb","itemListElement":[{"@type":"ListItem","position":1,"name":"Accueil","item":"https:\/\/ailo.fr\/"},{"@type":"ListItem","position":2,"name":"Lumi\u00e8re sonore"}]},{"@type":"WebSite","@id":"https:\/\/ailo.fr\/#website","url":"https:\/\/ailo.fr\/","name":"A.I.L.O it pronounces Hello","description":"Art Immersive Luminous and Obscure","publisher":{"@id":"https:\/\/ailo.fr\/#organization"},"potentialAction":[{"@type":"SearchAction","target":{"@type":"EntryPoint","urlTemplate":"https:\/\/ailo.fr\/?s={search_term_string}"},"query-input":{"@type":"PropertyValueSpecification","valueRequired":true,"valueName":"search_term_string"}}],"inLanguage":"en-GB"},{"@type":"Organization","@id":"https:\/\/ailo.fr\/#organization","name":"AILO","url":"https:\/\/ailo.fr\/","logo":{"@type":"ImageObject","inLanguage":"en-GB","@id":"https:\/\/ailo.fr\/#\/schema\/logo\/image\/","url":"https:\/\/ailo.fr\/wp-content\/uploads\/2016\/10\/logolight-WEB.gif","contentUrl":"https:\/\/ailo.fr\/wp-content\/uploads\/2016\/10\/logolight-WEB.gif","width":177,"height":177,"caption":"AILO"},"image":{"@id":"https:\/\/ailo.fr\/#\/schema\/logo\/image\/"},"sameAs":["https:\/\/www.facebook.com\/profile.php?id=100013094883937","https:\/\/www.instagram.com\/ailoatelier\/"]}]}},"_links":{"self":[{"href":"https:\/\/ailo.fr\/en\/wp-json\/wp\/v2\/pages\/3288","targetHints":{"allow":["GET"]}}],"collection":[{"href":"https:\/\/ailo.fr\/en\/wp-json\/wp\/v2\/pages"}],"about":[{"href":"https:\/\/ailo.fr\/en\/wp-json\/wp\/v2\/types\/page"}],"author":[{"embeddable":true,"href":"https:\/\/ailo.fr\/en\/wp-json\/wp\/v2\/users\/1"}],"replies":[{"embeddable":true,"href":"https:\/\/ailo.fr\/en\/wp-json\/wp\/v2\/comments?post=3288"}],"version-history":[{"count":8,"href":"https:\/\/ailo.fr\/en\/wp-json\/wp\/v2\/pages\/3288\/revisions"}],"predecessor-version":[{"id":3309,"href":"https:\/\/ailo.fr\/en\/wp-json\/wp\/v2\/pages\/3288\/revisions\/3309"}],"wp:attachment":[{"href":"https:\/\/ailo.fr\/en\/wp-json\/wp\/v2\/media?parent=3288"}],"curies":[{"name":"wp","href":"https:\/\/api.w.org\/{rel}","templated":true}]}}