{"id":3176,"date":"2026-01-03T15:47:42","date_gmt":"2026-01-03T14:47:42","guid":{"rendered":"https:\/\/ailo.fr\/?page_id=3176"},"modified":"2026-01-03T15:47:45","modified_gmt":"2026-01-03T14:47:45","slug":"residence-les-nouveaux-collectionneurs","status":"publish","type":"page","link":"https:\/\/ailo.fr\/en\/residence-les-nouveaux-collectionneurs\/","title":{"rendered":"R\u00e9sidence \u00ab\u00a0Les nouveaux collectionneurs\u00a0\u00bb"},"content":{"rendered":"<p>[et_pb_section fb_built=\u00a0\u00bb1&Prime; admin_label=\u00a0\u00bbsection\u00a0\u00bb _builder_version=\u00a0\u00bb4.16&Prime; global_colors_info=\u00a0\u00bb{}\u00a0\u00bb][et_pb_row admin_label=\u00a0\u00bbrow\u00a0\u00bb _builder_version=\u00a0\u00bb4.16&Prime; background_size=\u00a0\u00bbinitial\u00a0\u00bb background_position=\u00a0\u00bbtop_left\u00a0\u00bb background_repeat=\u00a0\u00bbrepeat\u00a0\u00bb global_colors_info=\u00a0\u00bb{}\u00a0\u00bb][et_pb_column type=\u00a0\u00bb4_4&Prime; _builder_version=\u00a0\u00bb4.16&Prime; custom_padding=\u00a0\u00bb|||\u00a0\u00bb global_colors_info=\u00a0\u00bb{}\u00a0\u00bb custom_padding__hover=\u00a0\u00bb|||\u00a0\u00bb][et_pb_text _builder_version=\u00a0\u00bb4.27.5&Prime; _module_preset=\u00a0\u00bbdefault\u00a0\u00bb global_colors_info=\u00a0\u00bb{}\u00a0\u00bb]<\/p>\n<p>R\u00e9sidence \u00ab\u00a0Les nouveaux collectionneurs\u00a0\u00bb 2025<\/p>\n<p>Centre des Arts Fernand L\u00e9ger, Port de Bouc<\/p>\n<p>A.I.L.O propose un projet immersif se basant sur la m\u00e9moire du lieu et les archives du chantier naval de la ville.<\/p>\n<p>Elle imagine une installation lumineuse et sonore o\u00f9 le m\u00e9dium dessin\u00e9 se d\u00e9ploie dans un espace int\u00e9rieur\/ext\u00e9rieur qui ravive la ligne d\u2019un paysage autrefois marqu\u00e9 par les constructions navales tout en jouant avec la mat\u00e9rialit\u00e9 du miroir.<\/p>\n<p>Un support ici sur mesure avec l\u2019histoire du ch\u00e2teau Saint-Gobain, ancienne demeure des patrons de la succursale de la c\u00e9l\u00e8bre usine de verre install\u00e9e \u00e0 Port de Bouc de 1916 \u00e0 1963, devenue centre d\u2019arts Fernand L\u00e9ger.<\/p>\n<p>Elle explore la complexit\u00e9 de cette mati\u00e8re qui r\u00e9fl\u00e9chit la lumi\u00e8re de fa\u00e7on h\u00e9t\u00e9rog\u00e8ne en fonction de sa couleur, de son \u00e9paisseur, de sa transparence\u2026<\/p>\n<p>Le tain du miroir est grav\u00e9 de dessins faisant r\u00e9f\u00e9rence aux plans structurels des bateaux du chantier.<br \/>Il se r\u00e9v\u00e8le dans l\u2019\u00e9crin de l\u2019architecture du centre d\u2019arts en n\u00e9gatif puis en positif par un jeu savant d\u2019ombre et de lumi\u00e8re.<\/p>\n<p>L\u2019artiste explore ici la puissance po\u00e9tique du verre capable de dessiner la lumi\u00e8re, de cr\u00e9er une aura vibratoire et sensorielle intense qui r\u00e9sonne avec l\u2019<em>in-situ<\/em>.<\/p>\n<p>\u00a9photos: Julien Lamarre<\/p>\n<p>[\/et_pb_text][et_pb_text _builder_version=\u00a0\u00bb4.27.5&Prime; _module_preset=\u00a0\u00bbdefault\u00a0\u00bb global_colors_info=\u00a0\u00bb{}\u00a0\u00bb]<ul class=\"et_post_gallery clearfix\">\n\t\t\t\t\t<li class=\"et_gallery_item et_pb_gallery_image\">\n\t\t\t\t\t\t<a href=\"https:\/\/ailo.fr\/wp-content\/uploads\/2026\/01\/LO-JEP-2025-59-scaled.jpg\" title=\"\">\n\t\t\t\t\t\t\t<span class=\"et_portfolio_image\">\n\t\t\t\t\t\t\t\t<img loading=\"lazy\" decoding=\"async\" width=\"400\" height=\"284\" src=\"https:\/\/ailo.fr\/wp-content\/uploads\/2026\/01\/LO-JEP-2025-59-400x284.jpg\" class=\"attachment-et-pb-portfolio-image size-et-pb-portfolio-image\" alt=\"\" \/>\n\t\t\t\t\t\t\t\t<span class=\"et_overlay\"><\/span>\n\t\t\t\t\t\t\t<\/span>\n\t\t\t\t\t\t<\/a>\n\t\t\t\t\t\t\n\t\t\t\t\t<\/li><li class=\"et_gallery_item et_pb_gallery_image\">\n\t\t\t\t\t\t<a href=\"https:\/\/ailo.fr\/wp-content\/uploads\/2026\/01\/LO-JEP-2025-16-scaled.jpg\" title=\"\">\n\t\t\t\t\t\t\t<span class=\"et_portfolio_image\">\n\t\t\t\t\t\t\t\t<img loading=\"lazy\" decoding=\"async\" width=\"400\" height=\"284\" src=\"https:\/\/ailo.fr\/wp-content\/uploads\/2026\/01\/LO-JEP-2025-16-400x284.jpg\" class=\"attachment-et-pb-portfolio-image size-et-pb-portfolio-image\" alt=\"\" \/>\n\t\t\t\t\t\t\t\t<span class=\"et_overlay\"><\/span>\n\t\t\t\t\t\t\t<\/span>\n\t\t\t\t\t\t<\/a>\n\t\t\t\t\t\t\n\t\t\t\t\t<\/li><li class=\"et_gallery_item et_pb_gallery_image\">\n\t\t\t\t\t\t<a href=\"https:\/\/ailo.fr\/wp-content\/uploads\/2026\/01\/LO-JEP-2025-49-scaled.jpg\" title=\"\">\n\t\t\t\t\t\t\t<span class=\"et_portfolio_image\">\n\t\t\t\t\t\t\t\t<img loading=\"lazy\" decoding=\"async\" width=\"400\" height=\"284\" src=\"https:\/\/ailo.fr\/wp-content\/uploads\/2026\/01\/LO-JEP-2025-49-400x284.jpg\" class=\"attachment-et-pb-portfolio-image size-et-pb-portfolio-image\" alt=\"\" \/>\n\t\t\t\t\t\t\t\t<span class=\"et_overlay\"><\/span>\n\t\t\t\t\t\t\t<\/span>\n\t\t\t\t\t\t<\/a>\n\t\t\t\t\t\t\n\t\t\t\t\t<\/li><li class=\"et_gallery_item et_pb_gallery_image\">\n\t\t\t\t\t\t<a href=\"https:\/\/ailo.fr\/wp-content\/uploads\/2026\/01\/LO-JEP-2025-50-scaled.jpg\" title=\"\">\n\t\t\t\t\t\t\t<span class=\"et_portfolio_image\">\n\t\t\t\t\t\t\t\t<img loading=\"lazy\" decoding=\"async\" width=\"400\" height=\"284\" src=\"https:\/\/ailo.fr\/wp-content\/uploads\/2026\/01\/LO-JEP-2025-50-400x284.jpg\" class=\"attachment-et-pb-portfolio-image size-et-pb-portfolio-image\" alt=\"\" \/>\n\t\t\t\t\t\t\t\t<span class=\"et_overlay\"><\/span>\n\t\t\t\t\t\t\t<\/span>\n\t\t\t\t\t\t<\/a>\n\t\t\t\t\t\t\n\t\t\t\t\t<\/li><li class=\"et_gallery_item et_pb_gallery_image\">\n\t\t\t\t\t\t<a href=\"https:\/\/ailo.fr\/wp-content\/uploads\/2026\/01\/LO-JEP-2025-23-scaled.jpg\" title=\"\">\n\t\t\t\t\t\t\t<span class=\"et_portfolio_image\">\n\t\t\t\t\t\t\t\t<img loading=\"lazy\" decoding=\"async\" width=\"400\" height=\"284\" src=\"https:\/\/ailo.fr\/wp-content\/uploads\/2026\/01\/LO-JEP-2025-23-400x284.jpg\" class=\"attachment-et-pb-portfolio-image size-et-pb-portfolio-image\" alt=\"\" \/>\n\t\t\t\t\t\t\t\t<span class=\"et_overlay\"><\/span>\n\t\t\t\t\t\t\t<\/span>\n\t\t\t\t\t\t<\/a>\n\t\t\t\t\t\t\n\t\t\t\t\t<\/li><li class=\"et_gallery_item et_pb_gallery_image\">\n\t\t\t\t\t\t<a href=\"https:\/\/ailo.fr\/wp-content\/uploads\/2026\/01\/LO-JEP-2025-76-scaled.jpg\" title=\"\">\n\t\t\t\t\t\t\t<span class=\"et_portfolio_image\">\n\t\t\t\t\t\t\t\t<img loading=\"lazy\" decoding=\"async\" width=\"400\" height=\"284\" src=\"https:\/\/ailo.fr\/wp-content\/uploads\/2026\/01\/LO-JEP-2025-76-400x284.jpg\" class=\"attachment-et-pb-portfolio-image size-et-pb-portfolio-image\" alt=\"\" \/>\n\t\t\t\t\t\t\t\t<span class=\"et_overlay\"><\/span>\n\t\t\t\t\t\t\t<\/span>\n\t\t\t\t\t\t<\/a>\n\t\t\t\t\t\t\n\t\t\t\t\t<\/li><li class=\"et_gallery_item et_pb_gallery_image\">\n\t\t\t\t\t\t<a href=\"https:\/\/ailo.fr\/wp-content\/uploads\/2026\/01\/LO-JEP-2025-24-scaled.jpg\" title=\"\">\n\t\t\t\t\t\t\t<span class=\"et_portfolio_image\">\n\t\t\t\t\t\t\t\t<img loading=\"lazy\" decoding=\"async\" width=\"400\" height=\"284\" src=\"https:\/\/ailo.fr\/wp-content\/uploads\/2026\/01\/LO-JEP-2025-24-400x284.jpg\" class=\"attachment-et-pb-portfolio-image size-et-pb-portfolio-image\" alt=\"\" \/>\n\t\t\t\t\t\t\t\t<span class=\"et_overlay\"><\/span>\n\t\t\t\t\t\t\t<\/span>\n\t\t\t\t\t\t<\/a>\n\t\t\t\t\t\t\n\t\t\t\t\t<\/li><li class=\"et_gallery_item et_pb_gallery_image\">\n\t\t\t\t\t\t<a href=\"https:\/\/ailo.fr\/wp-content\/uploads\/2026\/01\/LO-JEP-2025-52-scaled.jpg\" title=\"\">\n\t\t\t\t\t\t\t<span class=\"et_portfolio_image\">\n\t\t\t\t\t\t\t\t<img loading=\"lazy\" decoding=\"async\" width=\"400\" height=\"284\" src=\"https:\/\/ailo.fr\/wp-content\/uploads\/2026\/01\/LO-JEP-2025-52-400x284.jpg\" class=\"attachment-et-pb-portfolio-image size-et-pb-portfolio-image\" alt=\"\" \/>\n\t\t\t\t\t\t\t\t<span class=\"et_overlay\"><\/span>\n\t\t\t\t\t\t\t<\/span>\n\t\t\t\t\t\t<\/a>\n\t\t\t\t\t\t\n\t\t\t\t\t<\/li><li class=\"et_gallery_item et_pb_gallery_image\">\n\t\t\t\t\t\t<a href=\"https:\/\/ailo.fr\/wp-content\/uploads\/2026\/01\/LO-JEP-2025-60-scaled.jpg\" title=\"\">\n\t\t\t\t\t\t\t<span class=\"et_portfolio_image\">\n\t\t\t\t\t\t\t\t<img loading=\"lazy\" decoding=\"async\" width=\"400\" height=\"284\" src=\"https:\/\/ailo.fr\/wp-content\/uploads\/2026\/01\/LO-JEP-2025-60-400x284.jpg\" class=\"attachment-et-pb-portfolio-image size-et-pb-portfolio-image\" alt=\"\" \/>\n\t\t\t\t\t\t\t\t<span class=\"et_overlay\"><\/span>\n\t\t\t\t\t\t\t<\/span>\n\t\t\t\t\t\t<\/a>\n\t\t\t\t\t\t\n\t\t\t\t\t<\/li><li class=\"et_gallery_item et_pb_gallery_image\">\n\t\t\t\t\t\t<a href=\"https:\/\/ailo.fr\/wp-content\/uploads\/2026\/01\/LO-JEP-2025-31-scaled.jpg\" title=\"\">\n\t\t\t\t\t\t\t<span class=\"et_portfolio_image\">\n\t\t\t\t\t\t\t\t<img loading=\"lazy\" decoding=\"async\" width=\"400\" height=\"284\" src=\"https:\/\/ailo.fr\/wp-content\/uploads\/2026\/01\/LO-JEP-2025-31-400x284.jpg\" class=\"attachment-et-pb-portfolio-image size-et-pb-portfolio-image\" alt=\"\" \/>\n\t\t\t\t\t\t\t\t<span class=\"et_overlay\"><\/span>\n\t\t\t\t\t\t\t<\/span>\n\t\t\t\t\t\t<\/a>\n\t\t\t\t\t\t\n\t\t\t\t\t<\/li><li class=\"et_gallery_item et_pb_gallery_image\">\n\t\t\t\t\t\t<a href=\"https:\/\/ailo.fr\/wp-content\/uploads\/2026\/01\/LO-JEP-2025-30-scaled.jpg\" title=\"\">\n\t\t\t\t\t\t\t<span class=\"et_portfolio_image\">\n\t\t\t\t\t\t\t\t<img loading=\"lazy\" decoding=\"async\" width=\"400\" height=\"284\" src=\"https:\/\/ailo.fr\/wp-content\/uploads\/2026\/01\/LO-JEP-2025-30-400x284.jpg\" class=\"attachment-et-pb-portfolio-image size-et-pb-portfolio-image\" alt=\"\" \/>\n\t\t\t\t\t\t\t\t<span class=\"et_overlay\"><\/span>\n\t\t\t\t\t\t\t<\/span>\n\t\t\t\t\t\t<\/a>\n\t\t\t\t\t\t\n\t\t\t\t\t<\/li><li class=\"et_gallery_item et_pb_gallery_image\">\n\t\t\t\t\t\t<a href=\"https:\/\/ailo.fr\/wp-content\/uploads\/2026\/01\/LO-JEP-2025-61-scaled.jpg\" title=\"\">\n\t\t\t\t\t\t\t<span class=\"et_portfolio_image\">\n\t\t\t\t\t\t\t\t<img loading=\"lazy\" decoding=\"async\" width=\"400\" height=\"284\" src=\"https:\/\/ailo.fr\/wp-content\/uploads\/2026\/01\/LO-JEP-2025-61-400x284.jpg\" class=\"attachment-et-pb-portfolio-image size-et-pb-portfolio-image\" alt=\"\" \/>\n\t\t\t\t\t\t\t\t<span class=\"et_overlay\"><\/span>\n\t\t\t\t\t\t\t<\/span>\n\t\t\t\t\t\t<\/a>\n\t\t\t\t\t\t\n\t\t\t\t\t<\/li><li class=\"et_gallery_item et_pb_gallery_image\">\n\t\t\t\t\t\t<a href=\"https:\/\/ailo.fr\/wp-content\/uploads\/2026\/01\/LO-JEP-2025-81-scaled.jpg\" title=\"\">\n\t\t\t\t\t\t\t<span class=\"et_portfolio_image\">\n\t\t\t\t\t\t\t\t<img loading=\"lazy\" decoding=\"async\" width=\"400\" height=\"284\" src=\"https:\/\/ailo.fr\/wp-content\/uploads\/2026\/01\/LO-JEP-2025-81-400x284.jpg\" class=\"attachment-et-pb-portfolio-image size-et-pb-portfolio-image\" alt=\"\" \/>\n\t\t\t\t\t\t\t\t<span class=\"et_overlay\"><\/span>\n\t\t\t\t\t\t\t<\/span>\n\t\t\t\t\t\t<\/a>\n\t\t\t\t\t\t\n\t\t\t\t\t<\/li><li class=\"et_gallery_item et_pb_gallery_image\">\n\t\t\t\t\t\t<a href=\"https:\/\/ailo.fr\/wp-content\/uploads\/2026\/01\/LO-JEP-2025-82-scaled.jpg\" title=\"\">\n\t\t\t\t\t\t\t<span class=\"et_portfolio_image\">\n\t\t\t\t\t\t\t\t<img loading=\"lazy\" decoding=\"async\" width=\"400\" height=\"284\" src=\"https:\/\/ailo.fr\/wp-content\/uploads\/2026\/01\/LO-JEP-2025-82-400x284.jpg\" class=\"attachment-et-pb-portfolio-image size-et-pb-portfolio-image\" alt=\"\" \/>\n\t\t\t\t\t\t\t\t<span class=\"et_overlay\"><\/span>\n\t\t\t\t\t\t\t<\/span>\n\t\t\t\t\t\t<\/a>\n\t\t\t\t\t\t\n\t\t\t\t\t<\/li><li class=\"et_gallery_item et_pb_gallery_image\">\n\t\t\t\t\t\t<a href=\"https:\/\/ailo.fr\/wp-content\/uploads\/2026\/01\/LO-JEP-2025-65-scaled.jpg\" title=\"\">\n\t\t\t\t\t\t\t<span class=\"et_portfolio_image\">\n\t\t\t\t\t\t\t\t<img loading=\"lazy\" decoding=\"async\" width=\"400\" height=\"284\" src=\"https:\/\/ailo.fr\/wp-content\/uploads\/2026\/01\/LO-JEP-2025-65-400x284.jpg\" class=\"attachment-et-pb-portfolio-image size-et-pb-portfolio-image\" alt=\"\" \/>\n\t\t\t\t\t\t\t\t<span class=\"et_overlay\"><\/span>\n\t\t\t\t\t\t\t<\/span>\n\t\t\t\t\t\t<\/a>\n\t\t\t\t\t\t\n\t\t\t\t\t<\/li><li class=\"et_gallery_item et_pb_gallery_image\">\n\t\t\t\t\t\t<a href=\"https:\/\/ailo.fr\/wp-content\/uploads\/2026\/01\/LO-JEP-2025-10-scaled.jpg\" title=\"\">\n\t\t\t\t\t\t\t<span class=\"et_portfolio_image\">\n\t\t\t\t\t\t\t\t<img loading=\"lazy\" decoding=\"async\" width=\"400\" height=\"284\" src=\"https:\/\/ailo.fr\/wp-content\/uploads\/2026\/01\/LO-JEP-2025-10-400x284.jpg\" class=\"attachment-et-pb-portfolio-image size-et-pb-portfolio-image\" alt=\"\" \/>\n\t\t\t\t\t\t\t\t<span class=\"et_overlay\"><\/span>\n\t\t\t\t\t\t\t<\/span>\n\t\t\t\t\t\t<\/a>\n\t\t\t\t\t\t\n\t\t\t\t\t<\/li><li class=\"et_gallery_item et_pb_gallery_image\">\n\t\t\t\t\t\t<a href=\"https:\/\/ailo.fr\/wp-content\/uploads\/2026\/01\/LO-JEP-2025-33-scaled.jpg\" title=\"\">\n\t\t\t\t\t\t\t<span class=\"et_portfolio_image\">\n\t\t\t\t\t\t\t\t<img loading=\"lazy\" decoding=\"async\" width=\"400\" height=\"284\" src=\"https:\/\/ailo.fr\/wp-content\/uploads\/2026\/01\/LO-JEP-2025-33-400x284.jpg\" class=\"attachment-et-pb-portfolio-image size-et-pb-portfolio-image\" alt=\"\" \/>\n\t\t\t\t\t\t\t\t<span class=\"et_overlay\"><\/span>\n\t\t\t\t\t\t\t<\/span>\n\t\t\t\t\t\t<\/a>\n\t\t\t\t\t\t\n\t\t\t\t\t<\/li><li class=\"et_gallery_item et_pb_gallery_image\">\n\t\t\t\t\t\t<a href=\"https:\/\/ailo.fr\/wp-content\/uploads\/2026\/01\/LO-JEP-2025-85-scaled.jpg\" title=\"\">\n\t\t\t\t\t\t\t<span class=\"et_portfolio_image\">\n\t\t\t\t\t\t\t\t<img loading=\"lazy\" decoding=\"async\" width=\"400\" height=\"284\" src=\"https:\/\/ailo.fr\/wp-content\/uploads\/2026\/01\/LO-JEP-2025-85-400x284.jpg\" class=\"attachment-et-pb-portfolio-image size-et-pb-portfolio-image\" alt=\"\" \/>\n\t\t\t\t\t\t\t\t<span class=\"et_overlay\"><\/span>\n\t\t\t\t\t\t\t<\/span>\n\t\t\t\t\t\t<\/a>\n\t\t\t\t\t\t\n\t\t\t\t\t<\/li><li class=\"et_gallery_item et_pb_gallery_image\">\n\t\t\t\t\t\t<a href=\"https:\/\/ailo.fr\/wp-content\/uploads\/2026\/01\/LO-JEP-2025-70-scaled.jpg\" title=\"\">\n\t\t\t\t\t\t\t<span class=\"et_portfolio_image\">\n\t\t\t\t\t\t\t\t<img loading=\"lazy\" decoding=\"async\" width=\"400\" height=\"284\" src=\"https:\/\/ailo.fr\/wp-content\/uploads\/2026\/01\/LO-JEP-2025-70-400x284.jpg\" class=\"attachment-et-pb-portfolio-image size-et-pb-portfolio-image\" alt=\"\" \/>\n\t\t\t\t\t\t\t\t<span class=\"et_overlay\"><\/span>\n\t\t\t\t\t\t\t<\/span>\n\t\t\t\t\t\t<\/a>\n\t\t\t\t\t\t\n\t\t\t\t\t<\/li><li class=\"et_gallery_item et_pb_gallery_image\">\n\t\t\t\t\t\t<a href=\"https:\/\/ailo.fr\/wp-content\/uploads\/2026\/01\/LO-JEP-2025-67-scaled.jpg\" title=\"\">\n\t\t\t\t\t\t\t<span class=\"et_portfolio_image\">\n\t\t\t\t\t\t\t\t<img loading=\"lazy\" decoding=\"async\" width=\"400\" height=\"284\" src=\"https:\/\/ailo.fr\/wp-content\/uploads\/2026\/01\/LO-JEP-2025-67-400x284.jpg\" class=\"attachment-et-pb-portfolio-image size-et-pb-portfolio-image\" alt=\"\" \/>\n\t\t\t\t\t\t\t\t<span class=\"et_overlay\"><\/span>\n\t\t\t\t\t\t\t<\/span>\n\t\t\t\t\t\t<\/a>\n\t\t\t\t\t\t\n\t\t\t\t\t<\/li><li class=\"et_gallery_item et_pb_gallery_image\">\n\t\t\t\t\t\t<a href=\"https:\/\/ailo.fr\/wp-content\/uploads\/2026\/01\/LO-JEP-2025-66-scaled.jpg\" title=\"\">\n\t\t\t\t\t\t\t<span class=\"et_portfolio_image\">\n\t\t\t\t\t\t\t\t<img loading=\"lazy\" decoding=\"async\" width=\"400\" height=\"284\" src=\"https:\/\/ailo.fr\/wp-content\/uploads\/2026\/01\/LO-JEP-2025-66-400x284.jpg\" class=\"attachment-et-pb-portfolio-image size-et-pb-portfolio-image\" alt=\"\" \/>\n\t\t\t\t\t\t\t\t<span class=\"et_overlay\"><\/span>\n\t\t\t\t\t\t\t<\/span>\n\t\t\t\t\t\t<\/a>\n\t\t\t\t\t\t\n\t\t\t\t\t<\/li>\n\t\t\t\t<\/ul><br \/>\n[\/et_pb_text][\/et_pb_column][\/et_pb_row][\/et_pb_section]<\/p>\n","protected":false},"excerpt":{"rendered":"<p>R\u00e9sidence \u00ab\u00a0Les nouveaux collectionneurs\u00a0\u00bb 2025 Centre des Arts Fernand L\u00e9ger, Port de Bouc A.I.L.O propose un projet immersif se basant sur la m\u00e9moire du lieu et les archives du chantier naval de la ville. Elle imagine une installation lumineuse et sonore o\u00f9 le m\u00e9dium dessin\u00e9 se d\u00e9ploie dans un espace int\u00e9rieur\/ext\u00e9rieur qui ravive la ligne [&hellip;]<\/p>\n","protected":false},"author":1,"featured_media":0,"parent":0,"menu_order":0,"comment_status":"closed","ping_status":"closed","template":"","meta":{"_et_pb_use_builder":"on","_et_pb_old_content":"","_et_gb_content_width":"","footnotes":""},"class_list":["post-3176","page","type-page","status-publish","hentry"],"yoast_head":"<!-- This site is optimized with the Yoast SEO plugin v27.4 - https:\/\/yoast.com\/product\/yoast-seo-wordpress\/ -->\n<title>R\u00e9sidence &quot;Les nouveaux collectionneurs&quot; - A.I.L.O se prononce Hello<\/title>\n<meta name=\"description\" content=\"AILO, Atelier d\u2019Immersion Lumineuse et Obscure, entit\u00e9 artistique qui se d\u00e9die \u00e0 une recherche de dialogue et d\u2019interactions entre diff\u00e9rents mat\u00e9riaux et proc\u00e9d\u00e9s num\u00e9riques et analogiques. Entre Arts contemporain et Arts num\u00e9riques.\" \/>\n<meta name=\"robots\" content=\"index, follow, max-snippet:-1, max-image-preview:large, max-video-preview:-1\" \/>\n<link rel=\"canonical\" href=\"https:\/\/ailo.fr\/en\/residence-les-nouveaux-collectionneurs\/\" \/>\n<meta property=\"og:locale\" content=\"en_GB\" \/>\n<meta property=\"og:type\" content=\"article\" \/>\n<meta property=\"og:title\" content=\"R\u00e9sidence &quot;Les nouveaux collectionneurs&quot; - A.I.L.O se prononce Hello\" \/>\n<meta property=\"og:description\" content=\"AILO, Atelier d\u2019Immersion Lumineuse et Obscure, entit\u00e9 artistique qui se d\u00e9die \u00e0 une recherche de dialogue et d\u2019interactions entre diff\u00e9rents mat\u00e9riaux et proc\u00e9d\u00e9s num\u00e9riques et analogiques. Entre Arts contemporain et Arts num\u00e9riques.\" \/>\n<meta property=\"og:url\" content=\"https:\/\/ailo.fr\/en\/residence-les-nouveaux-collectionneurs\/\" \/>\n<meta property=\"og:site_name\" content=\"A.I.L.O se prononce Hello\" \/>\n<meta property=\"article:publisher\" content=\"https:\/\/www.facebook.com\/profile.php?id=100013094883937\" \/>\n<meta property=\"article:modified_time\" content=\"2026-01-03T14:47:45+00:00\" \/>\n<meta name=\"twitter:card\" content=\"summary_large_image\" \/>\n<meta name=\"twitter:label1\" content=\"Estimated reading time\" \/>\n\t<meta name=\"twitter:data1\" content=\"2 minutes\" \/>\n<script type=\"application\/ld+json\" class=\"yoast-schema-graph\">{\"@context\":\"https:\\\/\\\/schema.org\",\"@graph\":[{\"@type\":\"WebPage\",\"@id\":\"https:\\\/\\\/ailo.fr\\\/residence-les-nouveaux-collectionneurs\\\/\",\"url\":\"https:\\\/\\\/ailo.fr\\\/residence-les-nouveaux-collectionneurs\\\/\",\"name\":\"R\u00e9sidence \\\"Les nouveaux collectionneurs\\\" - A.I.L.O se prononce Hello\",\"isPartOf\":{\"@id\":\"https:\\\/\\\/ailo.fr\\\/#website\"},\"datePublished\":\"2026-01-03T14:47:42+00:00\",\"dateModified\":\"2026-01-03T14:47:45+00:00\",\"description\":\"AILO, Atelier d\u2019Immersion Lumineuse et Obscure, entit\u00e9 artistique qui se d\u00e9die \u00e0 une recherche de dialogue et d\u2019interactions entre diff\u00e9rents mat\u00e9riaux et proc\u00e9d\u00e9s num\u00e9riques et analogiques. Entre Arts contemporain et Arts num\u00e9riques.\",\"breadcrumb\":{\"@id\":\"https:\\\/\\\/ailo.fr\\\/residence-les-nouveaux-collectionneurs\\\/#breadcrumb\"},\"inLanguage\":\"en-GB\",\"potentialAction\":[{\"@type\":\"ReadAction\",\"target\":[\"https:\\\/\\\/ailo.fr\\\/residence-les-nouveaux-collectionneurs\\\/\"]}]},{\"@type\":\"BreadcrumbList\",\"@id\":\"https:\\\/\\\/ailo.fr\\\/residence-les-nouveaux-collectionneurs\\\/#breadcrumb\",\"itemListElement\":[{\"@type\":\"ListItem\",\"position\":1,\"name\":\"Accueil\",\"item\":\"https:\\\/\\\/ailo.fr\\\/\"},{\"@type\":\"ListItem\",\"position\":2,\"name\":\"R\u00e9sidence \u00ab\u00a0Les nouveaux collectionneurs\u00a0\u00bb\"}]},{\"@type\":\"WebSite\",\"@id\":\"https:\\\/\\\/ailo.fr\\\/#website\",\"url\":\"https:\\\/\\\/ailo.fr\\\/\",\"name\":\"A.I.L.O se prononce Hello\",\"description\":\"Atelier d&#039;Immersion Lumineuse et Obscure\",\"publisher\":{\"@id\":\"https:\\\/\\\/ailo.fr\\\/#organization\"},\"potentialAction\":[{\"@type\":\"SearchAction\",\"target\":{\"@type\":\"EntryPoint\",\"urlTemplate\":\"https:\\\/\\\/ailo.fr\\\/?s={search_term_string}\"},\"query-input\":{\"@type\":\"PropertyValueSpecification\",\"valueRequired\":true,\"valueName\":\"search_term_string\"}}],\"inLanguage\":\"en-GB\"},{\"@type\":\"Organization\",\"@id\":\"https:\\\/\\\/ailo.fr\\\/#organization\",\"name\":\"AILO\",\"url\":\"https:\\\/\\\/ailo.fr\\\/\",\"logo\":{\"@type\":\"ImageObject\",\"inLanguage\":\"en-GB\",\"@id\":\"https:\\\/\\\/ailo.fr\\\/#\\\/schema\\\/logo\\\/image\\\/\",\"url\":\"https:\\\/\\\/ailo.fr\\\/wp-content\\\/uploads\\\/2016\\\/10\\\/logolight-WEB.gif\",\"contentUrl\":\"https:\\\/\\\/ailo.fr\\\/wp-content\\\/uploads\\\/2016\\\/10\\\/logolight-WEB.gif\",\"width\":177,\"height\":177,\"caption\":\"AILO\"},\"image\":{\"@id\":\"https:\\\/\\\/ailo.fr\\\/#\\\/schema\\\/logo\\\/image\\\/\"},\"sameAs\":[\"https:\\\/\\\/www.facebook.com\\\/profile.php?id=100013094883937\",\"https:\\\/\\\/www.instagram.com\\\/ailoatelier\\\/\"]}]}<\/script>\n<!-- \/ Yoast SEO plugin. -->","yoast_head_json":{"title":"R\u00e9sidence \"Les nouveaux collectionneurs\" - A.I.L.O se prononce Hello","description":"AILO, Atelier d\u2019Immersion Lumineuse et Obscure, entit\u00e9 artistique qui se d\u00e9die \u00e0 une recherche de dialogue et d\u2019interactions entre diff\u00e9rents mat\u00e9riaux et proc\u00e9d\u00e9s num\u00e9riques et analogiques. Entre Arts contemporain et Arts num\u00e9riques.","robots":{"index":"index","follow":"follow","max-snippet":"max-snippet:-1","max-image-preview":"max-image-preview:large","max-video-preview":"max-video-preview:-1"},"canonical":"https:\/\/ailo.fr\/en\/residence-les-nouveaux-collectionneurs\/","og_locale":"en_GB","og_type":"article","og_title":"R\u00e9sidence \"Les nouveaux collectionneurs\" - A.I.L.O se prononce Hello","og_description":"AILO, Atelier d\u2019Immersion Lumineuse et Obscure, entit\u00e9 artistique qui se d\u00e9die \u00e0 une recherche de dialogue et d\u2019interactions entre diff\u00e9rents mat\u00e9riaux et proc\u00e9d\u00e9s num\u00e9riques et analogiques. Entre Arts contemporain et Arts num\u00e9riques.","og_url":"https:\/\/ailo.fr\/en\/residence-les-nouveaux-collectionneurs\/","og_site_name":"A.I.L.O se prononce Hello","article_publisher":"https:\/\/www.facebook.com\/profile.php?id=100013094883937","article_modified_time":"2026-01-03T14:47:45+00:00","twitter_card":"summary_large_image","twitter_misc":{"Estimated reading time":"2 minutes"},"schema":{"@context":"https:\/\/schema.org","@graph":[{"@type":"WebPage","@id":"https:\/\/ailo.fr\/residence-les-nouveaux-collectionneurs\/","url":"https:\/\/ailo.fr\/residence-les-nouveaux-collectionneurs\/","name":"R\u00e9sidence \"Les nouveaux collectionneurs\" - A.I.L.O se prononce Hello","isPartOf":{"@id":"https:\/\/ailo.fr\/#website"},"datePublished":"2026-01-03T14:47:42+00:00","dateModified":"2026-01-03T14:47:45+00:00","description":"AILO, Atelier d\u2019Immersion Lumineuse et Obscure, entit\u00e9 artistique qui se d\u00e9die \u00e0 une recherche de dialogue et d\u2019interactions entre diff\u00e9rents mat\u00e9riaux et proc\u00e9d\u00e9s num\u00e9riques et analogiques. Entre Arts contemporain et Arts num\u00e9riques.","breadcrumb":{"@id":"https:\/\/ailo.fr\/residence-les-nouveaux-collectionneurs\/#breadcrumb"},"inLanguage":"en-GB","potentialAction":[{"@type":"ReadAction","target":["https:\/\/ailo.fr\/residence-les-nouveaux-collectionneurs\/"]}]},{"@type":"BreadcrumbList","@id":"https:\/\/ailo.fr\/residence-les-nouveaux-collectionneurs\/#breadcrumb","itemListElement":[{"@type":"ListItem","position":1,"name":"Accueil","item":"https:\/\/ailo.fr\/"},{"@type":"ListItem","position":2,"name":"R\u00e9sidence \u00ab\u00a0Les nouveaux collectionneurs\u00a0\u00bb"}]},{"@type":"WebSite","@id":"https:\/\/ailo.fr\/#website","url":"https:\/\/ailo.fr\/","name":"A.I.L.O it pronounces Hello","description":"Art Immersive Luminous and Obscure","publisher":{"@id":"https:\/\/ailo.fr\/#organization"},"potentialAction":[{"@type":"SearchAction","target":{"@type":"EntryPoint","urlTemplate":"https:\/\/ailo.fr\/?s={search_term_string}"},"query-input":{"@type":"PropertyValueSpecification","valueRequired":true,"valueName":"search_term_string"}}],"inLanguage":"en-GB"},{"@type":"Organization","@id":"https:\/\/ailo.fr\/#organization","name":"AILO","url":"https:\/\/ailo.fr\/","logo":{"@type":"ImageObject","inLanguage":"en-GB","@id":"https:\/\/ailo.fr\/#\/schema\/logo\/image\/","url":"https:\/\/ailo.fr\/wp-content\/uploads\/2016\/10\/logolight-WEB.gif","contentUrl":"https:\/\/ailo.fr\/wp-content\/uploads\/2016\/10\/logolight-WEB.gif","width":177,"height":177,"caption":"AILO"},"image":{"@id":"https:\/\/ailo.fr\/#\/schema\/logo\/image\/"},"sameAs":["https:\/\/www.facebook.com\/profile.php?id=100013094883937","https:\/\/www.instagram.com\/ailoatelier\/"]}]}},"_links":{"self":[{"href":"https:\/\/ailo.fr\/en\/wp-json\/wp\/v2\/pages\/3176","targetHints":{"allow":["GET"]}}],"collection":[{"href":"https:\/\/ailo.fr\/en\/wp-json\/wp\/v2\/pages"}],"about":[{"href":"https:\/\/ailo.fr\/en\/wp-json\/wp\/v2\/types\/page"}],"author":[{"embeddable":true,"href":"https:\/\/ailo.fr\/en\/wp-json\/wp\/v2\/users\/1"}],"replies":[{"embeddable":true,"href":"https:\/\/ailo.fr\/en\/wp-json\/wp\/v2\/comments?post=3176"}],"version-history":[{"count":5,"href":"https:\/\/ailo.fr\/en\/wp-json\/wp\/v2\/pages\/3176\/revisions"}],"predecessor-version":[{"id":3204,"href":"https:\/\/ailo.fr\/en\/wp-json\/wp\/v2\/pages\/3176\/revisions\/3204"}],"wp:attachment":[{"href":"https:\/\/ailo.fr\/en\/wp-json\/wp\/v2\/media?parent=3176"}],"curies":[{"name":"wp","href":"https:\/\/api.w.org\/{rel}","templated":true}]}}