{"id":2664,"date":"2023-01-20T19:32:21","date_gmt":"2023-01-20T18:32:21","guid":{"rendered":"https:\/\/ailo.fr\/?page_id=2664"},"modified":"2026-01-02T14:53:24","modified_gmt":"2026-01-02T13:53:24","slug":"light-construction","status":"publish","type":"page","link":"https:\/\/ailo.fr\/en\/light-construction\/","title":{"rendered":"Light construction"},"content":{"rendered":"<p>[et_pb_section fb_built=\u00a0\u00bb1&Prime; _builder_version=\u00a0\u00bb4.16&Prime; global_colors_info=\u00a0\u00bb{}\u00a0\u00bb][et_pb_row _builder_version=\u00a0\u00bb4.16&Prime; background_size=\u00a0\u00bbinitial\u00a0\u00bb background_position=\u00a0\u00bbtop_left\u00a0\u00bb background_repeat=\u00a0\u00bbrepeat\u00a0\u00bb global_colors_info=\u00a0\u00bb{}\u00a0\u00bb][et_pb_column type=\u00a0\u00bb4_4&Prime; _builder_version=\u00a0\u00bb4.16&Prime; custom_padding=\u00a0\u00bb|||\u00a0\u00bb global_colors_info=\u00a0\u00bb{}\u00a0\u00bb custom_padding__hover=\u00a0\u00bb|||\u00a0\u00bb][et_pb_text _builder_version=\u00a0\u00bb4.27.5&Prime; background_size=\u00a0\u00bbinitial\u00a0\u00bb background_position=\u00a0\u00bbtop_left\u00a0\u00bb background_repeat=\u00a0\u00bbrepeat\u00a0\u00bb hover_enabled=\u00a0\u00bb0&Prime; global_colors_info=\u00a0\u00bb{}\u00a0\u00bb sticky_enabled=\u00a0\u00bb0&Prime;]<\/p>\n<p><iframe loading=\"lazy\" title=\"Light Construction 2024-EVI Lichtungen\" src=\"https:\/\/player.vimeo.com\/video\/909982642?dnt=1&amp;app_id=122963\" width=\"1080\" height=\"608\" frameborder=\"0\" allow=\"autoplay; fullscreen; picture-in-picture; clipboard-write; encrypted-media; web-share\" referrerpolicy=\"strict-origin-when-cross-origin\"><\/iframe><\/p>\n<p><span style=\"color: #000000;\"><em><span dir=\"ltr\" role=\"presentation\">Light Construction<\/span><\/em><span dir=\"ltr\" role=\"presentation\">,<\/span> <span dir=\"ltr\" role=\"presentation\">2024<\/span><\/span><br role=\"presentation\" \/><span dir=\"ltr\" style=\"color: #000000;\" role=\"presentation\">300cm x 50cm x50cm.<\/span><br role=\"presentation\" \/><span dir=\"ltr\" style=\"color: #000000;\" role=\"presentation\">Acier, miroir, lumi\u00e8re motoris\u00e9e, \u00e9lectronique, environnement sonore.<\/span><\/p>\n<p>&nbsp;<\/p>\n<p class=\"western\" align=\"justify\">Installation immersive, dialogue des mati\u00e8res.<\/p>\n<p class=\"western\" align=\"justify\">La sculpture, mati\u00e8re palpable, presque transparente par le pouvoir d\u2019absorption du miroir est transcend\u00e9e par la puissance de la lumi\u00e8re qui dans un lent mouvement m\u00e9tronomique nous enveloppe dans une dimension nouvelle. Les r\u00e9flexions lumineuses semblent repousser les murs dans un jeu de perspective troublant. La lumi\u00e8re, mati\u00e8re impalpable, appara\u00eet ici comme sculpt\u00e9e. Jeu d\u2019opposition et de contraste avec la vision qu\u2019offre l\u2019int\u00e9rieur de la sculpture. Une tour de miroirs o\u00f9 les lignes g\u00e9om\u00e9triques se refl\u00e8tent dans un infini d\u00e9dale de compositions g\u00e9om\u00e9triques.<\/p>\n<p align=\"justify\">Pr\u00e9sent\u00e9e \u00e0 Hildesheim, Allemagne en 2024 pour le festival EVILICHTUNGEN.<\/p>\n<p>[\/et_pb_text][et_pb_text _builder_version=\u00a0\u00bb4.27.5&Prime; background_size=\u00a0\u00bbinitial\u00a0\u00bb background_position=\u00a0\u00bbtop_left\u00a0\u00bb background_repeat=\u00a0\u00bbrepeat\u00a0\u00bb global_colors_info=\u00a0\u00bb{}\u00a0\u00bb]<\/p>\n<div style=\"padding: 56.25% 0 0 0; position: relative;\"><iframe style=\"position: absolute; top: 0; left: 0; width: 100%; height: 100%;\" src=\"https:\/\/player.vimeo.com\/video\/241540605?h=6fd1acfb85&amp;autoplay=1&amp;loop=1&amp;title=0&amp;byline=0&amp;portrait=0\" frameborder=\"0\" allowfullscreen=\"allowfullscreen\"><\/iframe><\/div>\n<p><span style=\"color: #000000;\"><em><span dir=\"ltr\" role=\"presentation\">Light Construction<\/span><\/em><span dir=\"ltr\" role=\"presentation\">,<\/span> <span dir=\"ltr\" role=\"presentation\">2016-2017<\/span><\/span><br role=\"presentation\" \/><span dir=\"ltr\" style=\"color: #000000;\" role=\"presentation\">130cm x 50cm x50cm.<\/span><br role=\"presentation\" \/><span dir=\"ltr\" style=\"color: #000000;\" role=\"presentation\">Acier, miroir, lumi\u00e8re motoris\u00e9e, \u00e9lectronique, environnement sonore.<\/span><\/p>\n<p class=\"western\" align=\"justify\">\n<ul class=\"et_post_gallery clearfix\">\n\t\t\t\t\t<li class=\"et_gallery_item et_pb_gallery_image\">\n\t\t\t\t\t\t<a href=\"https:\/\/ailo.fr\/wp-content\/uploads\/2023\/01\/Light-Construction.jpg\" title=\"\">\n\t\t\t\t\t\t\t<span class=\"et_portfolio_image\">\n\t\t\t\t\t\t\t\t<img loading=\"lazy\" decoding=\"async\" width=\"400\" height=\"284\" src=\"https:\/\/ailo.fr\/wp-content\/uploads\/2023\/01\/Light-Construction-400x284.jpg\" class=\"attachment-et-pb-portfolio-image size-et-pb-portfolio-image\" alt=\"\" \/>\n\t\t\t\t\t\t\t\t<span class=\"et_overlay\"><\/span>\n\t\t\t\t\t\t\t<\/span>\n\t\t\t\t\t\t<\/a>\n\t\t\t\t\t\t\n\t\t\t\t\t<\/li><li class=\"et_gallery_item et_pb_gallery_image\">\n\t\t\t\t\t\t<a href=\"https:\/\/ailo.fr\/wp-content\/uploads\/2023\/01\/Light-construction-2.jpg\" title=\"\">\n\t\t\t\t\t\t\t<span class=\"et_portfolio_image\">\n\t\t\t\t\t\t\t\t<img loading=\"lazy\" decoding=\"async\" width=\"400\" height=\"284\" src=\"https:\/\/ailo.fr\/wp-content\/uploads\/2023\/01\/Light-construction-2-400x284.jpg\" class=\"attachment-et-pb-portfolio-image size-et-pb-portfolio-image\" alt=\"\" \/>\n\t\t\t\t\t\t\t\t<span class=\"et_overlay\"><\/span>\n\t\t\t\t\t\t\t<\/span>\n\t\t\t\t\t\t<\/a>\n\t\t\t\t\t\t\n\t\t\t\t\t<\/li><li class=\"et_gallery_item et_pb_gallery_image\">\n\t\t\t\t\t\t<a href=\"https:\/\/ailo.fr\/wp-content\/uploads\/2023\/01\/Light-construction-3.jpg\" title=\"\">\n\t\t\t\t\t\t\t<span class=\"et_portfolio_image\">\n\t\t\t\t\t\t\t\t<img loading=\"lazy\" decoding=\"async\" width=\"400\" height=\"284\" src=\"https:\/\/ailo.fr\/wp-content\/uploads\/2023\/01\/Light-construction-3-400x284.jpg\" class=\"attachment-et-pb-portfolio-image size-et-pb-portfolio-image\" alt=\"\" \/>\n\t\t\t\t\t\t\t\t<span class=\"et_overlay\"><\/span>\n\t\t\t\t\t\t\t<\/span>\n\t\t\t\t\t\t<\/a>\n\t\t\t\t\t\t\n\t\t\t\t\t<\/li>\n\t\t\t\t<\/ul>\n<p align=\"justify\">[\/et_pb_text][\/et_pb_column][\/et_pb_row][\/et_pb_section]<\/p>\n","protected":false},"excerpt":{"rendered":"<p>https:\/\/vimeo.com\/909982642?fl=pl&amp;fe=sh Light Construction, 2024300cm x 50cm x50cm.Acier, miroir, lumi\u00e8re motoris\u00e9e, \u00e9lectronique, environnement sonore. &nbsp; Installation immersive, dialogue des mati\u00e8res. La sculpture, mati\u00e8re palpable, presque transparente par le pouvoir d\u2019absorption du miroir est transcend\u00e9e par la puissance de la lumi\u00e8re qui dans un lent mouvement m\u00e9tronomique nous enveloppe dans une dimension nouvelle. Les r\u00e9flexions lumineuses semblent [&hellip;]<\/p>\n","protected":false},"author":1,"featured_media":0,"parent":0,"menu_order":0,"comment_status":"closed","ping_status":"closed","template":"","meta":{"_et_pb_use_builder":"on","_et_pb_old_content":"<div style=\"padding: 56.25% 0 0 0; position: relative;\"><iframe style=\"position: absolute; top: 0; left: 0; width: 100%; height: 100%;\" src=\"https:\/\/player.vimeo.com\/video\/241540605?h=6fd1acfb85&autoplay=1&loop=1&title=0&byline=0&portrait=0\" frameborder=\"0\" allowfullscreen=\"allowfullscreen\"><\/iframe><\/div>\r\n<span style=\"color: #000000;\"><em><span dir=\"ltr\" role=\"presentation\">Light Construction<\/span><\/em><span dir=\"ltr\" role=\"presentation\">,<\/span> <span dir=\"ltr\" role=\"presentation\">2016-2017<\/span><\/span><br role=\"presentation\" \/><span dir=\"ltr\" style=\"color: #000000;\" role=\"presentation\">130cm x 50cm x50cm.<\/span><br role=\"presentation\" \/><span dir=\"ltr\" style=\"color: #000000;\" role=\"presentation\">Acier, miroir, lumi\u00e8re motoris\u00e9e, \u00e9lectronique, environnement sonore.<\/span>\r\n\r\n\u00a0\r\n<p class=\"western\" align=\"justify\"><span style=\"color: #000000;\"><span style=\"font-family: Calibri Light, serif;\"><span style=\"font-size: medium;\">I<\/span><\/span><span style=\"font-family: Calibri Light, serif;\"><span style=\"font-size: medium;\">nstallation immersive, dialogue des mati\u00e8res. <\/span><\/span><\/span><\/p>\r\n<p class=\"western\" align=\"justify\"><span style=\"color: #000000;\"><span style=\"font-family: Calibri Light, serif;\"><span style=\"font-size: medium;\">La sculpture, mati\u00e8re palpable, presque transparente par le pouvoir d\u2019absorption du miroir est transcend\u00e9e <\/span><\/span><span style=\"font-family: Calibri Light, serif;\"><span style=\"font-size: medium;\">par la puissance<\/span><\/span><\/span><span style=\"font-family: Calibri Light, serif;\"><span style=\"font-size: medium;\"><span style=\"color: #000000;\"> de la lumi\u00e8re qui dans un lent mouvement m\u00e9tronomique nous enveloppe dans une dimension nouvelle. Les r\u00e9flexions lumineuses semblent repousser les murs dans un jeu de perspective troublant. La lumi\u00e8re, mati\u00e8re impalpable, appara\u00eet ici comme sculpt\u00e9e. Jeu d\u2019opposition et de contraste avec la vision qu\u2019offre l\u2019int\u00e9rieur de la sculpture. Une tour de miroirs o\u00f9 les lignes g\u00e9om\u00e9triques se refl\u00e8tent dans un infini d\u00e9dale de compositions g\u00e9om\u00e9triques.<\/span> <\/span><\/span><\/p>\r\n[gallery link=\"file\" size=\"medium\" ids=\"2667,2665,2666\"]\r\n<p align=\"justify\"><\/p>","_et_gb_content_width":"","footnotes":""},"class_list":["post-2664","page","type-page","status-publish","hentry"],"yoast_head":"<!-- This site is optimized with the Yoast SEO plugin v27.4 - https:\/\/yoast.com\/product\/yoast-seo-wordpress\/ -->\n<title>Light construction - A.I.L.O se prononce Hello<\/title>\n<meta name=\"description\" content=\"AILO, Atelier d\u2019Immersion Lumineuse et Obscure, entit\u00e9 artistique qui se d\u00e9die \u00e0 une recherche de dialogue et d\u2019interactions entre diff\u00e9rents mat\u00e9riaux et proc\u00e9d\u00e9s num\u00e9riques et analogiques. Entre Arts contemporain et Arts num\u00e9riques.\" \/>\n<meta name=\"robots\" content=\"index, follow, max-snippet:-1, max-image-preview:large, max-video-preview:-1\" \/>\n<link rel=\"canonical\" href=\"https:\/\/ailo.fr\/en\/light-construction\/\" \/>\n<meta property=\"og:locale\" content=\"en_GB\" \/>\n<meta property=\"og:type\" content=\"article\" \/>\n<meta property=\"og:title\" content=\"Light construction - A.I.L.O se prononce Hello\" \/>\n<meta property=\"og:description\" content=\"AILO, Atelier d\u2019Immersion Lumineuse et Obscure, entit\u00e9 artistique qui se d\u00e9die \u00e0 une recherche de dialogue et d\u2019interactions entre diff\u00e9rents mat\u00e9riaux et proc\u00e9d\u00e9s num\u00e9riques et analogiques. Entre Arts contemporain et Arts num\u00e9riques.\" \/>\n<meta property=\"og:url\" content=\"https:\/\/ailo.fr\/en\/light-construction\/\" \/>\n<meta property=\"og:site_name\" content=\"A.I.L.O se prononce Hello\" \/>\n<meta property=\"article:publisher\" content=\"https:\/\/www.facebook.com\/profile.php?id=100013094883937\" \/>\n<meta property=\"article:modified_time\" content=\"2026-01-02T13:53:24+00:00\" \/>\n<meta name=\"twitter:card\" content=\"summary_large_image\" \/>\n<meta name=\"twitter:label1\" content=\"Estimated reading time\" \/>\n\t<meta name=\"twitter:data1\" content=\"1 minute\" \/>\n<script type=\"application\/ld+json\" class=\"yoast-schema-graph\">{\"@context\":\"https:\\\/\\\/schema.org\",\"@graph\":[{\"@type\":\"WebPage\",\"@id\":\"https:\\\/\\\/ailo.fr\\\/light-construction\\\/\",\"url\":\"https:\\\/\\\/ailo.fr\\\/light-construction\\\/\",\"name\":\"Light construction - A.I.L.O se prononce Hello\",\"isPartOf\":{\"@id\":\"https:\\\/\\\/ailo.fr\\\/#website\"},\"datePublished\":\"2023-01-20T18:32:21+00:00\",\"dateModified\":\"2026-01-02T13:53:24+00:00\",\"description\":\"AILO, Atelier d\u2019Immersion Lumineuse et Obscure, entit\u00e9 artistique qui se d\u00e9die \u00e0 une recherche de dialogue et d\u2019interactions entre diff\u00e9rents mat\u00e9riaux et proc\u00e9d\u00e9s num\u00e9riques et analogiques. Entre Arts contemporain et Arts num\u00e9riques.\",\"breadcrumb\":{\"@id\":\"https:\\\/\\\/ailo.fr\\\/light-construction\\\/#breadcrumb\"},\"inLanguage\":\"en-GB\",\"potentialAction\":[{\"@type\":\"ReadAction\",\"target\":[\"https:\\\/\\\/ailo.fr\\\/light-construction\\\/\"]}]},{\"@type\":\"BreadcrumbList\",\"@id\":\"https:\\\/\\\/ailo.fr\\\/light-construction\\\/#breadcrumb\",\"itemListElement\":[{\"@type\":\"ListItem\",\"position\":1,\"name\":\"Accueil\",\"item\":\"https:\\\/\\\/ailo.fr\\\/\"},{\"@type\":\"ListItem\",\"position\":2,\"name\":\"Light construction\"}]},{\"@type\":\"WebSite\",\"@id\":\"https:\\\/\\\/ailo.fr\\\/#website\",\"url\":\"https:\\\/\\\/ailo.fr\\\/\",\"name\":\"A.I.L.O se prononce Hello\",\"description\":\"Atelier d&#039;Immersion Lumineuse et Obscure\",\"publisher\":{\"@id\":\"https:\\\/\\\/ailo.fr\\\/#organization\"},\"potentialAction\":[{\"@type\":\"SearchAction\",\"target\":{\"@type\":\"EntryPoint\",\"urlTemplate\":\"https:\\\/\\\/ailo.fr\\\/?s={search_term_string}\"},\"query-input\":{\"@type\":\"PropertyValueSpecification\",\"valueRequired\":true,\"valueName\":\"search_term_string\"}}],\"inLanguage\":\"en-GB\"},{\"@type\":\"Organization\",\"@id\":\"https:\\\/\\\/ailo.fr\\\/#organization\",\"name\":\"AILO\",\"url\":\"https:\\\/\\\/ailo.fr\\\/\",\"logo\":{\"@type\":\"ImageObject\",\"inLanguage\":\"en-GB\",\"@id\":\"https:\\\/\\\/ailo.fr\\\/#\\\/schema\\\/logo\\\/image\\\/\",\"url\":\"https:\\\/\\\/ailo.fr\\\/wp-content\\\/uploads\\\/2016\\\/10\\\/logolight-WEB.gif\",\"contentUrl\":\"https:\\\/\\\/ailo.fr\\\/wp-content\\\/uploads\\\/2016\\\/10\\\/logolight-WEB.gif\",\"width\":177,\"height\":177,\"caption\":\"AILO\"},\"image\":{\"@id\":\"https:\\\/\\\/ailo.fr\\\/#\\\/schema\\\/logo\\\/image\\\/\"},\"sameAs\":[\"https:\\\/\\\/www.facebook.com\\\/profile.php?id=100013094883937\",\"https:\\\/\\\/www.instagram.com\\\/ailoatelier\\\/\"]}]}<\/script>\n<!-- \/ Yoast SEO plugin. -->","yoast_head_json":{"title":"Light construction - A.I.L.O se prononce Hello","description":"AILO, Atelier d\u2019Immersion Lumineuse et Obscure, entit\u00e9 artistique qui se d\u00e9die \u00e0 une recherche de dialogue et d\u2019interactions entre diff\u00e9rents mat\u00e9riaux et proc\u00e9d\u00e9s num\u00e9riques et analogiques. Entre Arts contemporain et Arts num\u00e9riques.","robots":{"index":"index","follow":"follow","max-snippet":"max-snippet:-1","max-image-preview":"max-image-preview:large","max-video-preview":"max-video-preview:-1"},"canonical":"https:\/\/ailo.fr\/en\/light-construction\/","og_locale":"en_GB","og_type":"article","og_title":"Light construction - A.I.L.O se prononce Hello","og_description":"AILO, Atelier d\u2019Immersion Lumineuse et Obscure, entit\u00e9 artistique qui se d\u00e9die \u00e0 une recherche de dialogue et d\u2019interactions entre diff\u00e9rents mat\u00e9riaux et proc\u00e9d\u00e9s num\u00e9riques et analogiques. Entre Arts contemporain et Arts num\u00e9riques.","og_url":"https:\/\/ailo.fr\/en\/light-construction\/","og_site_name":"A.I.L.O se prononce Hello","article_publisher":"https:\/\/www.facebook.com\/profile.php?id=100013094883937","article_modified_time":"2026-01-02T13:53:24+00:00","twitter_card":"summary_large_image","twitter_misc":{"Estimated reading time":"1 minute"},"schema":{"@context":"https:\/\/schema.org","@graph":[{"@type":"WebPage","@id":"https:\/\/ailo.fr\/light-construction\/","url":"https:\/\/ailo.fr\/light-construction\/","name":"Light construction - A.I.L.O se prononce Hello","isPartOf":{"@id":"https:\/\/ailo.fr\/#website"},"datePublished":"2023-01-20T18:32:21+00:00","dateModified":"2026-01-02T13:53:24+00:00","description":"AILO, Atelier d\u2019Immersion Lumineuse et Obscure, entit\u00e9 artistique qui se d\u00e9die \u00e0 une recherche de dialogue et d\u2019interactions entre diff\u00e9rents mat\u00e9riaux et proc\u00e9d\u00e9s num\u00e9riques et analogiques. Entre Arts contemporain et Arts num\u00e9riques.","breadcrumb":{"@id":"https:\/\/ailo.fr\/light-construction\/#breadcrumb"},"inLanguage":"en-GB","potentialAction":[{"@type":"ReadAction","target":["https:\/\/ailo.fr\/light-construction\/"]}]},{"@type":"BreadcrumbList","@id":"https:\/\/ailo.fr\/light-construction\/#breadcrumb","itemListElement":[{"@type":"ListItem","position":1,"name":"Accueil","item":"https:\/\/ailo.fr\/"},{"@type":"ListItem","position":2,"name":"Light construction"}]},{"@type":"WebSite","@id":"https:\/\/ailo.fr\/#website","url":"https:\/\/ailo.fr\/","name":"A.I.L.O it pronounces Hello","description":"Art Immersive Luminous and Obscure","publisher":{"@id":"https:\/\/ailo.fr\/#organization"},"potentialAction":[{"@type":"SearchAction","target":{"@type":"EntryPoint","urlTemplate":"https:\/\/ailo.fr\/?s={search_term_string}"},"query-input":{"@type":"PropertyValueSpecification","valueRequired":true,"valueName":"search_term_string"}}],"inLanguage":"en-GB"},{"@type":"Organization","@id":"https:\/\/ailo.fr\/#organization","name":"AILO","url":"https:\/\/ailo.fr\/","logo":{"@type":"ImageObject","inLanguage":"en-GB","@id":"https:\/\/ailo.fr\/#\/schema\/logo\/image\/","url":"https:\/\/ailo.fr\/wp-content\/uploads\/2016\/10\/logolight-WEB.gif","contentUrl":"https:\/\/ailo.fr\/wp-content\/uploads\/2016\/10\/logolight-WEB.gif","width":177,"height":177,"caption":"AILO"},"image":{"@id":"https:\/\/ailo.fr\/#\/schema\/logo\/image\/"},"sameAs":["https:\/\/www.facebook.com\/profile.php?id=100013094883937","https:\/\/www.instagram.com\/ailoatelier\/"]}]}},"_links":{"self":[{"href":"https:\/\/ailo.fr\/en\/wp-json\/wp\/v2\/pages\/2664","targetHints":{"allow":["GET"]}}],"collection":[{"href":"https:\/\/ailo.fr\/en\/wp-json\/wp\/v2\/pages"}],"about":[{"href":"https:\/\/ailo.fr\/en\/wp-json\/wp\/v2\/types\/page"}],"author":[{"embeddable":true,"href":"https:\/\/ailo.fr\/en\/wp-json\/wp\/v2\/users\/1"}],"replies":[{"embeddable":true,"href":"https:\/\/ailo.fr\/en\/wp-json\/wp\/v2\/comments?post=2664"}],"version-history":[{"count":12,"href":"https:\/\/ailo.fr\/en\/wp-json\/wp\/v2\/pages\/2664\/revisions"}],"predecessor-version":[{"id":3174,"href":"https:\/\/ailo.fr\/en\/wp-json\/wp\/v2\/pages\/2664\/revisions\/3174"}],"wp:attachment":[{"href":"https:\/\/ailo.fr\/en\/wp-json\/wp\/v2\/media?parent=2664"}],"curies":[{"name":"wp","href":"https:\/\/api.w.org\/{rel}","templated":true}]}}