{"id":2630,"date":"2023-01-19T18:32:43","date_gmt":"2023-01-19T17:32:43","guid":{"rendered":"https:\/\/ailo.fr\/?page_id=2630"},"modified":"2023-01-19T19:04:51","modified_gmt":"2023-01-19T18:04:51","slug":"abbaye-royale-de-fontevraud","status":"publish","type":"page","link":"https:\/\/ailo.fr\/en\/abbaye-royale-de-fontevraud\/","title":{"rendered":"Royal abbey of fontevraud"},"content":{"rendered":"<div style=\"padding: 56.25% 0 0 0; position: relative;\"><iframe style=\"position: absolute; top: 0; left: 0; width: 100%; height: 100%;\" src=\"https:\/\/player.vimeo.com\/video\/672408417?h=0c9110651d&amp;autoplay=1&amp;loop=1&amp;title=0&amp;byline=0&amp;portrait=0\" frameborder=\"0\" allowfullscreen=\"allowfullscreen\"><\/iframe><\/div>\n<h3><\/h3>\n<p>&nbsp;<\/p>\n<h3><em>Un matin d&rsquo;hiver, j&rsquo;ai vu une lumi\u00e8re<\/em><\/h3>\n<p>Cr\u00e9ation in-situ dans l&rsquo;\u00e9glise Saint-Beno\u00eet, n\u00e9e de la r\u00e9sidence \u00ab\u00a0Sous les vo\u00fbtes\u00a0\u00bb.<\/p>\n<p>Dans le cadre de No\u00ebl \u00e0 Fontevraud 2021.<\/p>\n<p style=\"text-align: justify;\"><span style=\"font-family: Abel, serif;\"><span style=\"font-size: medium;\">On entre, de la brume autour de nous, nous semblons flotter au dessus d\u2019un lac gel\u00e9 repr\u00e9sent\u00e9 par de multiples facettes de miroir qui r\u00e9v\u00e8lent un patrimoine aux mille vies. <\/span><\/span><span style=\"font-family: Abel, serif;\"><span style=\"font-size: medium;\">On avance lentement au rythme de douces vibrations sonores qui nous accompagnent et nous enveloppe. La lumi\u00e8re est partout, comme vivante. Dessin\u00e9e par la brume elle s\u2019immisce dans une architecture qui prend soudainement la forme d\u2019un palais de conte de f\u00e9e. Les sens en \u00e9veil, et si nous prenions le temps&#8230;<\/span><\/span><\/p>\n<p class=\"p2\">Cr\u00e9ation sonore Fabrice Leroux.<\/p>\n<p>&nbsp;<\/p>\n<div class=\"et_pb_slider et_pb_slider_fullwidth_off et_pb_gallery_post_type\">\n\t\t\t\t<div class=\"et_pb_slides\">\n\t\t\t\t\t<div class=\"et_pb_slide\" style=\"background: url(https:\/\/ailo.fr\/wp-content\/uploads\/2023\/01\/Un-matin-dhiver-jai-vu-une-lumiere-A.I.L.O-\u00a9-Leonard-de-Serres-1.jpg);\"><\/div><div class=\"et_pb_slide\" style=\"background: url(https:\/\/ailo.fr\/wp-content\/uploads\/2023\/01\/Un-matin-dhiver-jai-vu-une-lumiere-A.I.L.O-\u00a9-Leonard-de-Serres-16.jpg);\"><\/div><div class=\"et_pb_slide\" style=\"background: url(https:\/\/ailo.fr\/wp-content\/uploads\/2023\/01\/Un-matin-dhiver-jai-vu-une-lumiere-A.I.L.O-\u00a9-Leonard-de-Serres-4.jpg);\"><\/div><div class=\"et_pb_slide\" style=\"background: url(https:\/\/ailo.fr\/wp-content\/uploads\/2023\/01\/Un-matin-dhiver-jai-vu-une-lumiere-A.I.L.O-\u00a9-Leonard-de-Serres-2.jpg);\"><\/div><div class=\"et_pb_slide\" style=\"background: url(https:\/\/ailo.fr\/wp-content\/uploads\/2023\/01\/Un-matin-dhiver-jai-vu-une-lumiere-A.I.L.O-\u00a9-Leonard-de-Serres-3.jpg);\"><\/div><div class=\"et_pb_slide\" style=\"background: url(https:\/\/ailo.fr\/wp-content\/uploads\/2023\/01\/Un-matin-dhiver-jai-vu-une-lumiere-A.I.L.O-\u00a9-Leonard-de-Serres-5.jpg);\"><\/div><div class=\"et_pb_slide\" style=\"background: url(https:\/\/ailo.fr\/wp-content\/uploads\/2023\/01\/Un-matin-dhiver-jai-vu-une-lumiere-A.I.L.O-\u00a9-Leonard-de-Serres-6.jpg);\"><\/div><div class=\"et_pb_slide\" style=\"background: url(https:\/\/ailo.fr\/wp-content\/uploads\/2023\/01\/Un-matin-dhiver-jai-vu-une-lumiere-A.I.L.O-\u00a9-Leonard-de-Serres-18.jpg);\"><\/div><div class=\"et_pb_slide\" style=\"background: url(https:\/\/ailo.fr\/wp-content\/uploads\/2023\/01\/Un-matin-dhiver-jai-vu-une-lumiere-A.I.L.O-\u00a9-Leonard-de-Serres-19.jpg);\"><\/div><div class=\"et_pb_slide\" style=\"background: url(https:\/\/ailo.fr\/wp-content\/uploads\/2023\/01\/Un-matin-dhiver-jai-vu-une-lumiere-A.I.L.O-\u00a9-Leonard-de-Serres-20.jpg);\"><\/div><div class=\"et_pb_slide\" style=\"background: url(https:\/\/ailo.fr\/wp-content\/uploads\/2023\/01\/Un-matin-dhiver-jai-vu-une-lumiere-A.I.L.O-\u00a9-Leonard-de-Serres-14.jpg);\"><\/div><div class=\"et_pb_slide\" style=\"background: url(https:\/\/ailo.fr\/wp-content\/uploads\/2023\/01\/Un-matin-dhiver-jai-vu-une-lumiere-A.I.L.O-\u00a9-Leonard-de-Serres-17.jpg);\"><\/div><div class=\"et_pb_slide\" style=\"background: url(https:\/\/ailo.fr\/wp-content\/uploads\/2023\/01\/Un-matin-dhiver-jai-vu-une-lumiere-A.I.L.O-\u00a9-Leonard-de-Serres-23.jpg);\"><\/div><div class=\"et_pb_slide\" style=\"background: url(https:\/\/ailo.fr\/wp-content\/uploads\/2023\/01\/Un-matin-dhiver-jai-vu-une-lumiere-A.I.L.O-\u00a9-Leonard-de-Serres-26.jpg);\"><\/div><div class=\"et_pb_slide\" style=\"background: url(https:\/\/ailo.fr\/wp-content\/uploads\/2023\/01\/Un-matin-dhiver-jai-vu-une-lumiere-A.I.L.O-\u00a9-Leonard-de-Serres-27.jpg);\"><\/div><div class=\"et_pb_slide\" style=\"background: url(https:\/\/ailo.fr\/wp-content\/uploads\/2023\/01\/Un-matin-dhiver-jai-vu-une-lumiere-A.I.L.O-\u00a9-Leonard-de-Serres-30.jpg);\"><\/div><div class=\"et_pb_slide\" style=\"background: url(https:\/\/ailo.fr\/wp-content\/uploads\/2023\/01\/Un-matin-dhiver-jai-vu-une-lumiere-A.I.L.O-\u00a9-Leonard-de-Serres-36.jpg);\"><\/div><div class=\"et_pb_slide\" style=\"background: url(https:\/\/ailo.fr\/wp-content\/uploads\/2023\/01\/Un-matin-dhiver-jai-vu-une-lumiere-A.I.L.O-\u00a9-Leonard-de-Serres-37.jpg);\"><\/div>\n\t\t\t\t<\/div>\n\t\t\t<\/div>\n<p>Cr\u00e9dit photographies: Leonard de Serres<\/p>\n<p>Production: Royal abbey of Fontevraud<\/p>\n<p>Direction artistique: Emmanuel Morin, assist\u00e9 de Madeleine Balansino.<\/p>\n<p class=\"western\" style=\"text-align: justify;\" align=\"left\"><span style=\"font-family: Abel, serif;\">Special thanks to : <\/span><span style=\"font-family: Abel, serif;\">Toute la belle \u00e9quipe de l\u2019Abbaye et plus particuli\u00e8rement Emmanuel Morin, Madeleine Balansino, Herv\u00e9 Reggignano, Etienne Thomas et les services techniques. Vous donnez des ailes aux artistes. Laurent Boutreux et Cyril Lepage. La miroiterie Nicolas Champion. Fran\u00e7ois Morellet qui restera une source d\u2019inspiration \u00e9ternelle. Tous les artistes rencontr\u00e9s pendant les temps de r\u00e9sidence. Le soleil, pour son apparition mystique tous les jours d\u2019\u00e9t\u00e9 \u00e0 16h. <\/span><\/p>","protected":false},"excerpt":{"rendered":"<p>&nbsp; Un matin d&rsquo;hiver, j&rsquo;ai vu une lumi\u00e8re Cr\u00e9ation in-situ dans l&rsquo;\u00e9glise Saint-Beno\u00eet, n\u00e9e de la r\u00e9sidence \u00ab\u00a0Sous les vo\u00fbtes\u00a0\u00bb. Dans le cadre de No\u00ebl \u00e0 Fontevraud 2021. On entre, de la brume autour de nous, nous semblons flotter au dessus d\u2019un lac gel\u00e9 repr\u00e9sent\u00e9 par de multiples facettes de miroir qui r\u00e9v\u00e8lent un patrimoine [&hellip;]<\/p>\n","protected":false},"author":1,"featured_media":0,"parent":0,"menu_order":0,"comment_status":"closed","ping_status":"closed","template":"","meta":{"_et_pb_use_builder":"","_et_pb_old_content":"","_et_gb_content_width":"","footnotes":""},"class_list":["post-2630","page","type-page","status-publish","hentry"],"yoast_head":"<!-- This site is optimized with the Yoast SEO plugin v27.3 - https:\/\/yoast.com\/product\/yoast-seo-wordpress\/ -->\n<title>Abbaye Royale de Fontevraud - A.I.L.O se prononce Hello<\/title>\n<meta name=\"description\" content=\"AILO, Atelier d\u2019Immersion Lumineuse et Obscure, entit\u00e9 artistique qui se d\u00e9die \u00e0 une recherche de dialogue et d\u2019interactions entre diff\u00e9rents mat\u00e9riaux et proc\u00e9d\u00e9s num\u00e9riques et analogiques. Entre Arts contemporain et Arts num\u00e9riques.\" \/>\n<meta name=\"robots\" content=\"index, follow, max-snippet:-1, max-image-preview:large, max-video-preview:-1\" \/>\n<link rel=\"canonical\" href=\"https:\/\/ailo.fr\/en\/abbaye-royale-de-fontevraud\/\" \/>\n<meta property=\"og:locale\" content=\"en_GB\" \/>\n<meta property=\"og:type\" content=\"article\" \/>\n<meta property=\"og:title\" content=\"Abbaye Royale de Fontevraud - A.I.L.O se prononce Hello\" \/>\n<meta property=\"og:description\" content=\"AILO, Atelier d\u2019Immersion Lumineuse et Obscure, entit\u00e9 artistique qui se d\u00e9die \u00e0 une recherche de dialogue et d\u2019interactions entre diff\u00e9rents mat\u00e9riaux et proc\u00e9d\u00e9s num\u00e9riques et analogiques. Entre Arts contemporain et Arts num\u00e9riques.\" \/>\n<meta property=\"og:url\" content=\"https:\/\/ailo.fr\/en\/abbaye-royale-de-fontevraud\/\" \/>\n<meta property=\"og:site_name\" content=\"A.I.L.O se prononce Hello\" \/>\n<meta property=\"article:publisher\" content=\"https:\/\/www.facebook.com\/profile.php?id=100013094883937\" \/>\n<meta property=\"article:modified_time\" content=\"2023-01-19T18:04:51+00:00\" \/>\n<meta name=\"twitter:card\" content=\"summary_large_image\" \/>\n<meta name=\"twitter:label1\" content=\"Estimated reading time\" \/>\n\t<meta name=\"twitter:data1\" content=\"2 minutes\" \/>\n<script type=\"application\/ld+json\" class=\"yoast-schema-graph\">{\"@context\":\"https:\\\/\\\/schema.org\",\"@graph\":[{\"@type\":\"WebPage\",\"@id\":\"https:\\\/\\\/ailo.fr\\\/abbaye-royale-de-fontevraud\\\/\",\"url\":\"https:\\\/\\\/ailo.fr\\\/abbaye-royale-de-fontevraud\\\/\",\"name\":\"Abbaye Royale de Fontevraud - A.I.L.O se prononce Hello\",\"isPartOf\":{\"@id\":\"https:\\\/\\\/ailo.fr\\\/#website\"},\"datePublished\":\"2023-01-19T17:32:43+00:00\",\"dateModified\":\"2023-01-19T18:04:51+00:00\",\"description\":\"AILO, Atelier d\u2019Immersion Lumineuse et Obscure, entit\u00e9 artistique qui se d\u00e9die \u00e0 une recherche de dialogue et d\u2019interactions entre diff\u00e9rents mat\u00e9riaux et proc\u00e9d\u00e9s num\u00e9riques et analogiques. Entre Arts contemporain et Arts num\u00e9riques.\",\"breadcrumb\":{\"@id\":\"https:\\\/\\\/ailo.fr\\\/abbaye-royale-de-fontevraud\\\/#breadcrumb\"},\"inLanguage\":\"en-GB\",\"potentialAction\":[{\"@type\":\"ReadAction\",\"target\":[\"https:\\\/\\\/ailo.fr\\\/abbaye-royale-de-fontevraud\\\/\"]}]},{\"@type\":\"BreadcrumbList\",\"@id\":\"https:\\\/\\\/ailo.fr\\\/abbaye-royale-de-fontevraud\\\/#breadcrumb\",\"itemListElement\":[{\"@type\":\"ListItem\",\"position\":1,\"name\":\"Accueil\",\"item\":\"https:\\\/\\\/ailo.fr\\\/\"},{\"@type\":\"ListItem\",\"position\":2,\"name\":\"Abbaye Royale de Fontevraud\"}]},{\"@type\":\"WebSite\",\"@id\":\"https:\\\/\\\/ailo.fr\\\/#website\",\"url\":\"https:\\\/\\\/ailo.fr\\\/\",\"name\":\"A.I.L.O se prononce Hello\",\"description\":\"Atelier d&#039;Immersion Lumineuse et Obscure\",\"publisher\":{\"@id\":\"https:\\\/\\\/ailo.fr\\\/#organization\"},\"potentialAction\":[{\"@type\":\"SearchAction\",\"target\":{\"@type\":\"EntryPoint\",\"urlTemplate\":\"https:\\\/\\\/ailo.fr\\\/?s={search_term_string}\"},\"query-input\":{\"@type\":\"PropertyValueSpecification\",\"valueRequired\":true,\"valueName\":\"search_term_string\"}}],\"inLanguage\":\"en-GB\"},{\"@type\":\"Organization\",\"@id\":\"https:\\\/\\\/ailo.fr\\\/#organization\",\"name\":\"AILO\",\"url\":\"https:\\\/\\\/ailo.fr\\\/\",\"logo\":{\"@type\":\"ImageObject\",\"inLanguage\":\"en-GB\",\"@id\":\"https:\\\/\\\/ailo.fr\\\/#\\\/schema\\\/logo\\\/image\\\/\",\"url\":\"https:\\\/\\\/ailo.fr\\\/wp-content\\\/uploads\\\/2016\\\/10\\\/logolight-WEB.gif\",\"contentUrl\":\"https:\\\/\\\/ailo.fr\\\/wp-content\\\/uploads\\\/2016\\\/10\\\/logolight-WEB.gif\",\"width\":177,\"height\":177,\"caption\":\"AILO\"},\"image\":{\"@id\":\"https:\\\/\\\/ailo.fr\\\/#\\\/schema\\\/logo\\\/image\\\/\"},\"sameAs\":[\"https:\\\/\\\/www.facebook.com\\\/profile.php?id=100013094883937\",\"https:\\\/\\\/www.instagram.com\\\/ailoatelier\\\/\"]}]}<\/script>\n<!-- \/ Yoast SEO plugin. -->","yoast_head_json":{"title":"Abbaye Royale de Fontevraud - A.I.L.O se prononce Hello","description":"AILO, Atelier d\u2019Immersion Lumineuse et Obscure, entit\u00e9 artistique qui se d\u00e9die \u00e0 une recherche de dialogue et d\u2019interactions entre diff\u00e9rents mat\u00e9riaux et proc\u00e9d\u00e9s num\u00e9riques et analogiques. Entre Arts contemporain et Arts num\u00e9riques.","robots":{"index":"index","follow":"follow","max-snippet":"max-snippet:-1","max-image-preview":"max-image-preview:large","max-video-preview":"max-video-preview:-1"},"canonical":"https:\/\/ailo.fr\/en\/abbaye-royale-de-fontevraud\/","og_locale":"en_GB","og_type":"article","og_title":"Abbaye Royale de Fontevraud - A.I.L.O se prononce Hello","og_description":"AILO, Atelier d\u2019Immersion Lumineuse et Obscure, entit\u00e9 artistique qui se d\u00e9die \u00e0 une recherche de dialogue et d\u2019interactions entre diff\u00e9rents mat\u00e9riaux et proc\u00e9d\u00e9s num\u00e9riques et analogiques. Entre Arts contemporain et Arts num\u00e9riques.","og_url":"https:\/\/ailo.fr\/en\/abbaye-royale-de-fontevraud\/","og_site_name":"A.I.L.O se prononce Hello","article_publisher":"https:\/\/www.facebook.com\/profile.php?id=100013094883937","article_modified_time":"2023-01-19T18:04:51+00:00","twitter_card":"summary_large_image","twitter_misc":{"Estimated reading time":"2 minutes"},"schema":{"@context":"https:\/\/schema.org","@graph":[{"@type":"WebPage","@id":"https:\/\/ailo.fr\/abbaye-royale-de-fontevraud\/","url":"https:\/\/ailo.fr\/abbaye-royale-de-fontevraud\/","name":"Abbaye Royale de Fontevraud - A.I.L.O se prononce Hello","isPartOf":{"@id":"https:\/\/ailo.fr\/#website"},"datePublished":"2023-01-19T17:32:43+00:00","dateModified":"2023-01-19T18:04:51+00:00","description":"AILO, Atelier d\u2019Immersion Lumineuse et Obscure, entit\u00e9 artistique qui se d\u00e9die \u00e0 une recherche de dialogue et d\u2019interactions entre diff\u00e9rents mat\u00e9riaux et proc\u00e9d\u00e9s num\u00e9riques et analogiques. Entre Arts contemporain et Arts num\u00e9riques.","breadcrumb":{"@id":"https:\/\/ailo.fr\/abbaye-royale-de-fontevraud\/#breadcrumb"},"inLanguage":"en-GB","potentialAction":[{"@type":"ReadAction","target":["https:\/\/ailo.fr\/abbaye-royale-de-fontevraud\/"]}]},{"@type":"BreadcrumbList","@id":"https:\/\/ailo.fr\/abbaye-royale-de-fontevraud\/#breadcrumb","itemListElement":[{"@type":"ListItem","position":1,"name":"Accueil","item":"https:\/\/ailo.fr\/"},{"@type":"ListItem","position":2,"name":"Abbaye Royale de Fontevraud"}]},{"@type":"WebSite","@id":"https:\/\/ailo.fr\/#website","url":"https:\/\/ailo.fr\/","name":"A.I.L.O it pronounces Hello","description":"Art Immersive Luminous and Obscure","publisher":{"@id":"https:\/\/ailo.fr\/#organization"},"potentialAction":[{"@type":"SearchAction","target":{"@type":"EntryPoint","urlTemplate":"https:\/\/ailo.fr\/?s={search_term_string}"},"query-input":{"@type":"PropertyValueSpecification","valueRequired":true,"valueName":"search_term_string"}}],"inLanguage":"en-GB"},{"@type":"Organization","@id":"https:\/\/ailo.fr\/#organization","name":"AILO","url":"https:\/\/ailo.fr\/","logo":{"@type":"ImageObject","inLanguage":"en-GB","@id":"https:\/\/ailo.fr\/#\/schema\/logo\/image\/","url":"https:\/\/ailo.fr\/wp-content\/uploads\/2016\/10\/logolight-WEB.gif","contentUrl":"https:\/\/ailo.fr\/wp-content\/uploads\/2016\/10\/logolight-WEB.gif","width":177,"height":177,"caption":"AILO"},"image":{"@id":"https:\/\/ailo.fr\/#\/schema\/logo\/image\/"},"sameAs":["https:\/\/www.facebook.com\/profile.php?id=100013094883937","https:\/\/www.instagram.com\/ailoatelier\/"]}]}},"_links":{"self":[{"href":"https:\/\/ailo.fr\/en\/wp-json\/wp\/v2\/pages\/2630","targetHints":{"allow":["GET"]}}],"collection":[{"href":"https:\/\/ailo.fr\/en\/wp-json\/wp\/v2\/pages"}],"about":[{"href":"https:\/\/ailo.fr\/en\/wp-json\/wp\/v2\/types\/page"}],"author":[{"embeddable":true,"href":"https:\/\/ailo.fr\/en\/wp-json\/wp\/v2\/users\/1"}],"replies":[{"embeddable":true,"href":"https:\/\/ailo.fr\/en\/wp-json\/wp\/v2\/comments?post=2630"}],"version-history":[{"count":0,"href":"https:\/\/ailo.fr\/en\/wp-json\/wp\/v2\/pages\/2630\/revisions"}],"wp:attachment":[{"href":"https:\/\/ailo.fr\/en\/wp-json\/wp\/v2\/media?parent=2630"}],"curies":[{"name":"wp","href":"https:\/\/api.w.org\/{rel}","templated":true}]}}