{"id":2546,"date":"2023-01-19T15:42:21","date_gmt":"2023-01-19T14:42:21","guid":{"rendered":"https:\/\/ailo.fr\/?page_id=2546"},"modified":"2023-01-19T16:54:07","modified_gmt":"2023-01-19T15:54:07","slug":"residence-ackerman-fontevraud-2022","status":"publish","type":"page","link":"https:\/\/ailo.fr\/en\/residence-ackerman-fontevraud-2022\/","title":{"rendered":"R\u00e9sidence Ackerman + Fontevraud 2022"},"content":{"rendered":"<p>[et_pb_section fb_built=\u00a0\u00bb1&Prime; _builder_version=\u00a0\u00bb4.16&Prime; global_colors_info=\u00a0\u00bb{}\u00a0\u00bb][et_pb_row _builder_version=\u00a0\u00bb4.16&Prime; background_size=\u00a0\u00bbinitial\u00a0\u00bb background_position=\u00a0\u00bbtop_left\u00a0\u00bb background_repeat=\u00a0\u00bbrepeat\u00a0\u00bb global_colors_info=\u00a0\u00bb{}\u00a0\u00bb][et_pb_column type=\u00a0\u00bb4_4&Prime; _builder_version=\u00a0\u00bb4.16&Prime; custom_padding=\u00a0\u00bb|||\u00a0\u00bb global_colors_info=\u00a0\u00bb{}\u00a0\u00bb custom_padding__hover=\u00a0\u00bb|||\u00a0\u00bb][et_pb_text _builder_version=\u00a0\u00bb4.19.4&Prime; background_size=\u00a0\u00bbinitial\u00a0\u00bb background_position=\u00a0\u00bbtop_left\u00a0\u00bb background_repeat=\u00a0\u00bbrepeat\u00a0\u00bb hover_enabled=\u00a0\u00bb0&Prime; global_colors_info=\u00a0\u00bb{}\u00a0\u00bb sticky_enabled=\u00a0\u00bb0&Prime;]<\/p>\n<div style=\"padding: 56.25% 0 0 0; position: relative;\"><iframe style=\"position: absolute; top: 0; left: 0; width: 100%; height: 100%;\" src=\"https:\/\/player.vimeo.com\/video\/709637296?h=3f66a0c4b0&amp;autoplay=1&amp;loop=1&amp;title=0&amp;byline=0&amp;portrait=0\" frameborder=\"0\" allowfullscreen=\"allowfullscreen\"><\/iframe><\/div>\n<h3 align=\"left\">\u00a0<\/h3>\n<h3 class=\"western\" align=\"left\"><em><span style=\"font-family: Calibri, sans-serif;\">\u00c9motions Enfouies<\/span><\/em><\/h3>\n<p><span style=\"font-family: Calibri, sans-serif;\">\u00ab <\/span><span style=\"font-family: Calibri, sans-serif;\"><i>La lumi\u00e8re jaillit des pierres, on est au centre de la terre. <\/i><\/span><\/p>\n<p><span style=\"font-family: Calibri, sans-serif;\"><i>Ce n\u2019est pas de la lave qui coule dans le c\u0153ur du monde, mais de la lumi\u00e8re.<\/i><\/span><span style=\"font-family: Calibri, sans-serif;\">\u00a0\u00bb <\/span><\/p>\n<p><span style=\"font-family: Calibri, sans-serif;\">Anna-Eva Berge<\/span><\/p>\n<p>&nbsp;<\/p>\n<p style=\"text-align: justify;\"><span style=\"font-family: Calibri, sans-serif;\">A.I.L.O fait jaillir des profondeurs t\u00e9n\u00e9breuses de la cave en tuffeau des monuments de lumi\u00e8re. Comme des vestiges encore rayonnants d\u2019une civilisation ensevelie, les sculptures vibrent d\u2019une aura myst\u00e9rieuse. <\/span><span style=\"font-family: Calibri, sans-serif;\">Le parcours du visiteur est celui d\u2019un arch\u00e9ologue qui d\u00e9couvre les traces d\u2019une vie pass\u00e9e. L\u2019installation sonore accompagne l\u2019\u0153uvre comme le t\u00e9moin contenu d\u2019une puissance tellurique qui fr\u00e9mit autour de nous. <\/span><span style=\"font-family: Calibri, sans-serif;\">La lumi\u00e8re ici devient langage. Elle dessine une graphie g\u00e9om\u00e9trique sur les murs de la cave. La peau de tuffeau est alors le support d\u2019une m\u00e9moire souterraine. Comme une r\u00e9miniscence ind\u00e9chiffrable mais \u00e9trangement famili\u00e8re. <\/span><span style=\"font-family: Calibri, sans-serif;\">Le titre de l\u2019\u0153uvre \u00ab\u00a0<\/span><span style=\"font-family: Calibri, sans-serif;\"><i>\u00e9motions enfouies<\/i><\/span><span style=\"font-family: Calibri, sans-serif;\"> \u00bb invite le visiteur \u00e0 s\u2019approprier le lieu. L\u2019art est ici comme un t\u00e9moin universel de notre pr\u00e9sence commune et individuelle. \u00catre au monde. <\/span><\/p>\n<ul class=\"et_post_gallery clearfix\">\n\t\t\t\t\t<li class=\"et_gallery_item et_pb_gallery_image\">\n\t\t\t\t\t\t<a href=\"https:\/\/ailo.fr\/wp-content\/uploads\/2023\/01\/FL70271.jpg\" title=\"Emotions enfouies \u00a9A.I.L.O\">\n\t\t\t\t\t\t\t<span class=\"et_portfolio_image\">\n\t\t\t\t\t\t\t\t<img loading=\"lazy\" decoding=\"async\" width=\"400\" height=\"284\" src=\"https:\/\/ailo.fr\/wp-content\/uploads\/2023\/01\/FL70271-400x284.jpg\" class=\"attachment-et-pb-portfolio-image size-et-pb-portfolio-image\" alt=\"\" \/>\n\t\t\t\t\t\t\t\t<span class=\"et_overlay\"><\/span>\n\t\t\t\t\t\t\t<\/span>\n\t\t\t\t\t\t<\/a>\n\t\t\t\t\t\t<p class=\"et_pb_gallery_caption\">Emotions enfouies \u00a9A.I.L.O<\/p>\n\t\t\t\t\t<\/li><li class=\"et_gallery_item et_pb_gallery_image\">\n\t\t\t\t\t\t<a href=\"https:\/\/ailo.fr\/wp-content\/uploads\/2023\/01\/FL70300.jpg\" title=\"Emotions enfouies \u00a9A.I.L.O\">\n\t\t\t\t\t\t\t<span class=\"et_portfolio_image\">\n\t\t\t\t\t\t\t\t<img loading=\"lazy\" decoding=\"async\" width=\"400\" height=\"284\" src=\"https:\/\/ailo.fr\/wp-content\/uploads\/2023\/01\/FL70300-400x284.jpg\" class=\"attachment-et-pb-portfolio-image size-et-pb-portfolio-image\" alt=\"\" \/>\n\t\t\t\t\t\t\t\t<span class=\"et_overlay\"><\/span>\n\t\t\t\t\t\t\t<\/span>\n\t\t\t\t\t\t<\/a>\n\t\t\t\t\t\t<p class=\"et_pb_gallery_caption\">Emotions enfouies \u00a9A.I.L.O<\/p>\n\t\t\t\t\t<\/li><li class=\"et_gallery_item et_pb_gallery_image\">\n\t\t\t\t\t\t<a href=\"https:\/\/ailo.fr\/wp-content\/uploads\/2023\/01\/FL70308.jpg\" title=\"Emotions enfouies \u00a9A.I.L.O\">\n\t\t\t\t\t\t\t<span class=\"et_portfolio_image\">\n\t\t\t\t\t\t\t\t<img loading=\"lazy\" decoding=\"async\" width=\"400\" height=\"284\" src=\"https:\/\/ailo.fr\/wp-content\/uploads\/2023\/01\/FL70308-400x284.jpg\" class=\"attachment-et-pb-portfolio-image size-et-pb-portfolio-image\" alt=\"\" \/>\n\t\t\t\t\t\t\t\t<span class=\"et_overlay\"><\/span>\n\t\t\t\t\t\t\t<\/span>\n\t\t\t\t\t\t<\/a>\n\t\t\t\t\t\t<p class=\"et_pb_gallery_caption\">Emotions enfouies \u00a9A.I.L.O<\/p>\n\t\t\t\t\t<\/li><li class=\"et_gallery_item et_pb_gallery_image\">\n\t\t\t\t\t\t<a href=\"https:\/\/ailo.fr\/wp-content\/uploads\/2023\/01\/1010168web.jpg\" title=\"Emotions enfouies \u00a9A.I.L.O\">\n\t\t\t\t\t\t\t<span class=\"et_portfolio_image\">\n\t\t\t\t\t\t\t\t<img loading=\"lazy\" decoding=\"async\" width=\"400\" height=\"284\" src=\"https:\/\/ailo.fr\/wp-content\/uploads\/2023\/01\/1010168web-400x284.jpg\" class=\"attachment-et-pb-portfolio-image size-et-pb-portfolio-image\" alt=\"\" \/>\n\t\t\t\t\t\t\t\t<span class=\"et_overlay\"><\/span>\n\t\t\t\t\t\t\t<\/span>\n\t\t\t\t\t\t<\/a>\n\t\t\t\t\t\t<p class=\"et_pb_gallery_caption\">Emotions enfouies \u00a9A.I.L.O<\/p>\n\t\t\t\t\t<\/li><li class=\"et_gallery_item et_pb_gallery_image\">\n\t\t\t\t\t\t<a href=\"https:\/\/ailo.fr\/wp-content\/uploads\/2023\/01\/FL70410-bis.jpg\" title=\"Emotions enfouies \u00a9A.I.L.O\">\n\t\t\t\t\t\t\t<span class=\"et_portfolio_image\">\n\t\t\t\t\t\t\t\t<img loading=\"lazy\" decoding=\"async\" width=\"400\" height=\"284\" src=\"https:\/\/ailo.fr\/wp-content\/uploads\/2023\/01\/FL70410-bis-400x284.jpg\" class=\"attachment-et-pb-portfolio-image size-et-pb-portfolio-image\" alt=\"\" \/>\n\t\t\t\t\t\t\t\t<span class=\"et_overlay\"><\/span>\n\t\t\t\t\t\t\t<\/span>\n\t\t\t\t\t\t<\/a>\n\t\t\t\t\t\t<p class=\"et_pb_gallery_caption\">Emotions enfouies \u00a9A.I.L.O<\/p>\n\t\t\t\t\t<\/li><li class=\"et_gallery_item et_pb_gallery_image\">\n\t\t\t\t\t\t<a href=\"https:\/\/ailo.fr\/wp-content\/uploads\/2023\/01\/FL70424.jpg\" title=\"Emotions enfouies \u00a9A.I.L.O\">\n\t\t\t\t\t\t\t<span class=\"et_portfolio_image\">\n\t\t\t\t\t\t\t\t<img loading=\"lazy\" decoding=\"async\" width=\"400\" height=\"284\" src=\"https:\/\/ailo.fr\/wp-content\/uploads\/2023\/01\/FL70424-400x284.jpg\" class=\"attachment-et-pb-portfolio-image size-et-pb-portfolio-image\" alt=\"\" \/>\n\t\t\t\t\t\t\t\t<span class=\"et_overlay\"><\/span>\n\t\t\t\t\t\t\t<\/span>\n\t\t\t\t\t\t<\/a>\n\t\t\t\t\t\t<p class=\"et_pb_gallery_caption\">Emotions enfouies \u00a9A.I.L.O<\/p>\n\t\t\t\t\t<\/li><li class=\"et_gallery_item et_pb_gallery_image\">\n\t\t\t\t\t\t<a href=\"https:\/\/ailo.fr\/wp-content\/uploads\/2023\/01\/FL70397.jpg\" title=\"Emotions enfouies \u00a9A.I.L.O\">\n\t\t\t\t\t\t\t<span class=\"et_portfolio_image\">\n\t\t\t\t\t\t\t\t<img loading=\"lazy\" decoding=\"async\" width=\"400\" height=\"284\" src=\"https:\/\/ailo.fr\/wp-content\/uploads\/2023\/01\/FL70397-400x284.jpg\" class=\"attachment-et-pb-portfolio-image size-et-pb-portfolio-image\" alt=\"\" \/>\n\t\t\t\t\t\t\t\t<span class=\"et_overlay\"><\/span>\n\t\t\t\t\t\t\t<\/span>\n\t\t\t\t\t\t<\/a>\n\t\t\t\t\t\t<p class=\"et_pb_gallery_caption\">Emotions enfouies \u00a9A.I.L.O<\/p>\n\t\t\t\t\t<\/li><li class=\"et_gallery_item et_pb_gallery_image\">\n\t\t\t\t\t\t<a href=\"https:\/\/ailo.fr\/wp-content\/uploads\/2023\/01\/FL70320.jpg\" title=\"Emotions enfouies \u00a9A.I.L.O\">\n\t\t\t\t\t\t\t<span class=\"et_portfolio_image\">\n\t\t\t\t\t\t\t\t<img loading=\"lazy\" decoding=\"async\" width=\"400\" height=\"284\" src=\"https:\/\/ailo.fr\/wp-content\/uploads\/2023\/01\/FL70320-400x284.jpg\" class=\"attachment-et-pb-portfolio-image size-et-pb-portfolio-image\" alt=\"\" \/>\n\t\t\t\t\t\t\t\t<span class=\"et_overlay\"><\/span>\n\t\t\t\t\t\t\t<\/span>\n\t\t\t\t\t\t<\/a>\n\t\t\t\t\t\t<p class=\"et_pb_gallery_caption\">Emotions enfouies \u00a9A.I.L.O<\/p>\n\t\t\t\t\t<\/li><li class=\"et_gallery_item et_pb_gallery_image\">\n\t\t\t\t\t\t<a href=\"https:\/\/ailo.fr\/wp-content\/uploads\/2023\/01\/FL70326.jpg\" title=\"Emotions enfouies \u00a9A.I.L.O\">\n\t\t\t\t\t\t\t<span class=\"et_portfolio_image\">\n\t\t\t\t\t\t\t\t<img loading=\"lazy\" decoding=\"async\" width=\"400\" height=\"284\" src=\"https:\/\/ailo.fr\/wp-content\/uploads\/2023\/01\/FL70326-400x284.jpg\" class=\"attachment-et-pb-portfolio-image size-et-pb-portfolio-image\" alt=\"\" \/>\n\t\t\t\t\t\t\t\t<span class=\"et_overlay\"><\/span>\n\t\t\t\t\t\t\t<\/span>\n\t\t\t\t\t\t<\/a>\n\t\t\t\t\t\t<p class=\"et_pb_gallery_caption\">Emotions enfouies \u00a9A.I.L.O<\/p>\n\t\t\t\t\t<\/li>\n\t\t\t\t<\/ul>\n<p>Cr\u00e9ation sonore <a href=\"https:\/\/fabriceleroux.com\/\" target=\"_blank\" rel=\"noopener\">Fabrice Leroux<\/a><\/p>\n<p>Commissaire : Emmanuel Morin<\/p>\n<p>Production : Ackerman + Fontevraud<\/p>\n<p>Texte : Madeleine Balansino<\/p>\n<p>&nbsp;<\/p>\n<p>Remerciements:<\/p>\n<p>Ont collabor\u00e9 sur ce projet,<\/p>\n<p style=\"text-align: justify;\">Miroiterie Champion, <a href=\"https:\/\/fr.linkedin.com\/in\/brice-cognee-78606081?original_referer=https%3A%2F%2Fwww.google.com%2F\" target=\"_blank\" rel=\"noopener\">Brice Cogn\u00e9e<\/a> (Axilome), Laurent Boutreux, Armel Sal\u00e8s, Nicolas Amar, M\u00e9tallerie A.Fabre. Aux b\u00e9n\u00e9voles de l\u2019Abbaye H\u00e9l\u00e8ne Labalte et Anne-Marie Surreaux mes 2 soleils souterrains, \u00e0 <a href=\"https:\/\/fabriceleroux.com\/\" target=\"_blank\" rel=\"noopener\">Fabrice Leroux<\/a> mon collaborateur passionn\u00e9 et passionnant. Chaque projet est comme une nouvelle histoire d\u2019amour, et vous l\u2019avez tous rendu particuli\u00e8rement belle et unique. Merci \u00e0 tous!<\/p>\n<p>[\/et_pb_text][\/et_pb_column][\/et_pb_row][\/et_pb_section]<\/p>\n","protected":false},"excerpt":{"rendered":"<p>\u00a0 \u00c9motions Enfouies \u00ab La lumi\u00e8re jaillit des pierres, on est au centre de la terre. Ce n\u2019est pas de la lave qui coule dans le c\u0153ur du monde, mais de la lumi\u00e8re.\u00a0\u00bb Anna-Eva Berge &nbsp; A.I.L.O fait jaillir des profondeurs t\u00e9n\u00e9breuses de la cave en tuffeau des monuments de lumi\u00e8re. Comme des vestiges encore [&hellip;]<\/p>\n","protected":false},"author":1,"featured_media":0,"parent":0,"menu_order":0,"comment_status":"closed","ping_status":"closed","template":"","meta":{"_et_pb_use_builder":"on","_et_pb_old_content":"<div style=\"padding: 56.25% 0 0 0; position: relative;\"><iframe style=\"position: absolute; top: 0; left: 0; width: 100%; height: 100%;\" src=\"https:\/\/player.vimeo.com\/video\/709637296?h=3f66a0c4b0&autoplay=1&loop=1&title=0&byline=0&portrait=0\" frameborder=\"0\" allowfullscreen=\"allowfullscreen\"><\/iframe><\/div><h3 align=\"left\">\u00a0<\/h3><h3 class=\"western\" align=\"left\"><em><span style=\"font-family: Calibri, sans-serif;\">\u00c9motions Enfouies<\/span><\/em><\/h3><p><span style=\"font-family: Calibri, sans-serif;\">\u00ab <\/span><span style=\"font-family: Calibri, sans-serif;\"><i>La lumi\u00e8re jaillit des pierres, on est au centre de la terre. <\/i><\/span><\/p><p><span style=\"font-family: Calibri, sans-serif;\"><i>Ce n\u2019est pas de la lave qui coule dans le c\u0153ur du monde, mais de la lumi\u00e8re.<\/i><\/span><span style=\"font-family: Calibri, sans-serif;\">\u00a0\u00bb <\/span><\/p><p><span style=\"font-family: Calibri, sans-serif;\">Anna-Eva Berge<\/span><\/p><p>\u00a0<\/p><p style=\"text-align: justify;\"><span style=\"font-family: Calibri, sans-serif;\">A.I.L.O fait jaillir des profondeurs t\u00e9n\u00e9breuses de la cave en tuffeau des monuments de lumi\u00e8re. Comme des vestiges encore rayonnants d\u2019une civilisation ensevelie, les sculptures vibrent d\u2019une aura myst\u00e9rieuse. <\/span><span style=\"font-family: Calibri, sans-serif;\">Le parcours du visiteur est celui d\u2019un arch\u00e9ologue qui d\u00e9couvre les traces d\u2019une vie pass\u00e9e. L\u2019installation sonore accompagne l\u2019\u0153uvre comme le t\u00e9moin contenu d\u2019une puissance tellurique qui fr\u00e9mit autour de nous. <\/span><span style=\"font-family: Calibri, sans-serif;\">La lumi\u00e8re ici devient langage. Elle dessine une graphie g\u00e9om\u00e9trique sur les murs de la cave. La peau de tuffeau est alors le support d\u2019une m\u00e9moire souterraine. Comme une r\u00e9miniscence ind\u00e9chiffrable mais \u00e9trangement famili\u00e8re. <\/span><span style=\"font-family: Calibri, sans-serif;\">Le titre de l\u2019\u0153uvre \u00ab\u00a0<\/span><span style=\"font-family: Calibri, sans-serif;\"><i>\u00e9motions enfouies<\/i><\/span><span style=\"font-family: Calibri, sans-serif;\"> \u00bb invite le visiteur \u00e0 s\u2019approprier le lieu. L\u2019art est ici comme un t\u00e9moin universel de notre pr\u00e9sence commune et individuelle. \u00catre au monde. <\/span><\/p><p><span style=\"font-family: Calibri, sans-serif;\">Madeleine Balansino, charg\u00e9e de la cr\u00e9ation contemporaine, Abbaye Royale de Fontevraud.<br \/><\/span><\/p><p>\u00a0<\/p><p>[gallery size=\"medium\" link=\"file\" ids=\"2554,2555,2556,2552,2561,2562,2560,2557,2558\"]<\/p>","_et_gb_content_width":"","footnotes":""},"class_list":["post-2546","page","type-page","status-publish","hentry"],"yoast_head":"<!-- This site is optimized with the Yoast SEO plugin v27.4 - https:\/\/yoast.com\/product\/yoast-seo-wordpress\/ -->\n<title>R\u00e9sidence Ackerman + Fontevraud 2022 - A.I.L.O se prononce Hello<\/title>\n<meta name=\"description\" content=\"AILO, Atelier d\u2019Immersion Lumineuse et Obscure, entit\u00e9 artistique qui se d\u00e9die \u00e0 une recherche de dialogue et d\u2019interactions entre diff\u00e9rents mat\u00e9riaux et proc\u00e9d\u00e9s num\u00e9riques et analogiques. Entre Arts contemporain et Arts num\u00e9riques.\" \/>\n<meta name=\"robots\" content=\"index, follow, max-snippet:-1, max-image-preview:large, max-video-preview:-1\" \/>\n<link rel=\"canonical\" href=\"https:\/\/ailo.fr\/en\/residence-ackerman-fontevraud-2022\/\" \/>\n<meta property=\"og:locale\" content=\"en_GB\" \/>\n<meta property=\"og:type\" content=\"article\" \/>\n<meta property=\"og:title\" content=\"R\u00e9sidence Ackerman + Fontevraud 2022 - A.I.L.O se prononce Hello\" \/>\n<meta property=\"og:description\" content=\"AILO, Atelier d\u2019Immersion Lumineuse et Obscure, entit\u00e9 artistique qui se d\u00e9die \u00e0 une recherche de dialogue et d\u2019interactions entre diff\u00e9rents mat\u00e9riaux et proc\u00e9d\u00e9s num\u00e9riques et analogiques. Entre Arts contemporain et Arts num\u00e9riques.\" \/>\n<meta property=\"og:url\" content=\"https:\/\/ailo.fr\/en\/residence-ackerman-fontevraud-2022\/\" \/>\n<meta property=\"og:site_name\" content=\"A.I.L.O se prononce Hello\" \/>\n<meta property=\"article:publisher\" content=\"https:\/\/www.facebook.com\/profile.php?id=100013094883937\" \/>\n<meta property=\"article:modified_time\" content=\"2023-01-19T15:54:07+00:00\" \/>\n<meta name=\"twitter:card\" content=\"summary_large_image\" \/>\n<meta name=\"twitter:label1\" content=\"Estimated reading time\" \/>\n\t<meta name=\"twitter:data1\" content=\"2 minutes\" \/>\n<script type=\"application\/ld+json\" class=\"yoast-schema-graph\">{\"@context\":\"https:\\\/\\\/schema.org\",\"@graph\":[{\"@type\":\"WebPage\",\"@id\":\"https:\\\/\\\/ailo.fr\\\/residence-ackerman-fontevraud-2022\\\/\",\"url\":\"https:\\\/\\\/ailo.fr\\\/residence-ackerman-fontevraud-2022\\\/\",\"name\":\"R\u00e9sidence Ackerman + Fontevraud 2022 - A.I.L.O se prononce Hello\",\"isPartOf\":{\"@id\":\"https:\\\/\\\/ailo.fr\\\/#website\"},\"datePublished\":\"2023-01-19T14:42:21+00:00\",\"dateModified\":\"2023-01-19T15:54:07+00:00\",\"description\":\"AILO, Atelier d\u2019Immersion Lumineuse et Obscure, entit\u00e9 artistique qui se d\u00e9die \u00e0 une recherche de dialogue et d\u2019interactions entre diff\u00e9rents mat\u00e9riaux et proc\u00e9d\u00e9s num\u00e9riques et analogiques. Entre Arts contemporain et Arts num\u00e9riques.\",\"breadcrumb\":{\"@id\":\"https:\\\/\\\/ailo.fr\\\/residence-ackerman-fontevraud-2022\\\/#breadcrumb\"},\"inLanguage\":\"en-GB\",\"potentialAction\":[{\"@type\":\"ReadAction\",\"target\":[\"https:\\\/\\\/ailo.fr\\\/residence-ackerman-fontevraud-2022\\\/\"]}]},{\"@type\":\"BreadcrumbList\",\"@id\":\"https:\\\/\\\/ailo.fr\\\/residence-ackerman-fontevraud-2022\\\/#breadcrumb\",\"itemListElement\":[{\"@type\":\"ListItem\",\"position\":1,\"name\":\"Accueil\",\"item\":\"https:\\\/\\\/ailo.fr\\\/\"},{\"@type\":\"ListItem\",\"position\":2,\"name\":\"R\u00e9sidence Ackerman + Fontevraud 2022\"}]},{\"@type\":\"WebSite\",\"@id\":\"https:\\\/\\\/ailo.fr\\\/#website\",\"url\":\"https:\\\/\\\/ailo.fr\\\/\",\"name\":\"A.I.L.O se prononce Hello\",\"description\":\"Atelier d&#039;Immersion Lumineuse et Obscure\",\"publisher\":{\"@id\":\"https:\\\/\\\/ailo.fr\\\/#organization\"},\"potentialAction\":[{\"@type\":\"SearchAction\",\"target\":{\"@type\":\"EntryPoint\",\"urlTemplate\":\"https:\\\/\\\/ailo.fr\\\/?s={search_term_string}\"},\"query-input\":{\"@type\":\"PropertyValueSpecification\",\"valueRequired\":true,\"valueName\":\"search_term_string\"}}],\"inLanguage\":\"en-GB\"},{\"@type\":\"Organization\",\"@id\":\"https:\\\/\\\/ailo.fr\\\/#organization\",\"name\":\"AILO\",\"url\":\"https:\\\/\\\/ailo.fr\\\/\",\"logo\":{\"@type\":\"ImageObject\",\"inLanguage\":\"en-GB\",\"@id\":\"https:\\\/\\\/ailo.fr\\\/#\\\/schema\\\/logo\\\/image\\\/\",\"url\":\"https:\\\/\\\/ailo.fr\\\/wp-content\\\/uploads\\\/2016\\\/10\\\/logolight-WEB.gif\",\"contentUrl\":\"https:\\\/\\\/ailo.fr\\\/wp-content\\\/uploads\\\/2016\\\/10\\\/logolight-WEB.gif\",\"width\":177,\"height\":177,\"caption\":\"AILO\"},\"image\":{\"@id\":\"https:\\\/\\\/ailo.fr\\\/#\\\/schema\\\/logo\\\/image\\\/\"},\"sameAs\":[\"https:\\\/\\\/www.facebook.com\\\/profile.php?id=100013094883937\",\"https:\\\/\\\/www.instagram.com\\\/ailoatelier\\\/\"]}]}<\/script>\n<!-- \/ Yoast SEO plugin. -->","yoast_head_json":{"title":"R\u00e9sidence Ackerman + Fontevraud 2022 - A.I.L.O se prononce Hello","description":"AILO, Atelier d\u2019Immersion Lumineuse et Obscure, entit\u00e9 artistique qui se d\u00e9die \u00e0 une recherche de dialogue et d\u2019interactions entre diff\u00e9rents mat\u00e9riaux et proc\u00e9d\u00e9s num\u00e9riques et analogiques. Entre Arts contemporain et Arts num\u00e9riques.","robots":{"index":"index","follow":"follow","max-snippet":"max-snippet:-1","max-image-preview":"max-image-preview:large","max-video-preview":"max-video-preview:-1"},"canonical":"https:\/\/ailo.fr\/en\/residence-ackerman-fontevraud-2022\/","og_locale":"en_GB","og_type":"article","og_title":"R\u00e9sidence Ackerman + Fontevraud 2022 - A.I.L.O se prononce Hello","og_description":"AILO, Atelier d\u2019Immersion Lumineuse et Obscure, entit\u00e9 artistique qui se d\u00e9die \u00e0 une recherche de dialogue et d\u2019interactions entre diff\u00e9rents mat\u00e9riaux et proc\u00e9d\u00e9s num\u00e9riques et analogiques. Entre Arts contemporain et Arts num\u00e9riques.","og_url":"https:\/\/ailo.fr\/en\/residence-ackerman-fontevraud-2022\/","og_site_name":"A.I.L.O se prononce Hello","article_publisher":"https:\/\/www.facebook.com\/profile.php?id=100013094883937","article_modified_time":"2023-01-19T15:54:07+00:00","twitter_card":"summary_large_image","twitter_misc":{"Estimated reading time":"2 minutes"},"schema":{"@context":"https:\/\/schema.org","@graph":[{"@type":"WebPage","@id":"https:\/\/ailo.fr\/residence-ackerman-fontevraud-2022\/","url":"https:\/\/ailo.fr\/residence-ackerman-fontevraud-2022\/","name":"R\u00e9sidence Ackerman + Fontevraud 2022 - A.I.L.O se prononce Hello","isPartOf":{"@id":"https:\/\/ailo.fr\/#website"},"datePublished":"2023-01-19T14:42:21+00:00","dateModified":"2023-01-19T15:54:07+00:00","description":"AILO, Atelier d\u2019Immersion Lumineuse et Obscure, entit\u00e9 artistique qui se d\u00e9die \u00e0 une recherche de dialogue et d\u2019interactions entre diff\u00e9rents mat\u00e9riaux et proc\u00e9d\u00e9s num\u00e9riques et analogiques. Entre Arts contemporain et Arts num\u00e9riques.","breadcrumb":{"@id":"https:\/\/ailo.fr\/residence-ackerman-fontevraud-2022\/#breadcrumb"},"inLanguage":"en-GB","potentialAction":[{"@type":"ReadAction","target":["https:\/\/ailo.fr\/residence-ackerman-fontevraud-2022\/"]}]},{"@type":"BreadcrumbList","@id":"https:\/\/ailo.fr\/residence-ackerman-fontevraud-2022\/#breadcrumb","itemListElement":[{"@type":"ListItem","position":1,"name":"Accueil","item":"https:\/\/ailo.fr\/"},{"@type":"ListItem","position":2,"name":"R\u00e9sidence Ackerman + Fontevraud 2022"}]},{"@type":"WebSite","@id":"https:\/\/ailo.fr\/#website","url":"https:\/\/ailo.fr\/","name":"A.I.L.O it pronounces Hello","description":"Art Immersive Luminous and Obscure","publisher":{"@id":"https:\/\/ailo.fr\/#organization"},"potentialAction":[{"@type":"SearchAction","target":{"@type":"EntryPoint","urlTemplate":"https:\/\/ailo.fr\/?s={search_term_string}"},"query-input":{"@type":"PropertyValueSpecification","valueRequired":true,"valueName":"search_term_string"}}],"inLanguage":"en-GB"},{"@type":"Organization","@id":"https:\/\/ailo.fr\/#organization","name":"AILO","url":"https:\/\/ailo.fr\/","logo":{"@type":"ImageObject","inLanguage":"en-GB","@id":"https:\/\/ailo.fr\/#\/schema\/logo\/image\/","url":"https:\/\/ailo.fr\/wp-content\/uploads\/2016\/10\/logolight-WEB.gif","contentUrl":"https:\/\/ailo.fr\/wp-content\/uploads\/2016\/10\/logolight-WEB.gif","width":177,"height":177,"caption":"AILO"},"image":{"@id":"https:\/\/ailo.fr\/#\/schema\/logo\/image\/"},"sameAs":["https:\/\/www.facebook.com\/profile.php?id=100013094883937","https:\/\/www.instagram.com\/ailoatelier\/"]}]}},"_links":{"self":[{"href":"https:\/\/ailo.fr\/en\/wp-json\/wp\/v2\/pages\/2546","targetHints":{"allow":["GET"]}}],"collection":[{"href":"https:\/\/ailo.fr\/en\/wp-json\/wp\/v2\/pages"}],"about":[{"href":"https:\/\/ailo.fr\/en\/wp-json\/wp\/v2\/types\/page"}],"author":[{"embeddable":true,"href":"https:\/\/ailo.fr\/en\/wp-json\/wp\/v2\/users\/1"}],"replies":[{"embeddable":true,"href":"https:\/\/ailo.fr\/en\/wp-json\/wp\/v2\/comments?post=2546"}],"version-history":[{"count":0,"href":"https:\/\/ailo.fr\/en\/wp-json\/wp\/v2\/pages\/2546\/revisions"}],"wp:attachment":[{"href":"https:\/\/ailo.fr\/en\/wp-json\/wp\/v2\/media?parent=2546"}],"curies":[{"name":"wp","href":"https:\/\/api.w.org\/{rel}","templated":true}]}}