{"id":1666,"date":"2019-09-08T16:00:54","date_gmt":"2019-09-08T14:00:54","guid":{"rendered":"https:\/\/ailo.fr\/?page_id=1666"},"modified":"2021-08-22T12:53:56","modified_gmt":"2021-08-22T10:53:56","slug":"site-saint-sauveur","status":"publish","type":"page","link":"https:\/\/ailo.fr\/en\/site-saint-sauveur\/","title":{"rendered":"Saint-Sauveur site"},"content":{"rendered":"<p>[et_pb_section fb_built=\u00a0\u00bb1&Prime; _builder_version=\u00a0\u00bb4.6.6&Prime; custom_margin=\u00a0\u00bb||-10px|||\u00a0\u00bb custom_padding=\u00a0\u00bb32px|||||\u00a0\u00bb global_colors_info=\u00a0\u00bb{}\u00a0\u00bb][et_pb_row use_custom_gutter=\u00a0\u00bbon\u00a0\u00bb make_equal=\u00a0\u00bbon\u00a0\u00bb _builder_version=\u00a0\u00bb4.6.6&Prime; module_alignment=\u00a0\u00bbcenter\u00a0\u00bb custom_margin=\u00a0\u00bb0px||0px||false|false\u00a0\u00bb custom_padding=\u00a0\u00bb0px||0px|||\u00a0\u00bb global_colors_info=\u00a0\u00bb{}\u00a0\u00bb][et_pb_column type=\u00a0\u00bb4_4&Prime; _builder_version=\u00a0\u00bb3.0.47&Prime; custom_padding=\u00a0\u00bb|||\u00a0\u00bb global_colors_info=\u00a0\u00bb{}\u00a0\u00bb custom_padding__hover=\u00a0\u00bb|||\u00a0\u00bb][et_pb_text admin_label=\u00a0\u00bbArt et Lumi\u00e8re\u00a0\u00bb _builder_version=\u00a0\u00bb4.10.3&Prime; text_text_color=\u00a0\u00bb#777777&Prime; module_alignment=\u00a0\u00bbcenter\u00a0\u00bb z_index_tablet=\u00a0\u00bb500&Prime; text_text_shadow_horizontal_length_tablet=\u00a0\u00bb0px\u00a0\u00bb text_text_shadow_vertical_length_tablet=\u00a0\u00bb0px\u00a0\u00bb text_text_shadow_blur_strength_tablet=\u00a0\u00bb1px\u00a0\u00bb link_text_shadow_horizontal_length_tablet=\u00a0\u00bb0px\u00a0\u00bb link_text_shadow_vertical_length_tablet=\u00a0\u00bb0px\u00a0\u00bb link_text_shadow_blur_strength_tablet=\u00a0\u00bb1px\u00a0\u00bb ul_text_shadow_horizontal_length_tablet=\u00a0\u00bb0px\u00a0\u00bb ul_text_shadow_vertical_length_tablet=\u00a0\u00bb0px\u00a0\u00bb ul_text_shadow_blur_strength_tablet=\u00a0\u00bb1px\u00a0\u00bb ol_text_shadow_horizontal_length_tablet=\u00a0\u00bb0px\u00a0\u00bb ol_text_shadow_vertical_length_tablet=\u00a0\u00bb0px\u00a0\u00bb ol_text_shadow_blur_strength_tablet=\u00a0\u00bb1px\u00a0\u00bb quote_text_shadow_horizontal_length_tablet=\u00a0\u00bb0px\u00a0\u00bb quote_text_shadow_vertical_length_tablet=\u00a0\u00bb0px\u00a0\u00bb quote_text_shadow_blur_strength_tablet=\u00a0\u00bb1px\u00a0\u00bb header_text_shadow_horizontal_length_tablet=\u00a0\u00bb0px\u00a0\u00bb header_text_shadow_vertical_length_tablet=\u00a0\u00bb0px\u00a0\u00bb header_text_shadow_blur_strength_tablet=\u00a0\u00bb1px\u00a0\u00bb header_2_text_shadow_horizontal_length_tablet=\u00a0\u00bb0px\u00a0\u00bb header_2_text_shadow_vertical_length_tablet=\u00a0\u00bb0px\u00a0\u00bb header_2_text_shadow_blur_strength_tablet=\u00a0\u00bb1px\u00a0\u00bb header_3_text_shadow_horizontal_length_tablet=\u00a0\u00bb0px\u00a0\u00bb header_3_text_shadow_vertical_length_tablet=\u00a0\u00bb0px\u00a0\u00bb header_3_text_shadow_blur_strength_tablet=\u00a0\u00bb1px\u00a0\u00bb header_4_text_shadow_horizontal_length_tablet=\u00a0\u00bb0px\u00a0\u00bb header_4_text_shadow_vertical_length_tablet=\u00a0\u00bb0px\u00a0\u00bb header_4_text_shadow_blur_strength_tablet=\u00a0\u00bb1px\u00a0\u00bb header_5_text_shadow_horizontal_length_tablet=\u00a0\u00bb0px\u00a0\u00bb header_5_text_shadow_vertical_length_tablet=\u00a0\u00bb0px\u00a0\u00bb header_5_text_shadow_blur_strength_tablet=\u00a0\u00bb1px\u00a0\u00bb header_6_text_shadow_horizontal_length_tablet=\u00a0\u00bb0px\u00a0\u00bb header_6_text_shadow_vertical_length_tablet=\u00a0\u00bb0px\u00a0\u00bb header_6_text_shadow_blur_strength_tablet=\u00a0\u00bb1px\u00a0\u00bb box_shadow_horizontal_tablet=\u00a0\u00bb0px\u00a0\u00bb box_shadow_vertical_tablet=\u00a0\u00bb0px\u00a0\u00bb box_shadow_blur_tablet=\u00a0\u00bb40px\u00a0\u00bb box_shadow_spread_tablet=\u00a0\u00bb0px\u00a0\u00bb global_colors_info=\u00a0\u00bb{}\u00a0\u00bb]<\/p>\n<h3 style=\"text-align: center;\" align=\"justify\"><em>Art et Lumi\u00e8re<\/em><\/h3>\n<p style=\"text-align: center;\" align=\"justify\">Exposition collective du 18 Mai au 22 Septembre 2019<\/p>\n<p style=\"text-align: center;\" align=\"justify\"><a href=\"https:\/\/www.sitesaintsauveur.fr\/\" target=\"_blank\" rel=\"noopener noreferrer\"><span style=\"color: #333333;\">Site Saint-Sauveur<\/span><\/a><span style=\"color: #333333;\">,<\/span> Rocheservi\u00e8re (85)<span style=\"font-family: Arial, sans-serif;\"><span style=\"font-size: medium;\"><br \/>\n<\/span><\/span><\/p>\n<p style=\"text-align: center;\" align=\"justify\">Pr\u00e9sent\u00e9es dans l\u2019ensemble du site patrimonial Saint-Sauveur, les \u0153uvres conjuguent patrimoine et cr\u00e9ation contemporaine.<\/p>\n<div style=\"padding: 56.25% 0 0 0; position: relative;\"><iframe style=\"position: absolute; top: 0; left: 0; width: 100%; height: 100%;\" src=\"https:\/\/player.vimeo.com\/video\/340595339?h=fabcacfe0d&amp;autoplay=1&amp;loop=1&amp;color=ffffff&amp;title=0&amp;byline=0&amp;portrait=0\" frameborder=\"0\" allowfullscreen=\"allowfullscreen\"><\/iframe><\/div>\n<p><script src=\"https:\/\/player.vimeo.com\/api\/player.js\"><\/script>[\/et_pb_text][et_pb_gallery gallery_ids=\u00a0\u00bb1673,1676,1678,1677,1671,1670,1679,1681,1680,1682,1683,1684,1685&Prime; posts_number=\u00a0\u00bb77&Prime; show_pagination=\u00a0\u00bboff\u00a0\u00bb _builder_version=\u00a0\u00bb4.10.3&Prime; _module_preset=\u00a0\u00bbdefault\u00a0\u00bb hover_enabled=\u00a0\u00bb0&Prime; global_colors_info=\u00a0\u00bb{}\u00a0\u00bb sticky_enabled=\u00a0\u00bb0&Prime;][\/et_pb_gallery][\/et_pb_column][\/et_pb_row][\/et_pb_section]<\/p>\n","protected":false},"excerpt":{"rendered":"<p>Art et Lumi\u00e8re Exposition collective du 18 Mai au 22 Septembre 2019 Site Saint-Sauveur, Rocheservi\u00e8re (85) Pr\u00e9sent\u00e9es dans l\u2019ensemble du site patrimonial Saint-Sauveur, les \u0153uvres conjuguent patrimoine et cr\u00e9ation contemporaine.<\/p>","protected":false},"author":1,"featured_media":0,"parent":0,"menu_order":0,"comment_status":"closed","ping_status":"closed","template":"","meta":{"_et_pb_use_builder":"on","_et_pb_old_content":"","_et_gb_content_width":"","footnotes":""},"class_list":["post-1666","page","type-page","status-publish","hentry"],"yoast_head":"<!-- This site is optimized with the Yoast SEO plugin v27.3 - https:\/\/yoast.com\/product\/yoast-seo-wordpress\/ -->\n<title>Site Saint-Sauveur - A.I.L.O se prononce Hello<\/title>\n<meta name=\"description\" content=\"Art et Lumi\u00e8re. Exposition collective avec Ailo et H\u00e9l\u00e8ne Fortin-Rinc\u00e9 du 18 Mai au 22 Septembre 2019 au Site Saint-Sauveur, Rocheservi\u00e8re (85). Pr\u00e9sent\u00e9es dans l\u2019ensemble du site patrimonial Saint-Sauveur, les \u0153uvres conjuguent patrimoine et cr\u00e9ation contemporaine.\" \/>\n<meta name=\"robots\" content=\"index, follow, max-snippet:-1, max-image-preview:large, max-video-preview:-1\" \/>\n<link rel=\"canonical\" href=\"https:\/\/ailo.fr\/en\/site-saint-sauveur\/\" \/>\n<meta property=\"og:locale\" content=\"en_GB\" \/>\n<meta property=\"og:type\" content=\"article\" \/>\n<meta property=\"og:title\" content=\"Site Saint-Sauveur - A.I.L.O se prononce Hello\" \/>\n<meta property=\"og:description\" content=\"Art et Lumi\u00e8re. Exposition collective avec Ailo et H\u00e9l\u00e8ne Fortin-Rinc\u00e9 du 18 Mai au 22 Septembre 2019 au Site Saint-Sauveur, Rocheservi\u00e8re (85). Pr\u00e9sent\u00e9es dans l\u2019ensemble du site patrimonial Saint-Sauveur, les \u0153uvres conjuguent patrimoine et cr\u00e9ation contemporaine.\" \/>\n<meta property=\"og:url\" content=\"https:\/\/ailo.fr\/en\/site-saint-sauveur\/\" \/>\n<meta property=\"og:site_name\" content=\"A.I.L.O se prononce Hello\" \/>\n<meta property=\"article:publisher\" content=\"https:\/\/www.facebook.com\/profile.php?id=100013094883937\" \/>\n<meta property=\"article:modified_time\" content=\"2021-08-22T10:53:56+00:00\" \/>\n<meta name=\"twitter:card\" content=\"summary_large_image\" \/>\n<meta name=\"twitter:label1\" content=\"Estimated reading time\" \/>\n\t<meta name=\"twitter:data1\" content=\"2 minutes\" \/>\n<script type=\"application\/ld+json\" class=\"yoast-schema-graph\">{\"@context\":\"https:\\\/\\\/schema.org\",\"@graph\":[{\"@type\":\"WebPage\",\"@id\":\"https:\\\/\\\/ailo.fr\\\/site-saint-sauveur\\\/\",\"url\":\"https:\\\/\\\/ailo.fr\\\/site-saint-sauveur\\\/\",\"name\":\"Site Saint-Sauveur - A.I.L.O se prononce Hello\",\"isPartOf\":{\"@id\":\"https:\\\/\\\/ailo.fr\\\/#website\"},\"datePublished\":\"2019-09-08T14:00:54+00:00\",\"dateModified\":\"2021-08-22T10:53:56+00:00\",\"description\":\"Art et Lumi\u00e8re. Exposition collective avec Ailo et H\u00e9l\u00e8ne Fortin-Rinc\u00e9 du 18 Mai au 22 Septembre 2019 au Site Saint-Sauveur, Rocheservi\u00e8re (85). Pr\u00e9sent\u00e9es dans l\u2019ensemble du site patrimonial Saint-Sauveur, les \u0153uvres conjuguent patrimoine et cr\u00e9ation contemporaine.\",\"breadcrumb\":{\"@id\":\"https:\\\/\\\/ailo.fr\\\/site-saint-sauveur\\\/#breadcrumb\"},\"inLanguage\":\"en-GB\",\"potentialAction\":[{\"@type\":\"ReadAction\",\"target\":[\"https:\\\/\\\/ailo.fr\\\/site-saint-sauveur\\\/\"]}]},{\"@type\":\"BreadcrumbList\",\"@id\":\"https:\\\/\\\/ailo.fr\\\/site-saint-sauveur\\\/#breadcrumb\",\"itemListElement\":[{\"@type\":\"ListItem\",\"position\":1,\"name\":\"Accueil\",\"item\":\"https:\\\/\\\/ailo.fr\\\/\"},{\"@type\":\"ListItem\",\"position\":2,\"name\":\"Site Saint-Sauveur\"}]},{\"@type\":\"WebSite\",\"@id\":\"https:\\\/\\\/ailo.fr\\\/#website\",\"url\":\"https:\\\/\\\/ailo.fr\\\/\",\"name\":\"A.I.L.O se prononce Hello\",\"description\":\"Atelier d&#039;Immersion Lumineuse et Obscure\",\"publisher\":{\"@id\":\"https:\\\/\\\/ailo.fr\\\/#organization\"},\"potentialAction\":[{\"@type\":\"SearchAction\",\"target\":{\"@type\":\"EntryPoint\",\"urlTemplate\":\"https:\\\/\\\/ailo.fr\\\/?s={search_term_string}\"},\"query-input\":{\"@type\":\"PropertyValueSpecification\",\"valueRequired\":true,\"valueName\":\"search_term_string\"}}],\"inLanguage\":\"en-GB\"},{\"@type\":\"Organization\",\"@id\":\"https:\\\/\\\/ailo.fr\\\/#organization\",\"name\":\"AILO\",\"url\":\"https:\\\/\\\/ailo.fr\\\/\",\"logo\":{\"@type\":\"ImageObject\",\"inLanguage\":\"en-GB\",\"@id\":\"https:\\\/\\\/ailo.fr\\\/#\\\/schema\\\/logo\\\/image\\\/\",\"url\":\"https:\\\/\\\/ailo.fr\\\/wp-content\\\/uploads\\\/2016\\\/10\\\/logolight-WEB.gif\",\"contentUrl\":\"https:\\\/\\\/ailo.fr\\\/wp-content\\\/uploads\\\/2016\\\/10\\\/logolight-WEB.gif\",\"width\":177,\"height\":177,\"caption\":\"AILO\"},\"image\":{\"@id\":\"https:\\\/\\\/ailo.fr\\\/#\\\/schema\\\/logo\\\/image\\\/\"},\"sameAs\":[\"https:\\\/\\\/www.facebook.com\\\/profile.php?id=100013094883937\",\"https:\\\/\\\/www.instagram.com\\\/ailoatelier\\\/\"]}]}<\/script>\n<!-- \/ Yoast SEO plugin. -->","yoast_head_json":{"title":"Site Saint-Sauveur - A.I.L.O se prononce Hello","description":"Art et Lumi\u00e8re. Exposition collective avec Ailo et H\u00e9l\u00e8ne Fortin-Rinc\u00e9 du 18 Mai au 22 Septembre 2019 au Site Saint-Sauveur, Rocheservi\u00e8re (85). Pr\u00e9sent\u00e9es dans l\u2019ensemble du site patrimonial Saint-Sauveur, les \u0153uvres conjuguent patrimoine et cr\u00e9ation contemporaine.","robots":{"index":"index","follow":"follow","max-snippet":"max-snippet:-1","max-image-preview":"max-image-preview:large","max-video-preview":"max-video-preview:-1"},"canonical":"https:\/\/ailo.fr\/en\/site-saint-sauveur\/","og_locale":"en_GB","og_type":"article","og_title":"Site Saint-Sauveur - A.I.L.O se prononce Hello","og_description":"Art et Lumi\u00e8re. Exposition collective avec Ailo et H\u00e9l\u00e8ne Fortin-Rinc\u00e9 du 18 Mai au 22 Septembre 2019 au Site Saint-Sauveur, Rocheservi\u00e8re (85). Pr\u00e9sent\u00e9es dans l\u2019ensemble du site patrimonial Saint-Sauveur, les \u0153uvres conjuguent patrimoine et cr\u00e9ation contemporaine.","og_url":"https:\/\/ailo.fr\/en\/site-saint-sauveur\/","og_site_name":"A.I.L.O se prononce Hello","article_publisher":"https:\/\/www.facebook.com\/profile.php?id=100013094883937","article_modified_time":"2021-08-22T10:53:56+00:00","twitter_card":"summary_large_image","twitter_misc":{"Estimated reading time":"2 minutes"},"schema":{"@context":"https:\/\/schema.org","@graph":[{"@type":"WebPage","@id":"https:\/\/ailo.fr\/site-saint-sauveur\/","url":"https:\/\/ailo.fr\/site-saint-sauveur\/","name":"Site Saint-Sauveur - A.I.L.O se prononce Hello","isPartOf":{"@id":"https:\/\/ailo.fr\/#website"},"datePublished":"2019-09-08T14:00:54+00:00","dateModified":"2021-08-22T10:53:56+00:00","description":"Art et Lumi\u00e8re. Exposition collective avec Ailo et H\u00e9l\u00e8ne Fortin-Rinc\u00e9 du 18 Mai au 22 Septembre 2019 au Site Saint-Sauveur, Rocheservi\u00e8re (85). Pr\u00e9sent\u00e9es dans l\u2019ensemble du site patrimonial Saint-Sauveur, les \u0153uvres conjuguent patrimoine et cr\u00e9ation contemporaine.","breadcrumb":{"@id":"https:\/\/ailo.fr\/site-saint-sauveur\/#breadcrumb"},"inLanguage":"en-GB","potentialAction":[{"@type":"ReadAction","target":["https:\/\/ailo.fr\/site-saint-sauveur\/"]}]},{"@type":"BreadcrumbList","@id":"https:\/\/ailo.fr\/site-saint-sauveur\/#breadcrumb","itemListElement":[{"@type":"ListItem","position":1,"name":"Accueil","item":"https:\/\/ailo.fr\/"},{"@type":"ListItem","position":2,"name":"Site Saint-Sauveur"}]},{"@type":"WebSite","@id":"https:\/\/ailo.fr\/#website","url":"https:\/\/ailo.fr\/","name":"A.I.L.O it pronounces Hello","description":"Art Immersive Luminous and Obscure","publisher":{"@id":"https:\/\/ailo.fr\/#organization"},"potentialAction":[{"@type":"SearchAction","target":{"@type":"EntryPoint","urlTemplate":"https:\/\/ailo.fr\/?s={search_term_string}"},"query-input":{"@type":"PropertyValueSpecification","valueRequired":true,"valueName":"search_term_string"}}],"inLanguage":"en-GB"},{"@type":"Organization","@id":"https:\/\/ailo.fr\/#organization","name":"AILO","url":"https:\/\/ailo.fr\/","logo":{"@type":"ImageObject","inLanguage":"en-GB","@id":"https:\/\/ailo.fr\/#\/schema\/logo\/image\/","url":"https:\/\/ailo.fr\/wp-content\/uploads\/2016\/10\/logolight-WEB.gif","contentUrl":"https:\/\/ailo.fr\/wp-content\/uploads\/2016\/10\/logolight-WEB.gif","width":177,"height":177,"caption":"AILO"},"image":{"@id":"https:\/\/ailo.fr\/#\/schema\/logo\/image\/"},"sameAs":["https:\/\/www.facebook.com\/profile.php?id=100013094883937","https:\/\/www.instagram.com\/ailoatelier\/"]}]}},"_links":{"self":[{"href":"https:\/\/ailo.fr\/en\/wp-json\/wp\/v2\/pages\/1666","targetHints":{"allow":["GET"]}}],"collection":[{"href":"https:\/\/ailo.fr\/en\/wp-json\/wp\/v2\/pages"}],"about":[{"href":"https:\/\/ailo.fr\/en\/wp-json\/wp\/v2\/types\/page"}],"author":[{"embeddable":true,"href":"https:\/\/ailo.fr\/en\/wp-json\/wp\/v2\/users\/1"}],"replies":[{"embeddable":true,"href":"https:\/\/ailo.fr\/en\/wp-json\/wp\/v2\/comments?post=1666"}],"version-history":[{"count":0,"href":"https:\/\/ailo.fr\/en\/wp-json\/wp\/v2\/pages\/1666\/revisions"}],"wp:attachment":[{"href":"https:\/\/ailo.fr\/en\/wp-json\/wp\/v2\/media?parent=1666"}],"curies":[{"name":"wp","href":"https:\/\/api.w.org\/{rel}","templated":true}]}}